{"id":266,"date":"2025-05-11T18:47:03","date_gmt":"2025-05-11T16:47:03","guid":{"rendered":"http:\/\/espacedeseaux.com\/?page_id=266"},"modified":"2025-05-21T12:07:46","modified_gmt":"2025-05-21T10:07:46","slug":"solutions","status":"publish","type":"page","link":"https:\/\/www.espacedeseaux.com\/?page_id=266","title":{"rendered":"Solutions"},"content":{"rendered":"\n<div class=\"slider-wrapper relative\" id=\"slider-730786666\" >\n    <div class=\"slider slider-nav-circle slider-nav-large slider-nav-light slider-style-normal\"\n        data-flickity-options='{\n            \"cellAlign\": \"center\",\n            \"imagesLoaded\": true,\n            \"lazyLoad\": 1,\n            \"freeScroll\": false,\n            \"wrapAround\": true,\n            \"autoPlay\": 6000,\n            \"pauseAutoPlayOnHover\" : true,\n            \"prevNextButtons\": true,\n            \"contain\" : true,\n            \"adaptiveHeight\" : true,\n            \"dragThreshold\" : 10,\n            \"percentPosition\": true,\n            \"pageDots\": true,\n            \"rightToLeft\": false,\n            \"draggable\": true,\n            \"selectedAttraction\": 0.1,\n            \"parallax\" : 0,\n            \"friction\": 0.6        }'\n        >\n        \n\n\n  <div class=\"banner has-hover\" id=\"banner-1827153533\">\n          <div class=\"banner-inner fill\">\n        <div class=\"banner-bg fill\" >\n            <img loading=\"lazy\" decoding=\"async\" width=\"1024\" height=\"1024\" src=\"https:\/\/espacedeseaux.com\/wp-content\/uploads\/2025\/05\/Slide-1-slolution.png\" class=\"bg attachment-original size-original\" alt=\"\" \/>                                    \n                    <\/div>\n\t\t\n        <div class=\"banner-layers container\">\n            <div class=\"fill banner-link\"><\/div>            \n\n   <div id=\"text-box-715551723\" class=\"text-box banner-layer x5 md-x5 lg-x5 y95 md-y50 lg-y50 res-text\">\n                                <div class=\"text-box-content text box-shadow-1\">\n              \n              <div class=\"text-inner text-left\">\n                  \n\n<h6>Espace des eaux<\/h6>\n<h3 class=\"uppercase\">Nos Solutions<\/h3>\n<p style=\"text-align: justify;\">Chez Espace des Eaux, nous allons bien au-del\u00e0 de la fourniture d\u2019\u00e9quipements. Nous vous proposons un accompagnement complet pour donner vie \u00e0 vos projets, quels que soient leur taille, leur nature ou leur niveau de technicit\u00e9. De l\u2019id\u00e9e initiale \u00e0 la mise en service, nous mettons notre expertise au service de vos ambitions.<\/p>\n\n\n              <\/div>\n           <\/div>\n                            \n<style>\n#text-box-715551723 .text-box-content {\n  background-color: rgba(255, 255, 255, 0.94);\n  font-size: 100%;\n}\n#text-box-715551723 .text-inner {\n  padding: 30px 30px 30px 30px;\n}\n#text-box-715551723 {\n  width: 90%;\n}\n@media (min-width:550px) {\n  #text-box-715551723 {\n    width: 36%;\n  }\n}\n<\/style>\n    <\/div>\n \n\n        <\/div>\n      <\/div>\n\n            \n<style>\n#banner-1827153533 {\n  padding-top: 637px;\n}\n#banner-1827153533 .banner-bg img {\n  object-position: 62% 60%;\n}\n<\/style>\n  <\/div>\n\n\n\n     <\/div>\n\n     <div class=\"loading-spin dark large centered\"><\/div>\n\n\t<\/div>\n\n\n\n\t<section class=\"section\" id=\"section_262465735\">\n\t\t<div class=\"section-bg fill\" >\n\t\t\t\t\t\t\t\t\t<div class=\"section-bg-overlay absolute fill\"><\/div>\n\t\t\t\n\n\t\t<\/div>\n\n\t\t\n\n\t\t<div class=\"section-content relative\">\n\t\t\t\n\n<div class=\"row row-large align-middle\"  id=\"row-1426018699\">\n\n\n\t<div id=\"col-634112658\" class=\"col medium-6 small-12 large-6\"  >\n\t\t\t\t<div class=\"col-inner text-left\"  >\n\t\t\t\n\t\t\t\n\n<h2 class=\"uppercase\">Conception &amp; \u00c9tude de projets<\/h2>\n<p class=\"\" style=\"text-align: justify;\" data-start=\"741\" data-end=\"930\">Chaque projet commence par une bonne compr\u00e9hension de vos besoins et contraintes.<br data-start=\"826\" data-end=\"829\" \/>Notre bureau d\u2019\u00e9tude vous accompagne dans la conception technique et esth\u00e9tique de votre projet :<\/p>\n<ul data-start=\"932\" data-end=\"1135\">\n<li class=\"\" data-start=\"932\" data-end=\"971\">\n<p class=\"\" data-start=\"934\" data-end=\"971\">Analyse du site et de l\u2019environnement<\/p>\n<\/li>\n<li class=\"\" data-start=\"972\" data-end=\"1039\">\n<p class=\"\" data-start=\"974\" data-end=\"1039\">Choix des technologies adapt\u00e9es (fontaines, pompage, irrigation\u2026)<\/p>\n<\/li>\n<li class=\"\" data-start=\"1040\" data-end=\"1081\">\n<p class=\"\" data-start=\"1042\" data-end=\"1081\">\u00c9tude de faisabilit\u00e9 et dimensionnement<\/p>\n<\/li>\n<li class=\"\" data-start=\"1082\" data-end=\"1135\">\n<p class=\"\" data-start=\"1084\" data-end=\"1135\">Maquettage, croquis ou rendus visuels si n\u00e9cessaire<\/p>\n<\/li>\n<\/ul>\n<p class=\"\" style=\"text-align: justify;\" data-start=\"1137\" data-end=\"1277\">Nous privil\u00e9gions une approche collaborative et personnalis\u00e9e, afin de vous proposer des solutions viables, esth\u00e9tiques et durables.<\/p>\n\n\n\t\t<\/div>\n\t\t\t\t\t<\/div>\n\n\t\n\n\t<div id=\"col-252937084\" class=\"col medium-6 small-12 large-6\"  >\n\t\t\t\t<div class=\"col-inner\"  >\n\t\t\t\n\t\t\t\n\n\t<div class=\"img has-hover x md-x lg-x y md-y lg-y\" id=\"image_1163332519\">\n\t\t\t\t\t\t\t\t<div class=\"img-inner box-shadow-2 dark\" >\n\t\t\t<img loading=\"lazy\" decoding=\"async\" width=\"1020\" height=\"678\" src=\"https:\/\/espacedeseaux.com\/wp-content\/uploads\/2025\/05\/Conception-Etude-de-projets-1203x800.png\" class=\"attachment-large size-large\" alt=\"\" srcset=\"https:\/\/espacedeseaux.com\/wp-content\/uploads\/2025\/05\/Conception-Etude-de-projets-1203x800.png 1203w, https:\/\/espacedeseaux.com\/wp-content\/uploads\/2025\/05\/Conception-Etude-de-projets-510x339.png 510w, https:\/\/espacedeseaux.com\/wp-content\/uploads\/2025\/05\/Conception-Etude-de-projets-601x400.png 601w, https:\/\/espacedeseaux.com\/wp-content\/uploads\/2025\/05\/Conception-Etude-de-projets-768x511.png 768w, https:\/\/espacedeseaux.com\/wp-content\/uploads\/2025\/05\/Conception-Etude-de-projets-1536x1022.png 1536w, https:\/\/espacedeseaux.com\/wp-content\/uploads\/2025\/05\/Conception-Etude-de-projets-2048x1362.png 2048w\" sizes=\"auto, (max-width: 1020px) 100vw, 1020px\" \/>\t\t\t\t\t\t\n\t\t\t\t\t<\/div>\n\t\t\t\t\t\t\t\t\n<style>\n#image_1163332519 {\n  width: 100%;\n}\n<\/style>\n\t<\/div>\n\t\n\n\n\t\t<\/div>\n\t\t\t\t\t<\/div>\n\n\t\n\n<\/div>\n\n\t\t<\/div>\n\n\t\t\n<style>\n#section_262465735 {\n  padding-top: 60px;\n  padding-bottom: 60px;\n  background-color: rgb(255, 255, 255);\n}\n#section_262465735 .section-bg-overlay {\n  background-color: rgba(255, 255, 255, 0.85);\n}\n<\/style>\n\t<\/section>\n\t\n\n\t<section class=\"section\" id=\"section_253036439\">\n\t\t<div class=\"section-bg fill\" >\n\t\t\t\t\t\t\t\t\t<div class=\"section-bg-overlay absolute fill\"><\/div>\n\t\t\t\n\t<div class=\"is-border\"\n\t\tstyle=\"border-width:1px 0px 1px 0px;\">\n\t<\/div>\n\n\t\t<\/div>\n\n\t\t\n\n\t\t<div class=\"section-content relative\">\n\t\t\t\n\n<div class=\"row row-large align-middle\"  id=\"row-1096610521\">\n\n\n\t<div id=\"col-1106006644\" class=\"col medium-6 small-12 large-6\"  >\n\t\t\t\t<div class=\"col-inner\"  >\n\t\t\t\n\t\t\t\n\n\t<div class=\"img has-hover x md-x lg-x y md-y lg-y\" id=\"image_13209723\">\n\t\t\t\t\t\t\t\t<div class=\"img-inner box-shadow-2 dark\" >\n\t\t\t<img loading=\"lazy\" decoding=\"async\" width=\"1020\" height=\"683\" src=\"https:\/\/espacedeseaux.com\/wp-content\/uploads\/2025\/05\/Vente-Installation-1194x800.png\" class=\"attachment-large size-large\" alt=\"\" srcset=\"https:\/\/espacedeseaux.com\/wp-content\/uploads\/2025\/05\/Vente-Installation-1194x800.png 1194w, https:\/\/espacedeseaux.com\/wp-content\/uploads\/2025\/05\/Vente-Installation-510x342.png 510w, https:\/\/espacedeseaux.com\/wp-content\/uploads\/2025\/05\/Vente-Installation-597x400.png 597w, https:\/\/espacedeseaux.com\/wp-content\/uploads\/2025\/05\/Vente-Installation-768x514.png 768w, https:\/\/espacedeseaux.com\/wp-content\/uploads\/2025\/05\/Vente-Installation.png 1296w\" sizes=\"auto, (max-width: 1020px) 100vw, 1020px\" \/>\t\t\t\t\t\t\n\t\t\t\t\t<\/div>\n\t\t\t\t\t\t\t\t\n<style>\n#image_13209723 {\n  width: 100%;\n}\n<\/style>\n\t<\/div>\n\t\n\n\n\t\t<\/div>\n\t\t\t\t\t<\/div>\n\n\t\n\n\t<div id=\"col-697725347\" class=\"col medium-6 small-12 large-6\"  >\n\t\t\t\t<div class=\"col-inner text-left\"  >\n\t\t\t\n\t\t\t\n\n<h2 class=\"uppercase\">Vente &amp; Installation<\/h2>\n<p class=\"\" style=\"text-align: justify;\" data-start=\"1317\" data-end=\"1493\">Gr\u00e2ce \u00e0 notre r\u00e9seau de partenaires internationaux de confiance (OASE, Hunter, Calpeda, Astralpool\u2026), nous mettons \u00e0 votre disposition des \u00e9quipements de haute qualit\u00e9.<\/p>\n<ul>\n<li data-start=\"1495\" data-end=\"1529\">Nos techniciens assurent ensuite :<br \/>L\u2019installation sur site<\/li>\n<li>Le r\u00e9glage des syst\u00e8mes (pompes, arrosage, \u00e9clairage\u2026)<\/li>\n<li>Les tests de fonctionnement<\/li>\n<li>La mise en service compl\u00e8te du projet<\/li>\n<\/ul>\n<p class=\"\" style=\"text-align: justify;\" data-start=\"1684\" data-end=\"1806\">Tout est pris en charge pour garantir un r\u00e9sultat fiable, s\u00e9curis\u00e9 et esth\u00e9tique, dans le respect des d\u00e9lais annonc\u00e9s.<\/p>\n\n\t\t<\/div>\n\t\t\t\t\t<\/div>\n\n\t\n\n<\/div>\n\n\t\t<\/div>\n\n\t\t\n<style>\n#section_253036439 {\n  padding-top: 60px;\n  padding-bottom: 60px;\n  background-color: rgb(193, 193, 193);\n}\n#section_253036439 .section-bg-overlay {\n  background-color: rgba(255, 255, 255, 0.85);\n}\n<\/style>\n\t<\/section>\n\t\n\n\t<section class=\"section\" id=\"section_1479290634\">\n\t\t<div class=\"section-bg fill\" >\n\t\t\t\t\t\t\t\t\t\n\t\t\t\n\n\t\t<\/div>\n\n\t\t\n\n\t\t<div class=\"section-content relative\">\n\t\t\t\n\n<div class=\"row\"  id=\"row-226160996\">\n\n\n\t<div id=\"col-804128272\" class=\"col medium-4 small-12 large-4\"  >\n\t\t\t\t<div class=\"col-inner\"  >\n\t\t\t\n\t\t\t\n\n<h3>Expertise technique &amp; Conseil<\/h3>\n<p class=\"\" data-start=\"1854\" data-end=\"1985\">Face \u00e0 la diversit\u00e9 des technologies et des environnements, notre valeur ajout\u00e9e r\u00e9side aussi dans <strong data-start=\"1953\" data-end=\"1983\">notre savoir-faire terrain<\/strong> :<\/p>\n<ul data-start=\"1987\" data-end=\"2203\">\n<li class=\"\" data-start=\"1987\" data-end=\"2031\">\n<p class=\"\" data-start=\"1989\" data-end=\"2031\">Diagnostic de vos installations existantes<\/p>\n<\/li>\n<li class=\"\" data-start=\"2032\" data-end=\"2105\">\n<p class=\"\" data-start=\"2034\" data-end=\"2105\">Conseils techniques pour am\u00e9liorer les performances ou \u00e9conomiser l\u2019eau<\/p>\n<\/li>\n<li class=\"\" data-start=\"2106\" data-end=\"2147\">\n<p class=\"\" data-start=\"2108\" data-end=\"2147\">Mise \u00e0 niveau d\u2019anciennes installations<\/p>\n<\/li>\n<li class=\"\" data-start=\"2148\" data-end=\"2203\">\n<p class=\"\" data-start=\"2150\" data-end=\"2203\">S\u00e9lection de solutions adapt\u00e9es aux normes en vigueur<\/p>\n<\/li>\n<\/ul>\n<p class=\"\" data-start=\"2205\" data-end=\"2332\">Que vous soyez un particulier, une collectivit\u00e9 ou une entreprise, nous adaptons notre accompagnement \u00e0 vos enjeux sp\u00e9cifiques.<\/p>\n\n\t\t<\/div>\n\t\t\t\t\t<\/div>\n\n\t\n\n\t<div id=\"col-2041479805\" class=\"col medium-4 small-12 large-4\"  >\n\t\t\t\t<div class=\"col-inner\"  >\n\t\t\t\n\t\t\t\n\n<h3>Service Apr\u00e8s-Vente &amp; Maintenance<\/h3>\n<p class=\"\" data-start=\"2384\" data-end=\"2498\">Parce qu\u2019un bon projet se mesure aussi dans le temps, nous assurons un <strong data-start=\"2455\" data-end=\"2496\">service apr\u00e8s-vente r\u00e9actif et fiable<\/strong> :<\/p>\n<ul data-start=\"2500\" data-end=\"2647\">\n<li class=\"\" data-start=\"2500\" data-end=\"2538\">\n<p class=\"\" data-start=\"2502\" data-end=\"2538\">Entretien r\u00e9gulier des installations<\/p>\n<\/li>\n<li class=\"\" data-start=\"2539\" data-end=\"2574\">\n<p class=\"\" data-start=\"2541\" data-end=\"2574\">D\u00e9pannage rapide en cas de besoin<\/p>\n<\/li>\n<li class=\"\" data-start=\"2575\" data-end=\"2607\">\n<p class=\"\" data-start=\"2577\" data-end=\"2607\">Fourniture de pi\u00e8ces d\u00e9tach\u00e9es<\/p>\n<\/li>\n<li class=\"\" data-start=\"2608\" data-end=\"2647\">\n<p class=\"\" data-start=\"2610\" data-end=\"2647\">Contrats de maintenance personnalis\u00e9s<\/p>\n<\/li>\n<\/ul>\n<p class=\"\" data-start=\"2649\" data-end=\"2777\">Notre \u00e9quipe reste disponible bien <strong data-start=\"2684\" data-end=\"2712\">apr\u00e8s la mise en service<\/strong>, pour assurer la long\u00e9vit\u00e9 et la performance de vos \u00e9quipements.<\/p>\n\n\t\t<\/div>\n\t\t\t\t\t<\/div>\n\n\t\n\n\t<div id=\"col-733665113\" class=\"col medium-4 small-12 large-4\"  >\n\t\t\t\t<div class=\"col-inner\"  >\n\t\t\t\n\t\t\t\n\n<h3>Pourquoi choisir Espace des Eaux ?<\/h3>\n<p>\u2705 Expertise technique multi-domaines : fontaines, irrigation, pompage, assainissement, piscine.<\/p>\n<p>\u2705 Solutions sur mesure, cl\u00e9 en main.<\/p>\n<p><br \/>\u2705 \u00c9quipements haut de gamme, s\u00e9lectionn\u00e9s chez les meilleurs fabricants.<\/p>\n<p><br \/>\u2705 R\u00e9activit\u00e9, proximit\u00e9 et accompagnement personnalis\u00e9<\/p>\n\n\t\t<\/div>\n\t\t\t\t\t<\/div>\n\n\t\n\n<\/div>\n\n\t\t<\/div>\n\n\t\t\n<style>\n#section_1479290634 {\n  padding-top: 30px;\n  padding-bottom: 30px;\n}\n<\/style>\n\t<\/section>\n\t\n\n","protected":false},"excerpt":{"rendered":"","protected":false},"author":1,"featured_media":14,"parent":0,"menu_order":4,"comment_status":"closed","ping_status":"closed","template":"page-blank.php","meta":{"footnotes":""},"class_list":["post-266","page","type-page","status-publish","has-post-thumbnail","hentry"],"_links":{"self":[{"href":"https:\/\/www.espacedeseaux.com\/index.php?rest_route=\/wp\/v2\/pages\/266","targetHints":{"allow":["GET"]}}],"collection":[{"href":"https:\/\/www.espacedeseaux.com\/index.php?rest_route=\/wp\/v2\/pages"}],"about":[{"href":"https:\/\/www.espacedeseaux.com\/index.php?rest_route=\/wp\/v2\/types\/page"}],"author":[{"embeddable":true,"href":"https:\/\/www.espacedeseaux.com\/index.php?rest_route=\/wp\/v2\/users\/1"}],"replies":[{"embeddable":true,"href":"https:\/\/www.espacedeseaux.com\/index.php?rest_route=%2Fwp%2Fv2%2Fcomments&post=266"}],"version-history":[{"count":8,"href":"https:\/\/www.espacedeseaux.com\/index.php?rest_route=\/wp\/v2\/pages\/266\/revisions"}],"predecessor-version":[{"id":993,"href":"https:\/\/www.espacedeseaux.com\/index.php?rest_route=\/wp\/v2\/pages\/266\/revisions\/993"}],"wp:featuredmedia":[{"embeddable":true,"href":"https:\/\/www.espacedeseaux.com\/index.php?rest_route=\/wp\/v2\/media\/14"}],"wp:attachment":[{"href":"https:\/\/www.espacedeseaux.com\/index.php?rest_route=%2Fwp%2Fv2%2Fmedia&parent=266"}],"curies":[{"name":"wp","href":"https:\/\/api.w.org\/{rel}","templated":true}]}}