{"id":278,"date":"2025-05-11T18:48:06","date_gmt":"2025-05-11T16:48:06","guid":{"rendered":"http:\/\/espacedeseaux.com\/?page_id=278"},"modified":"2025-05-21T16:01:48","modified_gmt":"2025-05-21T14:01:48","slug":"seminaires-foires","status":"publish","type":"page","link":"https:\/\/www.espacedeseaux.com\/?page_id=278","title":{"rendered":"S\u00e9minaires &#038; Foires"},"content":{"rendered":"\n<div class=\"slider-wrapper relative\" id=\"slider-2123676682\" >\n    <div class=\"slider slider-nav-circle slider-nav-large slider-nav-light slider-style-normal\"\n        data-flickity-options='{\n            \"cellAlign\": \"center\",\n            \"imagesLoaded\": true,\n            \"lazyLoad\": 1,\n            \"freeScroll\": false,\n            \"wrapAround\": true,\n            \"autoPlay\": 6000,\n            \"pauseAutoPlayOnHover\" : true,\n            \"prevNextButtons\": true,\n            \"contain\" : true,\n            \"adaptiveHeight\" : true,\n            \"dragThreshold\" : 10,\n            \"percentPosition\": true,\n            \"pageDots\": true,\n            \"rightToLeft\": false,\n            \"draggable\": true,\n            \"selectedAttraction\": 0.1,\n            \"parallax\" : 0,\n            \"friction\": 0.6        }'\n        >\n        \n\n\n  <div class=\"banner has-hover\" id=\"banner-276360139\">\n          <div class=\"banner-inner fill\">\n        <div class=\"banner-bg fill\" >\n            <img loading=\"lazy\" decoding=\"async\" width=\"700\" height=\"427\" src=\"https:\/\/espacedeseaux.com\/wp-content\/uploads\/2025\/05\/MediBAT-2025.jpg\" class=\"bg attachment-original size-original\" alt=\"\" \/>                                    \n                    <\/div>\n\t\t\n        <div class=\"banner-layers container\">\n            <div class=\"fill banner-link\"><\/div>            \n\n\n        <\/div>\n      <\/div>\n\n            \n<style>\n#banner-276360139 {\n  padding-top: 50%;\n}\n#banner-276360139 .banner-bg img {\n  object-position: 62% 60%;\n}\n<\/style>\n  <\/div>\n\n\n\n     <\/div>\n\n     <div class=\"loading-spin dark large centered\"><\/div>\n\n\t<\/div>\n\n\n\n\t<section class=\"section\" id=\"section_8596145\">\n\t\t<div class=\"section-bg fill\" >\n\t\t\t\t\t\t\t\t\t<div class=\"section-bg-overlay absolute fill\"><\/div>\n\t\t\t\n\n\t\t<\/div>\n\n\t\t\n\n\t\t<div class=\"section-content relative\">\n\t\t\t\n\n<div class=\"row row-large align-middle\"  id=\"row-776731333\">\n\n\n\t<div id=\"col-1384449344\" class=\"col medium-6 small-12 large-6\"  >\n\t\t\t\t<div class=\"col-inner\"  >\n\t\t\t\n\t\t\t\n\n<div class=\"container section-title-container\" ><h4 class=\"section-title section-title-center\"><b aria-hidden=\"true\"><\/b><span class=\"section-title-main\" >Retrouvez-nous au Salon MEDIBAT 2025 \u00e0 Sfax !<\/span><b aria-hidden=\"true\"><\/b><\/h4><\/div>\n\n\t<div class=\"img has-hover x md-x lg-x y md-y lg-y\" id=\"image_83715639\">\n\t\t\t\t\t\t\t\t<div class=\"img-inner box-shadow-2 dark\" >\n\t\t\t<img loading=\"lazy\" decoding=\"async\" width=\"1020\" height=\"574\" src=\"https:\/\/espacedeseaux.com\/wp-content\/uploads\/2025\/05\/SIMULATION-STAND-2-1400x788.png\" class=\"attachment-large size-large\" alt=\"\" srcset=\"https:\/\/espacedeseaux.com\/wp-content\/uploads\/2025\/05\/SIMULATION-STAND-2-1400x788.png 1400w, https:\/\/espacedeseaux.com\/wp-content\/uploads\/2025\/05\/SIMULATION-STAND-2-510x287.png 510w, https:\/\/espacedeseaux.com\/wp-content\/uploads\/2025\/05\/SIMULATION-STAND-2-711x400.png 711w, https:\/\/espacedeseaux.com\/wp-content\/uploads\/2025\/05\/SIMULATION-STAND-2-768x432.png 768w, https:\/\/espacedeseaux.com\/wp-content\/uploads\/2025\/05\/SIMULATION-STAND-2-1536x864.png 1536w, https:\/\/espacedeseaux.com\/wp-content\/uploads\/2025\/05\/SIMULATION-STAND-2.png 1920w\" sizes=\"auto, (max-width: 1020px) 100vw, 1020px\" \/>\t\t\t\t\t\t\n\t\t\t\t\t<\/div>\n\t\t\t\t\t\t\t\t\n<style>\n#image_83715639 {\n  width: 100%;\n}\n<\/style>\n\t<\/div>\n\t\n\n<blockquote>\n<p>\ud83c\udf81 <strong data-start=\"917\" data-end=\"940\">Surprise au stand !<\/strong> Des d\u00e9monstrations exclusives et offres sp\u00e9ciales seront propos\u00e9es uniquement aux visiteurs du salon.<\/p>\n<\/blockquote>\n\n\t\t<\/div>\n\t\t\t\t\t<\/div>\n\n\t\n\n\t<div id=\"col-1441805564\" class=\"col medium-6 small-12 large-6\"  >\n\t\t\t\t<div class=\"col-inner text-left\"  >\n\t\t\t\n\t\t\t\n\n<p class=\"\" data-start=\"239\" data-end=\"416\">Espace des Eaux a le plaisir de vous annoncer sa participation \u00e0 la <strong data-start=\"307\" data-end=\"367\">18e \u00e9dition du Salon M\u00e9diterran\u00e9en du B\u00e2timent \u2013 MEDIBAT<\/strong>, qui se tiendra \u00e0 <strong data-start=\"386\" data-end=\"415\">Sfax du 21 au 24 mai 2025<\/strong>.<\/p>\n<p class=\"\" data-start=\"418\" data-end=\"475\">\ud83d\udccd <strong data-start=\"421\" data-end=\"475\">Stand \u00e0 droite de l&rsquo;entr\u00e9e principale au B\u00e2timent 4\u00a0\u2013 Parc des Expositions de Sfax<\/strong><\/p>\n<p class=\"\" data-start=\"477\" data-end=\"547\">Venez d\u00e9couvrir nos derni\u00e8res innovations dans les domaines suivants :<\/p>\n<ul data-start=\"548\" data-end=\"714\">\n<li class=\"\" data-start=\"548\" data-end=\"584\">\n<p class=\"\" data-start=\"550\" data-end=\"584\">Fontaines d\u00e9coratives et musicales<\/p>\n<\/li>\n<li class=\"\" data-start=\"585\" data-end=\"626\">\n<p class=\"\" data-start=\"587\" data-end=\"626\">Syst\u00e8mes d\u2019irrigation paysag\u00e8re et golf<\/p>\n<\/li>\n<li class=\"\" data-start=\"627\" data-end=\"666\">\n<p class=\"\" data-start=\"629\" data-end=\"666\">Pompage, surpression &amp; assainissement<\/p>\n<\/li>\n<li class=\"\" data-start=\"667\" data-end=\"714\">\n<p class=\"\" data-start=\"669\" data-end=\"714\">Solutions pour piscines et jardins aquatiques<\/p>\n<\/li>\n<\/ul>\n<p class=\"\" data-start=\"716\" data-end=\"910\">Nos experts seront pr\u00e9sents pour :<br \/>\u2705 Vous conseiller selon vos projets<br data-start=\"786\" data-end=\"789\" \/>\u2705 Pr\u00e9senter nos r\u00e9alisations et technologies<br data-start=\"833\" data-end=\"836\" \/>\u2705 \u00c9changer sur vos besoins en am\u00e9nagement, arrosage ou traitement de l\u2019eau<\/p>\n\n\t\t<\/div>\n\t\t\t\t\t<\/div>\n\n\t\n\n<\/div>\n\n\t\t<\/div>\n\n\t\t\n<style>\n#section_8596145 {\n  padding-top: 60px;\n  padding-bottom: 60px;\n  background-color: rgb(255, 255, 255);\n}\n#section_8596145 .section-bg-overlay {\n  background-color: rgba(255, 255, 255, 0.85);\n}\n<\/style>\n\t<\/section>\n\t\n\n","protected":false},"excerpt":{"rendered":"","protected":false},"author":1,"featured_media":14,"parent":0,"menu_order":6,"comment_status":"closed","ping_status":"closed","template":"page-blank.php","meta":{"footnotes":""},"class_list":["post-278","page","type-page","status-publish","has-post-thumbnail","hentry"],"_links":{"self":[{"href":"https:\/\/www.espacedeseaux.com\/index.php?rest_route=\/wp\/v2\/pages\/278","targetHints":{"allow":["GET"]}}],"collection":[{"href":"https:\/\/www.espacedeseaux.com\/index.php?rest_route=\/wp\/v2\/pages"}],"about":[{"href":"https:\/\/www.espacedeseaux.com\/index.php?rest_route=\/wp\/v2\/types\/page"}],"author":[{"embeddable":true,"href":"https:\/\/www.espacedeseaux.com\/index.php?rest_route=\/wp\/v2\/users\/1"}],"replies":[{"embeddable":true,"href":"https:\/\/www.espacedeseaux.com\/index.php?rest_route=%2Fwp%2Fv2%2Fcomments&post=278"}],"version-history":[{"count":5,"href":"https:\/\/www.espacedeseaux.com\/index.php?rest_route=\/wp\/v2\/pages\/278\/revisions"}],"predecessor-version":[{"id":1018,"href":"https:\/\/www.espacedeseaux.com\/index.php?rest_route=\/wp\/v2\/pages\/278\/revisions\/1018"}],"wp:featuredmedia":[{"embeddable":true,"href":"https:\/\/www.espacedeseaux.com\/index.php?rest_route=\/wp\/v2\/media\/14"}],"wp:attachment":[{"href":"https:\/\/www.espacedeseaux.com\/index.php?rest_route=%2Fwp%2Fv2%2Fmedia&parent=278"}],"curies":[{"name":"wp","href":"https:\/\/api.w.org\/{rel}","templated":true}]}}