{"id":300,"date":"2025-05-11T20:03:26","date_gmt":"2025-05-11T18:03:26","guid":{"rendered":"http:\/\/espacedeseaux.com\/?page_id=300"},"modified":"2025-05-21T15:41:15","modified_gmt":"2025-05-21T13:41:15","slug":"jardin-aquatique","status":"publish","type":"page","link":"https:\/\/www.espacedeseaux.com\/?page_id=300","title":{"rendered":"Jardin aquatique"},"content":{"rendered":"\n<div class=\"slider-wrapper relative\" id=\"slider-1302106708\" >\n    <div class=\"slider slider-nav-circle slider-nav-large slider-nav-light slider-style-normal\"\n        data-flickity-options='{\n            \"cellAlign\": \"center\",\n            \"imagesLoaded\": true,\n            \"lazyLoad\": 1,\n            \"freeScroll\": false,\n            \"wrapAround\": true,\n            \"autoPlay\": 6000,\n            \"pauseAutoPlayOnHover\" : true,\n            \"prevNextButtons\": true,\n            \"contain\" : true,\n            \"adaptiveHeight\" : true,\n            \"dragThreshold\" : 10,\n            \"percentPosition\": true,\n            \"pageDots\": true,\n            \"rightToLeft\": false,\n            \"draggable\": true,\n            \"selectedAttraction\": 0.1,\n            \"parallax\" : 0,\n            \"friction\": 0.6        }'\n        >\n        \n\n\n  <div class=\"banner has-hover\" id=\"banner-1817954604\">\n          <div class=\"banner-inner fill\">\n        <div class=\"banner-bg fill\" >\n            <img loading=\"lazy\" decoding=\"async\" width=\"2136\" height=\"1416\" src=\"https:\/\/espacedeseaux.com\/wp-content\/uploads\/2025\/05\/Slide-1-Jardin-aquatique.png\" class=\"bg attachment-original size-original\" alt=\"\" \/>                                    \n                    <\/div>\n\t\t\n        <div class=\"banner-layers container\">\n            <div class=\"fill banner-link\"><\/div>            \n\n   <div id=\"text-box-1033541189\" class=\"text-box banner-layer x0 md-x0 lg-x0 y95 md-y50 lg-y50 res-text\">\n                                <div class=\"text-box-content text box-shadow-1\">\n              \n              <div class=\"text-inner text-left\">\n                  \n\n<h6>Espace des eaux<\/h6>\n<h3 class=\"uppercase\">Jardin aquatique<\/h3>\n<p style=\"text-align: justify;\">Transformez vos jardins en v\u00e9ritables oasis gr\u00e2ce \u00e0 nos solutions de <strong data-start=\"270\" data-end=\"317\">jardins aquatiques d\u00e9coratifs et techniques<\/strong>. Espace des Eaux vous accompagne dans la <strong data-start=\"359\" data-end=\"433\">cr\u00e9ation et l\u2019entretien de bassins, cascades, ruisseaux et plans d\u2019eau<\/strong>, alliant esth\u00e9tique, s\u00e9r\u00e9nit\u00e9 et fonctionnalit\u00e9.<\/p>\n\n              <\/div>\n           <\/div>\n                            \n<style>\n#text-box-1033541189 .text-box-content {\n  background-color: rgba(255, 255, 255, 0.94);\n  font-size: 100%;\n}\n#text-box-1033541189 .text-inner {\n  padding: 30px 30px 30px 30px;\n}\n#text-box-1033541189 {\n  width: 90%;\n}\n@media (min-width:550px) {\n  #text-box-1033541189 {\n    width: 27%;\n  }\n}\n<\/style>\n    <\/div>\n \n\n        <\/div>\n      <\/div>\n\n            \n<style>\n#banner-1817954604 {\n  padding-top: 50%;\n}\n#banner-1817954604 .banner-bg img {\n  object-position: 14% 89%;\n}\n<\/style>\n  <\/div>\n\n\n\n  <div class=\"banner has-hover\" id=\"banner-632560560\">\n          <div class=\"banner-inner fill\">\n        <div class=\"banner-bg fill\" >\n            <img loading=\"lazy\" decoding=\"async\" width=\"1020\" height=\"679\" src=\"https:\/\/espacedeseaux.com\/wp-content\/uploads\/2025\/05\/Slide-2-Jardin-aquatique-1202x800.png\" class=\"bg attachment-large size-large\" alt=\"\" \/>                                    \n                    <\/div>\n\t\t\n        <div class=\"banner-layers container\">\n            <div class=\"fill banner-link\"><\/div>            \n\n   <div id=\"text-box-1914110163\" class=\"text-box banner-layer x0 md-x0 lg-x0 y95 md-y50 lg-y50 res-text\">\n                                <div class=\"text-box-content text box-shadow-1\">\n              \n              <div class=\"text-inner text-left\">\n                  \n\n<h6>Espace des eaux<\/h6>\n<h3 class=\"uppercase\">Jardin aquatique<\/h3>\n<p style=\"text-align: justify;\">Transformez vos jardins en v\u00e9ritables oasis gr\u00e2ce \u00e0 nos solutions de <strong data-start=\"270\" data-end=\"317\">jardins aquatiques d\u00e9coratifs et techniques<\/strong>. Espace des Eaux vous accompagne dans la <strong data-start=\"359\" data-end=\"433\">cr\u00e9ation et l\u2019entretien de bassins, cascades, ruisseaux et plans d\u2019eau<\/strong>, alliant esth\u00e9tique, s\u00e9r\u00e9nit\u00e9 et fonctionnalit\u00e9.<\/p>\n\n              <\/div>\n           <\/div>\n                            \n<style>\n#text-box-1914110163 .text-box-content {\n  background-color: rgba(255, 255, 255, 0.94);\n  font-size: 100%;\n}\n#text-box-1914110163 .text-inner {\n  padding: 30px 30px 30px 30px;\n}\n#text-box-1914110163 {\n  width: 90%;\n}\n@media (min-width:550px) {\n  #text-box-1914110163 {\n    width: 27%;\n  }\n}\n<\/style>\n    <\/div>\n \n\n        <\/div>\n      <\/div>\n\n            \n<style>\n#banner-632560560 {\n  padding-top: 50%;\n}\n#banner-632560560 .banner-bg img {\n  object-position: 50% 100%;\n}\n<\/style>\n  <\/div>\n\n\n\n     <\/div>\n\n     <div class=\"loading-spin dark large centered\"><\/div>\n\n\t<\/div>\n\n\n\n\t<section class=\"section\" id=\"section_1747841107\">\n\t\t<div class=\"section-bg fill\" >\n\t\t\t\t\t\t\t\t\t<div class=\"section-bg-overlay absolute fill\"><\/div>\n\t\t\t\n\n\t\t<\/div>\n\n\t\t\n\n\t\t<div class=\"section-content relative\">\n\t\t\t\n\n<div class=\"row row-large align-middle\"  id=\"row-931576699\">\n\n\n\t<div id=\"col-1479062161\" class=\"col medium-6 small-12 large-6\"  >\n\t\t\t\t<div class=\"col-inner text-left\"  >\n\t\t\t\n\t\t\t\n\n<h3>Jardins Aquatiques \u2013 La nature en mouvement au c\u0153ur de vos espaces verts<\/h3>\n<p style=\"text-align: justify;\">Transformez vos jardins en v\u00e9ritables oasis gr\u00e2ce \u00e0 nos solutions de jardins aquatiques d\u00e9coratifs et techniques. Espace des Eaux vous accompagne dans la cr\u00e9ation et l\u2019entretien de bassins, cascades, ruisseaux et plans d\u2019eau, alliant esth\u00e9tique, s\u00e9r\u00e9nit\u00e9 et fonctionnalit\u00e9.<\/p>\n<ul>\n<li>Nous proposons une large gamme d\u2019\u00e9quipements sp\u00e9cialis\u00e9s :<\/li>\n<li>Pompes pour bassins, ajutages et jeux d\u2019eau<\/li>\n<li>\u00c9clairages LED (blanc ou RGB) pour une mise en valeur nocturne<\/li>\n<li>Filtres UV, aspirateurs, et syst\u00e8mes de filtration pour une eau toujours claire<\/li>\n<li>Aquariums biOrb au design moderne, pour les espaces int\u00e9rieurs<\/li>\n<\/ul>\n<p style=\"text-align: justify;\">Chaque projet est con\u00e7u sur mesure, avec une attention particuli\u00e8re \u00e0 l\u2019int\u00e9gration paysag\u00e8re et \u00e0 l\u2019\u00e9quilibre \u00e9cologique de votre jardin.Apportez fra\u00eecheur, vie et harmonie \u00e0 vos ext\u00e9rieurs avec nos solutions de jardins aquatiques.<\/p>\n\n\t\t<\/div>\n\t\t\t\t\t<\/div>\n\n\t\n\n\t<div id=\"col-559411126\" class=\"col medium-6 small-12 large-6\"  >\n\t\t\t\t<div class=\"col-inner\"  >\n\t\t\t\n\t\t\t\n\n\t<div class=\"img has-hover x md-x lg-x y md-y lg-y\" id=\"image_656111061\">\n\t\t\t\t\t\t\t\t<div class=\"img-inner dark\" >\n\t\t\t<img loading=\"lazy\" decoding=\"async\" width=\"488\" height=\"488\" src=\"https:\/\/espacedeseaux.com\/wp-content\/uploads\/2025\/05\/EFFET-PORDUIT-WEB-18.jpg\" class=\"attachment-large size-large\" alt=\"\" srcset=\"https:\/\/espacedeseaux.com\/wp-content\/uploads\/2025\/05\/EFFET-PORDUIT-WEB-18.jpg 488w, https:\/\/espacedeseaux.com\/wp-content\/uploads\/2025\/05\/EFFET-PORDUIT-WEB-18-100x100.jpg 100w, https:\/\/espacedeseaux.com\/wp-content\/uploads\/2025\/05\/EFFET-PORDUIT-WEB-18-400x400.jpg 400w, https:\/\/espacedeseaux.com\/wp-content\/uploads\/2025\/05\/EFFET-PORDUIT-WEB-18-280x280.jpg 280w\" sizes=\"auto, (max-width: 488px) 100vw, 488px\" \/>\t\t\t\t\t\t\n\t\t\t\t\t<\/div>\n\t\t\t\t\t\t\t\t\n<style>\n#image_656111061 {\n  width: 100%;\n}\n<\/style>\n\t<\/div>\n\t\n\n<blockquote><p>Apportez fra\u00eecheur, vie et harmonie \u00e0 vos ext\u00e9rieurs avec nos solutions de jardins aquatiques.<\/p><\/blockquote>\n\n\n\t\t<\/div>\n\t\t\t\t\t<\/div>\n\n\t\n\n<\/div>\n\n\t\t<\/div>\n\n\t\t\n<style>\n#section_1747841107 {\n  padding-top: 60px;\n  padding-bottom: 60px;\n  background-color: rgb(193, 193, 193);\n}\n#section_1747841107 .section-bg-overlay {\n  background-color: rgba(255, 255, 255, 0.85);\n}\n<\/style>\n\t<\/section>\n\t\n\n\t<section class=\"section\" id=\"section_1587983138\">\n\t\t<div class=\"section-bg fill\" >\n\t\t\t\t\t\t\t\t\t<div class=\"section-bg-overlay absolute fill\"><\/div>\n\t\t\t\n\n\t\t<\/div>\n\n\t\t\n\n\t\t<div class=\"section-content relative\">\n\t\t\t\n\n<div class=\"row\"  id=\"row-429058602\">\n\n\n\t<div id=\"col-2134626333\" class=\"col small-12 large-12\"  >\n\t\t\t\t<div class=\"col-inner\"  >\n\t\t\t\n\t\t\t\n\n<div class=\"container section-title-container\" ><h3 class=\"section-title section-title-center\"><b aria-hidden=\"true\"><\/b><span class=\"section-title-main\" >Liste des cat\u00e9gories<\/span><b aria-hidden=\"true\"><\/b><\/h3><\/div>\n\n  <style>\n    #cats-155758475 .grid-col-1{height: 600px}\n    #cats-155758475 .grid-col-1-2{height: 300px}\n    #cats-155758475 .grid-col-1-3{height:200px}\n    #cats-155758475 .grid-col-2-3{height: 400px}\n    #cats-155758475 .grid-col-1-4{height: 150px}\n    #cats-155758475 .grid-col-3-4{height: 450px}\n\n\n        \/* Tablet *\/\n    @media (max-width: 850px){\n      #cats-155758475 .grid-col-1{height: 400px}\n      #cats-155758475 .grid-col-1-2{height: 200px}\n      #cats-155758475 .grid-col-1-3{height:133.33333333333px}\n      #cats-155758475 .grid-col-2-3{height: 266.66666666667px}\n      #cats-155758475 .grid-col-1-4{height: 100px}\n      #cats-155758475 .grid-col-3-4{height: 300px}\n    }\n    \n        \/* Mobile *\/\n    @media (max-width: 550px){\n      #cats-155758475 .grid-col-1{height: 400px}\n      #cats-155758475 .grid-col-1-2{height: 200px}\n      #cats-155758475 .grid-col-1-3{height:133.33333333333px}\n      #cats-155758475 .grid-col-2-3{height: 266.66666666667px}\n      #cats-155758475 .grid-col-1-4{height: 100px}\n      #cats-155758475 .grid-col-3-4{height: 300px}\n    }\n    \n\n  <\/style>\n  \n  \n    <div id=\"cats-155758475\" class=\"row row-small row-grid\" data-packery-options='{\"itemSelector\": \".col\", \"gutter\": 0, \"presentageWidth\" : true}'>\n\n  <div class=\"product-category col grid-col grid-col-1 large-6 medium-12\" data-animate=\"fadeInLeft\">\n            <div class=\"col-inner\">\n              <a aria-label=\"Acc\u00e9der \u00e0 la cat\u00e9gorie de produits AJUTAGES _ JARDIN AQUATIQUE\" href=\"https:\/\/www.espacedeseaux.com\/?product_cat=ajutages-_-jardin-aquatique\">                <div class=\"box box-category has-hover box-overlay dark box-text-middle \">\n                <div class=\"box-image\" >\n                  <div class=\"\" >\n                  <img loading=\"lazy\" decoding=\"async\" src=\"https:\/\/espacedeseaux.com\/wp-content\/uploads\/2025\/05\/EFFET-PORDUIT-WEB-17.jpg\" alt=\"AJUTAGES _ JARDIN AQUATIQUE\" width=\"300\" height=\"300\" \/>                  <div class=\"overlay\" style=\"background-color: rgba(38, 38, 38, 0.16)\"><\/div>                                    <\/div>\n                <\/div>\n                <div class=\"box-text text-center is-large\" >\n                  <div class=\"box-text-inner\">\n                      <h5 class=\"uppercase header-title\">\n                              AJUTAGES _ JARDIN AQUATIQUE                      <\/h5>\n                                            <p class=\"is-xsmall uppercase count show-on-hover hover-reveal reveal-small\">\n\t                      3 Produits                      <\/p>\n                                            \n                  <\/div>\n                <\/div>\n                <\/div>\n            <\/a>            <\/div>\n            <\/div><div class=\"product-category col grid-col grid-col-1-3 large-6 medium-6\" data-animate=\"fadeInLeft\">\n            <div class=\"col-inner\">\n              <a aria-label=\"Acc\u00e9der \u00e0 la cat\u00e9gorie de produits AQUARIUMS biOrb_JARDIN AQUATIQUE\" href=\"https:\/\/www.espacedeseaux.com\/?product_cat=aquariums-biorb_jardin-aquatique\">                <div class=\"box box-category has-hover box-overlay dark box-text-middle \">\n                <div class=\"box-image\" >\n                  <div class=\"\" >\n                  <img loading=\"lazy\" decoding=\"async\" src=\"https:\/\/espacedeseaux.com\/wp-content\/uploads\/2025\/05\/EFFET-PORDUIT-WEB-19-400x400.jpg\" alt=\"AQUARIUMS biOrb_JARDIN AQUATIQUE\" width=\"300\" height=\"300\" \/>                  <div class=\"overlay\" style=\"background-color: rgba(38, 38, 38, 0.16)\"><\/div>                                    <\/div>\n                <\/div>\n                <div class=\"box-text text-center is-large\" >\n                  <div class=\"box-text-inner\">\n                      <h5 class=\"uppercase header-title\">\n                              AQUARIUMS biOrb_JARDIN AQUATIQUE                      <\/h5>\n                                            <p class=\"is-xsmall uppercase count show-on-hover hover-reveal reveal-small\">\n\t                      4 Produits                      <\/p>\n                                            \n                  <\/div>\n                <\/div>\n                <\/div>\n            <\/a>            <\/div>\n            <\/div><div class=\"product-category col grid-col grid-col-1-3 large-3 medium-6\" data-animate=\"fadeInLeft\">\n            <div class=\"col-inner\">\n              <a aria-label=\"Acc\u00e9der \u00e0 la cat\u00e9gorie de produits FILTRES &amp; ASPIRATEURS DE BASSINS_JARDIN AQUATIQUE\" href=\"https:\/\/www.espacedeseaux.com\/?product_cat=filtres-aspirateurs-de-bassins_jardin-aquatique\">                <div class=\"box box-category has-hover box-overlay dark box-text-middle \">\n                <div class=\"box-image\" >\n                  <div class=\"\" >\n                  <img loading=\"lazy\" decoding=\"async\" src=\"https:\/\/espacedeseaux.com\/wp-content\/uploads\/2025\/05\/EFFET-PORDUIT-7.jpg\" alt=\"FILTRES &amp; ASPIRATEURS DE BASSINS_JARDIN AQUATIQUE\" width=\"300\" height=\"300\" \/>                  <div class=\"overlay\" style=\"background-color: rgba(38, 38, 38, 0.16)\"><\/div>                                    <\/div>\n                <\/div>\n                <div class=\"box-text text-center is-large\" >\n                  <div class=\"box-text-inner\">\n                      <h5 class=\"uppercase header-title\">\n                              FILTRES &amp; ASPIRATEURS DE BASSINS_JARDIN AQUATIQUE                      <\/h5>\n                                            <p class=\"is-xsmall uppercase count show-on-hover hover-reveal reveal-small\">\n\t                      4 Produits                      <\/p>\n                                            \n                  <\/div>\n                <\/div>\n                <\/div>\n            <\/a>            <\/div>\n            <\/div><div class=\"product-category col grid-col grid-col-1-3 large-3 medium-6\" data-animate=\"fadeInLeft\">\n            <div class=\"col-inner\">\n              <a aria-label=\"Acc\u00e9der \u00e0 la cat\u00e9gorie de produits POMPES_JARDIN AQUATIQUE\" href=\"https:\/\/www.espacedeseaux.com\/?product_cat=pompes_jardin-aquatique\">                <div class=\"box box-category has-hover box-overlay dark box-text-middle \">\n                <div class=\"box-image\" >\n                  <div class=\"\" >\n                  <img loading=\"lazy\" decoding=\"async\" src=\"https:\/\/espacedeseaux.com\/wp-content\/uploads\/2025\/05\/EFFET-PORDUIT-WEB-2-1069x800.png\" alt=\"POMPES_JARDIN AQUATIQUE\" width=\"300\" height=\"300\" \/>                  <div class=\"overlay\" style=\"background-color: rgba(38, 38, 38, 0.16)\"><\/div>                                    <\/div>\n                <\/div>\n                <div class=\"box-text text-center is-large\" >\n                  <div class=\"box-text-inner\">\n                      <h5 class=\"uppercase header-title\">\n                              POMPES_JARDIN AQUATIQUE                      <\/h5>\n                                            <p class=\"is-xsmall uppercase count show-on-hover hover-reveal reveal-small\">\n\t                      4 Produits                      <\/p>\n                                            \n                  <\/div>\n                <\/div>\n                <\/div>\n            <\/a>            <\/div>\n            <\/div><div class=\"product-category col grid-col grid-col-1-3 large-6 medium-6\" data-animate=\"fadeInLeft\">\n            <div class=\"col-inner\">\n              <a aria-label=\"Acc\u00e9der \u00e0 la cat\u00e9gorie de produits PROJECTEURS_JARDIN AQUATIQUE\" href=\"https:\/\/www.espacedeseaux.com\/?product_cat=projecteurs_jardin-aquatique\">                <div class=\"box box-category has-hover box-overlay dark box-text-middle \">\n                <div class=\"box-image\" >\n                  <div class=\"\" >\n                  <img loading=\"lazy\" decoding=\"async\" src=\"https:\/\/espacedeseaux.com\/wp-content\/uploads\/2025\/05\/EFFET-PORDUIT-WEB-6-601x400.png\" alt=\"PROJECTEURS_JARDIN AQUATIQUE\" width=\"300\" height=\"300\" \/>                  <div class=\"overlay\" style=\"background-color: rgba(38, 38, 38, 0.16)\"><\/div>                                    <\/div>\n                <\/div>\n                <div class=\"box-text text-center is-large\" >\n                  <div class=\"box-text-inner\">\n                      <h5 class=\"uppercase header-title\">\n                              PROJECTEURS_JARDIN AQUATIQUE                      <\/h5>\n                                            <p class=\"is-xsmall uppercase count show-on-hover hover-reveal reveal-small\">\n\t                      5 Produits                      <\/p>\n                                            \n                  <\/div>\n                <\/div>\n                <\/div>\n            <\/a>            <\/div>\n            <\/div><\/div>\n\n\n\t\t<\/div>\n\t\t\t\t\t<\/div>\n\n\t\n\n<\/div>\n\n\t\t<\/div>\n\n\t\t\n<style>\n#section_1587983138 {\n  padding-top: 60px;\n  padding-bottom: 60px;\n  background-color: rgb(255, 255, 255);\n}\n#section_1587983138 .section-bg-overlay {\n  background-color: rgba(255, 255, 255, 0.85);\n}\n<\/style>\n\t<\/section>\n\t\n\n","protected":false},"excerpt":{"rendered":"","protected":false},"author":1,"featured_media":913,"parent":297,"menu_order":2,"comment_status":"closed","ping_status":"closed","template":"page-blank.php","meta":{"footnotes":""},"class_list":["post-300","page","type-page","status-publish","has-post-thumbnail","hentry"],"_links":{"self":[{"href":"https:\/\/www.espacedeseaux.com\/index.php?rest_route=\/wp\/v2\/pages\/300","targetHints":{"allow":["GET"]}}],"collection":[{"href":"https:\/\/www.espacedeseaux.com\/index.php?rest_route=\/wp\/v2\/pages"}],"about":[{"href":"https:\/\/www.espacedeseaux.com\/index.php?rest_route=\/wp\/v2\/types\/page"}],"author":[{"embeddable":true,"href":"https:\/\/www.espacedeseaux.com\/index.php?rest_route=\/wp\/v2\/users\/1"}],"replies":[{"embeddable":true,"href":"https:\/\/www.espacedeseaux.com\/index.php?rest_route=%2Fwp%2Fv2%2Fcomments&post=300"}],"version-history":[{"count":13,"href":"https:\/\/www.espacedeseaux.com\/index.php?rest_route=\/wp\/v2\/pages\/300\/revisions"}],"predecessor-version":[{"id":955,"href":"https:\/\/www.espacedeseaux.com\/index.php?rest_route=\/wp\/v2\/pages\/300\/revisions\/955"}],"up":[{"embeddable":true,"href":"https:\/\/www.espacedeseaux.com\/index.php?rest_route=\/wp\/v2\/pages\/297"}],"wp:featuredmedia":[{"embeddable":true,"href":"https:\/\/www.espacedeseaux.com\/index.php?rest_route=\/wp\/v2\/media\/913"}],"wp:attachment":[{"href":"https:\/\/www.espacedeseaux.com\/index.php?rest_route=%2Fwp%2Fv2%2Fmedia&parent=300"}],"curies":[{"name":"wp","href":"https:\/\/api.w.org\/{rel}","templated":true}]}}