{"id":316,"date":"2025-05-11T20:00:10","date_gmt":"2025-05-11T18:00:10","guid":{"rendered":"http:\/\/espacedeseaux.com\/?page_id=316"},"modified":"2025-05-21T15:48:48","modified_gmt":"2025-05-21T13:48:48","slug":"irrigation-paysagere","status":"publish","type":"page","link":"https:\/\/www.espacedeseaux.com\/?page_id=316","title":{"rendered":"Irrigation Paysag\u00e8re"},"content":{"rendered":"\n<div class=\"slider-wrapper relative\" id=\"slider-511702385\" >\n    <div class=\"slider slider-nav-circle slider-nav-large slider-nav-light slider-style-normal\"\n        data-flickity-options='{\n            \"cellAlign\": \"center\",\n            \"imagesLoaded\": true,\n            \"lazyLoad\": 1,\n            \"freeScroll\": false,\n            \"wrapAround\": true,\n            \"autoPlay\": 6000,\n            \"pauseAutoPlayOnHover\" : true,\n            \"prevNextButtons\": true,\n            \"contain\" : true,\n            \"adaptiveHeight\" : true,\n            \"dragThreshold\" : 10,\n            \"percentPosition\": true,\n            \"pageDots\": true,\n            \"rightToLeft\": false,\n            \"draggable\": true,\n            \"selectedAttraction\": 0.1,\n            \"parallax\" : 0,\n            \"friction\": 0.6        }'\n        >\n        \n\n\n  <div class=\"banner has-hover\" id=\"banner-237841016\">\n          <div class=\"banner-inner fill\">\n        <div class=\"banner-bg fill\" >\n            <img loading=\"lazy\" decoding=\"async\" width=\"834\" height=\"406\" src=\"https:\/\/espacedeseaux.com\/wp-content\/uploads\/2025\/05\/PHOTO-DU-PRODUIT-3-3.jpg\" class=\"bg attachment-original size-original\" alt=\"\" \/>                                    \n                    <\/div>\n\t\t\n        <div class=\"banner-layers container\">\n            <div class=\"fill banner-link\"><\/div>            \n\n   <div id=\"text-box-1733091005\" class=\"text-box banner-layer x95 md-x95 lg-x95 y95 md-y50 lg-y50 res-text\">\n                                <div class=\"text-box-content text box-shadow-1\">\n              \n              <div class=\"text-inner text-left\">\n                  \n\n<h6>Espace des eaux<\/h6>\n<h3 class=\"uppercase\">Irrigation Paysag\u00e8re<\/h3>\n<p style=\"text-align: justify;\">Chez Espace des Eaux, nous savons qu\u2019un espace vert bien entretenu commence par une irrigation ma\u00eetris\u00e9e et intelligente. Que ce soit pour un jardin priv\u00e9, un parc urbain ou une r\u00e9sidence de standing, nous proposons des solutions compl\u00e8tes pour garder vos v\u00e9g\u00e9taux sains, tout en optimisant la consommation d\u2019eau.<\/p>\n\n\n              <\/div>\n           <\/div>\n                            \n<style>\n#text-box-1733091005 .text-box-content {\n  background-color: rgba(255, 255, 255, 0.94);\n  font-size: 100%;\n}\n#text-box-1733091005 .text-inner {\n  padding: 30px 30px 30px 30px;\n}\n#text-box-1733091005 {\n  width: 90%;\n}\n@media (min-width:550px) {\n  #text-box-1733091005 {\n    width: 32%;\n  }\n}\n<\/style>\n    <\/div>\n \n\n        <\/div>\n      <\/div>\n\n            \n<style>\n#banner-237841016 {\n  padding-top: 50%;\n}\n#banner-237841016 .banner-bg img {\n  object-position: 100% 100%;\n}\n<\/style>\n  <\/div>\n\n\n\n  <div class=\"banner has-hover\" id=\"banner-1812052343\">\n          <div class=\"banner-inner fill\">\n        <div class=\"banner-bg fill\" >\n            <img loading=\"lazy\" decoding=\"async\" width=\"1020\" height=\"574\" src=\"https:\/\/espacedeseaux.com\/wp-content\/uploads\/2025\/05\/Slide-2-Irrigation-P-1400x788.webp\" class=\"bg attachment-large size-large\" alt=\"\" \/>                                    \n                    <\/div>\n\t\t\n        <div class=\"banner-layers container\">\n            <div class=\"fill banner-link\"><\/div>            \n\n   <div id=\"text-box-149924289\" class=\"text-box banner-layer x5 md-x5 lg-x5 y95 md-y50 lg-y50 res-text\">\n                                <div class=\"text-box-content text box-shadow-1\">\n              \n              <div class=\"text-inner text-left\">\n                  \n\n<h6>Espace des eaux<\/h6>\n<h3 class=\"uppercase\">Irrigation Paysag\u00e8re<\/h3>\n<p style=\"text-align: justify;\">Chez Espace des Eaux, nous savons qu\u2019un espace vert bien entretenu commence par une irrigation ma\u00eetris\u00e9e et intelligente. Que ce soit pour un jardin priv\u00e9, un parc urbain ou une r\u00e9sidence de standing, nous proposons des solutions compl\u00e8tes pour garder vos v\u00e9g\u00e9taux sains, tout en optimisant la consommation d\u2019eau.<\/p>\n\n\n              <\/div>\n           <\/div>\n                            \n<style>\n#text-box-149924289 .text-box-content {\n  background-color: rgba(255, 255, 255, 0.94);\n  font-size: 100%;\n}\n#text-box-149924289 .text-inner {\n  padding: 30px 30px 30px 30px;\n}\n#text-box-149924289 {\n  width: 90%;\n}\n@media (min-width:550px) {\n  #text-box-149924289 {\n    width: 32%;\n  }\n}\n<\/style>\n    <\/div>\n \n\n        <\/div>\n      <\/div>\n\n            \n<style>\n#banner-1812052343 {\n  padding-top: 50%;\n}\n#banner-1812052343 .banner-bg img {\n  object-position: 22% 100%;\n}\n<\/style>\n  <\/div>\n\n\n\n     <\/div>\n\n     <div class=\"loading-spin dark large centered\"><\/div>\n\n\t<\/div>\n\n\n\n\t<section class=\"section\" id=\"section_136614544\">\n\t\t<div class=\"section-bg fill\" >\n\t\t\t\t\t\t\t\t\t<div class=\"section-bg-overlay absolute fill\"><\/div>\n\t\t\t\n\n\t\t<\/div>\n\n\t\t\n\n\t\t<div class=\"section-content relative\">\n\t\t\t\n\n<div class=\"row row-large align-middle\"  id=\"row-760122486\">\n\n\n\t<div id=\"col-97141836\" class=\"col medium-6 small-12 large-6\"  >\n\t\t\t\t<div class=\"col-inner text-left\"  >\n\t\t\t\n\t\t\t\n\n<h2>Irrigation Paysag\u00e8re \u2013 L\u2019\u00e9quilibre parfait entre performance et respect de la nature<\/h2>\n<p style=\"text-align: justify;\">Chez Espace des Eaux, nous savons qu\u2019un espace vert bien entretenu commence par une irrigation ma\u00eetris\u00e9e et intelligente. Que ce soit pour un jardin priv\u00e9, un parc urbain ou une r\u00e9sidence de standing, nous proposons des solutions compl\u00e8tes pour garder vos v\u00e9g\u00e9taux sains, tout en optimisant la consommation d\u2019eau.<\/p>\n<p>Nos syst\u00e8mes d\u2019irrigation paysag\u00e8re comprennent :<\/p>\n<ul>\n<li>Arroseurs, tuy\u00e8res et buses de pr\u00e9cision, adapt\u00e9s \u00e0 chaque type de v\u00e9g\u00e9tation<\/li>\n<li>Programmateurs connect\u00e9s (Wi-Fi ou standards), pour un pilotage simple et flexible<\/li>\n<li>Capteurs, sondes et \u00e9lectrovannes, pour automatiser et ajuster l\u2019arrosage en fonction des conditions r\u00e9elles<\/li>\n<li>Micro-irrigation pour les zones sensibles ou difficilement accessibles<\/li>\n<\/ul>\n<p style=\"text-align: justify;\">Gr\u00e2ce \u00e0 notre partenariat avec des marques de r\u00e9f\u00e9rence comme Hunter, nous garantissons des installations durables, efficaces et esth\u00e9tiquement discr\u00e8tes.<\/p>\n\n\n\t\t<\/div>\n\t\t\t\t\t<\/div>\n\n\t\n\n\t<div id=\"col-765687657\" class=\"col medium-6 small-12 large-6\"  >\n\t\t\t\t<div class=\"col-inner\"  >\n\t\t\t\n\t\t\t\n\n\t<div class=\"img has-hover x md-x lg-x y md-y lg-y\" id=\"image_1823211254\">\n\t\t\t\t\t\t\t\t<div class=\"img-inner box-shadow-2 dark\" >\n\t\t\t<img loading=\"lazy\" decoding=\"async\" width=\"480\" height=\"480\" src=\"https:\/\/espacedeseaux.com\/wp-content\/uploads\/2025\/05\/PHOTO-DU-PRODUIT-2-4.jpg\" class=\"attachment-large size-large\" alt=\"\" srcset=\"https:\/\/espacedeseaux.com\/wp-content\/uploads\/2025\/05\/PHOTO-DU-PRODUIT-2-4.jpg 480w, https:\/\/espacedeseaux.com\/wp-content\/uploads\/2025\/05\/PHOTO-DU-PRODUIT-2-4-100x100.jpg 100w, https:\/\/espacedeseaux.com\/wp-content\/uploads\/2025\/05\/PHOTO-DU-PRODUIT-2-4-400x400.jpg 400w, https:\/\/espacedeseaux.com\/wp-content\/uploads\/2025\/05\/PHOTO-DU-PRODUIT-2-4-280x280.jpg 280w\" sizes=\"auto, (max-width: 480px) 100vw, 480px\" \/>\t\t\t\t\t\t\n\t\t\t\t\t<\/div>\n\t\t\t\t\t\t\t\t\n<style>\n#image_1823211254 {\n  width: 100%;\n}\n<\/style>\n\t<\/div>\n\t\n\n<blockquote><p>Avec Espace des Eaux, vos espaces paysagers restent verdoyants\u2026 sans gaspillage ni contrainte.<\/p><\/blockquote>\n\n\n\t\t<\/div>\n\t\t\t\t\t<\/div>\n\n\t\n\n<\/div>\n<div class=\"container section-title-container\" ><h3 class=\"section-title section-title-center\"><b aria-hidden=\"true\"><\/b><span class=\"section-title-main\" >Liste des cat\u00e9gories<\/span><b aria-hidden=\"true\"><\/b><\/h3><\/div>\n\n<div class=\"row\"  id=\"row-794754268\">\n\n\n\t<div id=\"col-1941593175\" class=\"col small-12 large-12\"  >\n\t\t\t\t<div class=\"col-inner\"  >\n\t\t\t\n\t\t\t\n\n  <style>\n    #cats-197980254 .grid-col-1{height: 600px}\n    #cats-197980254 .grid-col-1-2{height: 300px}\n    #cats-197980254 .grid-col-1-3{height:200px}\n    #cats-197980254 .grid-col-2-3{height: 400px}\n    #cats-197980254 .grid-col-1-4{height: 150px}\n    #cats-197980254 .grid-col-3-4{height: 450px}\n\n\n        \/* Tablet *\/\n    @media (max-width: 850px){\n      #cats-197980254 .grid-col-1{height: 400px}\n      #cats-197980254 .grid-col-1-2{height: 200px}\n      #cats-197980254 .grid-col-1-3{height:133.33333333333px}\n      #cats-197980254 .grid-col-2-3{height: 266.66666666667px}\n      #cats-197980254 .grid-col-1-4{height: 100px}\n      #cats-197980254 .grid-col-3-4{height: 300px}\n    }\n    \n        \/* Mobile *\/\n    @media (max-width: 550px){\n      #cats-197980254 .grid-col-1{height: 400px}\n      #cats-197980254 .grid-col-1-2{height: 200px}\n      #cats-197980254 .grid-col-1-3{height:133.33333333333px}\n      #cats-197980254 .grid-col-2-3{height: 266.66666666667px}\n      #cats-197980254 .grid-col-1-4{height: 100px}\n      #cats-197980254 .grid-col-3-4{height: 300px}\n    }\n    \n\n  <\/style>\n  \n  \n    <div id=\"cats-197980254\" class=\"row row-normal row-full-width row-grid\" data-packery-options='{\"itemSelector\": \".col\", \"gutter\": 0, \"presentageWidth\" : true}'>\n\n  <div class=\"product-category col grid-col grid-col-1 large-3 medium-12\" data-animate=\"fadeInLeft\">\n            <div class=\"col-inner\">\n              <a aria-label=\"Acc\u00e9der \u00e0 la cat\u00e9gorie de produits ACCESSOIRES\" href=\"https:\/\/www.espacedeseaux.com\/?product_cat=accessoires\">                <div class=\"box box-category has-hover box-overlay dark box-text-middle \">\n                <div class=\"box-image\" >\n                  <div class=\"\" >\n                  <img loading=\"lazy\" decoding=\"async\" src=\"https:\/\/espacedeseaux.com\/wp-content\/uploads\/2025\/05\/PHOTO-DU-PRODUIT-6-400x400.jpg\" alt=\"ACCESSOIRES\" width=\"300\" height=\"300\" \/>                  <div class=\"overlay\" style=\"background-color: rgba(38, 38, 38, 0.16)\"><\/div>                                    <\/div>\n                <\/div>\n                <div class=\"box-text text-center is-large\" >\n                  <div class=\"box-text-inner\">\n                      <h5 class=\"uppercase header-title\">\n                              ACCESSOIRES                      <\/h5>\n                                            <p class=\"is-xsmall uppercase count show-on-hover hover-reveal reveal-small\">\n\t                      2 Produits                      <\/p>\n                                            \n                  <\/div>\n                <\/div>\n                <\/div>\n            <\/a>            <\/div>\n            <\/div><div class=\"product-category col grid-col grid-col-1 large-6 medium-6\" data-animate=\"fadeInLeft\">\n            <div class=\"col-inner\">\n              <a aria-label=\"Acc\u00e9der \u00e0 la cat\u00e9gorie de produits ARROSEURS\" href=\"https:\/\/www.espacedeseaux.com\/?product_cat=arroseurs\">                <div class=\"box box-category has-hover box-overlay dark box-text-middle \">\n                <div class=\"box-image\" >\n                  <div class=\"\" >\n                  <img loading=\"lazy\" decoding=\"async\" src=\"https:\/\/espacedeseaux.com\/wp-content\/uploads\/2025\/05\/PHOTO-DU-PRODUIT-2-1.jpg\" alt=\"ARROSEURS\" width=\"300\" height=\"300\" \/>                  <div class=\"overlay\" style=\"background-color: rgba(38, 38, 38, 0.16)\"><\/div>                                    <\/div>\n                <\/div>\n                <div class=\"box-text text-center is-large\" >\n                  <div class=\"box-text-inner\">\n                      <h5 class=\"uppercase header-title\">\n                              ARROSEURS                      <\/h5>\n                                            <p class=\"is-xsmall uppercase count show-on-hover hover-reveal reveal-small\">\n\t                      5 Produits                      <\/p>\n                                            \n                  <\/div>\n                <\/div>\n                <\/div>\n            <\/a>            <\/div>\n            <\/div><div class=\"product-category col grid-col grid-col-1-2 large-3 medium-6\" data-animate=\"fadeInLeft\">\n            <div class=\"col-inner\">\n              <a aria-label=\"Acc\u00e9der \u00e0 la cat\u00e9gorie de produits ELECTROVANNES\" href=\"https:\/\/www.espacedeseaux.com\/?product_cat=electrovannes\">                <div class=\"box box-category has-hover box-overlay dark box-text-middle \">\n                <div class=\"box-image\" >\n                  <div class=\"\" >\n                  <img loading=\"lazy\" decoding=\"async\" src=\"https:\/\/espacedeseaux.com\/wp-content\/uploads\/2025\/05\/PHOTO-DU-PRODUIT-8.jpg\" alt=\"ELECTROVANNES\" width=\"300\" height=\"300\" \/>                  <div class=\"overlay\" style=\"background-color: rgba(38, 38, 38, 0.16)\"><\/div>                                    <\/div>\n                <\/div>\n                <div class=\"box-text text-center is-large\" >\n                  <div class=\"box-text-inner\">\n                      <h5 class=\"uppercase header-title\">\n                              ELECTROVANNES                      <\/h5>\n                                            <p class=\"is-xsmall uppercase count show-on-hover hover-reveal reveal-small\">\n\t                      3 Produits                      <\/p>\n                                            \n                  <\/div>\n                <\/div>\n                <\/div>\n            <\/a>            <\/div>\n            <\/div><div class=\"product-category col grid-col grid-col-1-2 large-3 medium-6\" data-animate=\"fadeInLeft\">\n            <div class=\"col-inner\">\n              <a aria-label=\"Acc\u00e9der \u00e0 la cat\u00e9gorie de produits MICRO IRRIGATION\" href=\"https:\/\/www.espacedeseaux.com\/?product_cat=micro-irrigation\">                <div class=\"box box-category has-hover box-overlay dark box-text-middle \">\n                <div class=\"box-image\" >\n                  <div class=\"\" >\n                  <img loading=\"lazy\" decoding=\"async\" src=\"https:\/\/espacedeseaux.com\/wp-content\/uploads\/2025\/05\/PHOTOS-PRODUITS-1-1.jpg\" alt=\"MICRO IRRIGATION\" width=\"300\" height=\"300\" \/>                  <div class=\"overlay\" style=\"background-color: rgba(38, 38, 38, 0.16)\"><\/div>                                    <\/div>\n                <\/div>\n                <div class=\"box-text text-center is-large\" >\n                  <div class=\"box-text-inner\">\n                      <h5 class=\"uppercase header-title\">\n                              MICRO IRRIGATION                      <\/h5>\n                                            <p class=\"is-xsmall uppercase count show-on-hover hover-reveal reveal-small\">\n\t                      7 Produits                      <\/p>\n                                            \n                  <\/div>\n                <\/div>\n                <\/div>\n            <\/a>            <\/div>\n            <\/div><div class=\"product-category col grid-col grid-col-1-2 large-3 medium-6\" data-animate=\"fadeInLeft\">\n            <div class=\"col-inner\">\n              <a aria-label=\"Acc\u00e9der \u00e0 la cat\u00e9gorie de produits PROGRAMMATEURS\" href=\"https:\/\/www.espacedeseaux.com\/?product_cat=programmateurs\">                <div class=\"box box-category has-hover box-overlay dark box-text-middle \">\n                <div class=\"box-image\" >\n                  <div class=\"\" >\n                  <img loading=\"lazy\" decoding=\"async\" src=\"https:\/\/espacedeseaux.com\/wp-content\/uploads\/2014\/08\/PHOTO-DU-PRODUIT-1-867x800.jpg\" alt=\"PROGRAMMATEURS\" width=\"300\" height=\"300\" \/>                  <div class=\"overlay\" style=\"background-color: rgba(38, 38, 38, 0.16)\"><\/div>                                    <\/div>\n                <\/div>\n                <div class=\"box-text text-center is-large\" >\n                  <div class=\"box-text-inner\">\n                      <h5 class=\"uppercase header-title\">\n                              PROGRAMMATEURS                      <\/h5>\n                                            <p class=\"is-xsmall uppercase count show-on-hover hover-reveal reveal-small\">\n\t                      13 Produits                      <\/p>\n                                            \n                  <\/div>\n                <\/div>\n                <\/div>\n            <\/a>            <\/div>\n            <\/div><div class=\"product-category col grid-col grid-col-1-2 large-3 medium-6\" data-animate=\"fadeInLeft\">\n            <div class=\"col-inner\">\n              <a aria-label=\"Acc\u00e9der \u00e0 la cat\u00e9gorie de produits SONDES\" href=\"https:\/\/www.espacedeseaux.com\/?product_cat=sondes\">                <div class=\"box box-category has-hover box-overlay dark box-text-middle \">\n                <div class=\"box-image\" >\n                  <div class=\"\" >\n                  <img loading=\"lazy\" decoding=\"async\" src=\"https:\/\/espacedeseaux.com\/wp-content\/uploads\/2025\/05\/PHOTOS-PRODUITS-2.jpg\" alt=\"SONDES\" width=\"300\" height=\"300\" \/>                  <div class=\"overlay\" style=\"background-color: rgba(38, 38, 38, 0.16)\"><\/div>                                    <\/div>\n                <\/div>\n                <div class=\"box-text text-center is-large\" >\n                  <div class=\"box-text-inner\">\n                      <h5 class=\"uppercase header-title\">\n                              SONDES                      <\/h5>\n                                            <p class=\"is-xsmall uppercase count show-on-hover hover-reveal reveal-small\">\n\t                      5 Produits                      <\/p>\n                                            \n                  <\/div>\n                <\/div>\n                <\/div>\n            <\/a>            <\/div>\n            <\/div><div class=\"product-category col grid-col grid-col-1-2 large-3 medium-6\" data-animate=\"fadeInLeft\">\n            <div class=\"col-inner\">\n              <a aria-label=\"Acc\u00e9der \u00e0 la cat\u00e9gorie de produits SYSTEMES ST\" href=\"https:\/\/www.espacedeseaux.com\/?product_cat=systemes-st\">                <div class=\"box box-category has-hover box-overlay dark box-text-middle \">\n                <div class=\"box-image\" >\n                  <div class=\"\" >\n                  <img loading=\"lazy\" decoding=\"async\" src=\"https:\/\/espacedeseaux.com\/wp-content\/uploads\/2025\/05\/PHOTOS-PRODUITS-1-7.jpg\" alt=\"SYSTEMES ST\" width=\"300\" height=\"300\" \/>                  <div class=\"overlay\" style=\"background-color: rgba(38, 38, 38, 0.16)\"><\/div>                                    <\/div>\n                <\/div>\n                <div class=\"box-text text-center is-large\" >\n                  <div class=\"box-text-inner\">\n                      <h5 class=\"uppercase header-title\">\n                              SYSTEMES ST                      <\/h5>\n                                            <p class=\"is-xsmall uppercase count show-on-hover hover-reveal reveal-small\">\n\t                      3 Produits                      <\/p>\n                                            \n                  <\/div>\n                <\/div>\n                <\/div>\n            <\/a>            <\/div>\n            <\/div><div class=\"product-category col grid-col grid-col-1-2 large-3 medium-6\" data-animate=\"fadeInLeft\">\n            <div class=\"col-inner\">\n              <a aria-label=\"Acc\u00e9der \u00e0 la cat\u00e9gorie de produits TUYERES &amp; BUSES\" href=\"https:\/\/www.espacedeseaux.com\/?product_cat=tuyeres-buses\">                <div class=\"box box-category has-hover box-overlay dark box-text-middle \">\n                <div class=\"box-image\" >\n                  <div class=\"\" >\n                  <img loading=\"lazy\" decoding=\"async\" src=\"https:\/\/espacedeseaux.com\/wp-content\/uploads\/2025\/05\/PHOTO-DU-PRODUIT-12.jpg\" alt=\"TUYERES &amp; BUSES\" width=\"300\" height=\"300\" \/>                  <div class=\"overlay\" style=\"background-color: rgba(38, 38, 38, 0.16)\"><\/div>                                    <\/div>\n                <\/div>\n                <div class=\"box-text text-center is-large\" >\n                  <div class=\"box-text-inner\">\n                      <h5 class=\"uppercase header-title\">\n                              TUYERES &amp; BUSES                      <\/h5>\n                                            <p class=\"is-xsmall uppercase count show-on-hover hover-reveal reveal-small\">\n\t                      7 Produits                      <\/p>\n                                            \n                  <\/div>\n                <\/div>\n                <\/div>\n            <\/a>            <\/div>\n            <\/div><\/div>\n\n\n\t\t<\/div>\n\t\t\t\t\t<\/div>\n\n\t\n\n<\/div>\n\n\t\t<\/div>\n\n\t\t\n<style>\n#section_136614544 {\n  padding-top: 60px;\n  padding-bottom: 60px;\n  background-color: rgb(255, 255, 255);\n}\n#section_136614544 .section-bg-overlay {\n  background-color: rgba(255, 255, 255, 0.85);\n}\n<\/style>\n\t<\/section>\n\t\n\n","protected":false},"excerpt":{"rendered":"","protected":false},"author":1,"featured_media":595,"parent":274,"menu_order":1,"comment_status":"closed","ping_status":"closed","template":"page-blank.php","meta":{"footnotes":""},"class_list":["post-316","page","type-page","status-publish","has-post-thumbnail","hentry"],"_links":{"self":[{"href":"https:\/\/www.espacedeseaux.com\/index.php?rest_route=\/wp\/v2\/pages\/316","targetHints":{"allow":["GET"]}}],"collection":[{"href":"https:\/\/www.espacedeseaux.com\/index.php?rest_route=\/wp\/v2\/pages"}],"about":[{"href":"https:\/\/www.espacedeseaux.com\/index.php?rest_route=\/wp\/v2\/types\/page"}],"author":[{"embeddable":true,"href":"https:\/\/www.espacedeseaux.com\/index.php?rest_route=\/wp\/v2\/users\/1"}],"replies":[{"embeddable":true,"href":"https:\/\/www.espacedeseaux.com\/index.php?rest_route=%2Fwp%2Fv2%2Fcomments&post=316"}],"version-history":[{"count":25,"href":"https:\/\/www.espacedeseaux.com\/index.php?rest_route=\/wp\/v2\/pages\/316\/revisions"}],"predecessor-version":[{"id":954,"href":"https:\/\/www.espacedeseaux.com\/index.php?rest_route=\/wp\/v2\/pages\/316\/revisions\/954"}],"up":[{"embeddable":true,"href":"https:\/\/www.espacedeseaux.com\/index.php?rest_route=\/wp\/v2\/pages\/274"}],"wp:featuredmedia":[{"embeddable":true,"href":"https:\/\/www.espacedeseaux.com\/index.php?rest_route=\/wp\/v2\/media\/595"}],"wp:attachment":[{"href":"https:\/\/www.espacedeseaux.com\/index.php?rest_route=%2Fwp%2Fv2%2Fmedia&parent=316"}],"curies":[{"name":"wp","href":"https:\/\/api.w.org\/{rel}","templated":true}]}}