{"id":322,"date":"2025-05-11T20:02:47","date_gmt":"2025-05-11T18:02:47","guid":{"rendered":"http:\/\/espacedeseaux.com\/?page_id=322"},"modified":"2025-05-21T15:42:01","modified_gmt":"2025-05-21T13:42:01","slug":"fontaine-musicale","status":"publish","type":"page","link":"https:\/\/www.espacedeseaux.com\/?page_id=322","title":{"rendered":"Fontaine musicale"},"content":{"rendered":"\n<div class=\"slider-wrapper relative\" id=\"slider-640602938\" >\n    <div class=\"slider slider-nav-circle slider-nav-large slider-nav-light slider-style-normal\"\n        data-flickity-options='{\n            \"cellAlign\": \"center\",\n            \"imagesLoaded\": true,\n            \"lazyLoad\": 1,\n            \"freeScroll\": false,\n            \"wrapAround\": true,\n            \"autoPlay\": 6000,\n            \"pauseAutoPlayOnHover\" : true,\n            \"prevNextButtons\": true,\n            \"contain\" : true,\n            \"adaptiveHeight\" : true,\n            \"dragThreshold\" : 10,\n            \"percentPosition\": true,\n            \"pageDots\": true,\n            \"rightToLeft\": false,\n            \"draggable\": true,\n            \"selectedAttraction\": 0.1,\n            \"parallax\" : 0,\n            \"friction\": 0.6        }'\n        >\n        \n\n\n  <div class=\"banner has-hover\" id=\"banner-432602663\">\n          <div class=\"banner-inner fill\">\n        <div class=\"banner-bg fill\" >\n            <img loading=\"lazy\" decoding=\"async\" width=\"2138\" height=\"1326\" src=\"https:\/\/espacedeseaux.com\/wp-content\/uploads\/2025\/05\/Slide-1-fontaine-musicale-.png\" class=\"bg attachment-original size-original\" alt=\"\" \/>                                    \n                    <\/div>\n\t\t\n        <div class=\"banner-layers container\">\n            <div class=\"fill banner-link\"><\/div>            \n\n   <div id=\"text-box-1636784635\" class=\"text-box banner-layer x5 md-x5 lg-x5 y95 md-y50 lg-y50 res-text\">\n                                <div class=\"text-box-content text box-shadow-1\">\n              \n              <div class=\"text-inner text-left\">\n                  \n\n<h6>Espace des eaux<\/h6>\n<h3 class=\"uppercase\">Fontaine musicale<\/h3>\n<p>\u00c9merveillez vos visiteurs avec des fontaines musicales spectaculaires, v\u00e9ritables \u0153uvres vivantes o\u00f9 l\u2019eau, la lumi\u00e8re et la musique fusionnent dans un ballet synchronis\u00e9.<br \/>\nEspace des Eaux con\u00e7oit et installe des fontaines technologiques innovantes, adapt\u00e9es aux espaces publics, centres commerciaux, h\u00f4tels ou projets culturels.<\/p>\n\n              <\/div>\n           <\/div>\n                            \n<style>\n#text-box-1636784635 .text-box-content {\n  background-color: rgba(255, 255, 255, 0.94);\n  font-size: 100%;\n}\n#text-box-1636784635 .text-inner {\n  padding: 30px 30px 30px 30px;\n}\n#text-box-1636784635 {\n  width: 90%;\n}\n@media (min-width:550px) {\n  #text-box-1636784635 {\n    width: 30%;\n  }\n}\n<\/style>\n    <\/div>\n \n\n        <\/div>\n      <\/div>\n\n            \n<style>\n#banner-432602663 {\n  padding-top: 50%;\n}\n#banner-432602663 .banner-bg img {\n  object-position: 47% 100%;\n}\n<\/style>\n  <\/div>\n\n\n\n  <div class=\"banner has-hover\" id=\"banner-869490996\">\n          <div class=\"banner-inner fill\">\n        <div class=\"banner-bg fill\" >\n            <img loading=\"lazy\" decoding=\"async\" width=\"1020\" height=\"710\" src=\"https:\/\/espacedeseaux.com\/wp-content\/uploads\/2025\/05\/Slide-2-Fontaine-musicale-1149x800.png\" class=\"bg attachment-large size-large\" alt=\"\" \/>                                    \n                    <\/div>\n\t\t\n        <div class=\"banner-layers container\">\n            <div class=\"fill banner-link\"><\/div>            \n\n   <div id=\"text-box-462749119\" class=\"text-box banner-layer x5 md-x5 lg-x5 y95 md-y50 lg-y50 res-text\">\n                                <div class=\"text-box-content text box-shadow-1\">\n              \n              <div class=\"text-inner text-left\">\n                  \n\n<h6>Espace des eaux<\/h6>\n<h3 class=\"uppercase\">Fontaine musicale<\/h3>\n<p>\u00c9merveillez vos visiteurs avec des fontaines musicales spectaculaires, v\u00e9ritables \u0153uvres vivantes o\u00f9 l\u2019eau, la lumi\u00e8re et la musique fusionnent dans un ballet synchronis\u00e9.<br \/>\nEspace des Eaux con\u00e7oit et installe des fontaines technologiques innovantes, adapt\u00e9es aux espaces publics, centres commerciaux, h\u00f4tels ou projets culturels.<\/p>\n\n              <\/div>\n           <\/div>\n                            \n<style>\n#text-box-462749119 .text-box-content {\n  background-color: rgba(255, 255, 255, 0.94);\n  font-size: 100%;\n}\n#text-box-462749119 .text-inner {\n  padding: 30px 30px 30px 30px;\n}\n#text-box-462749119 {\n  width: 90%;\n}\n@media (min-width:550px) {\n  #text-box-462749119 {\n    width: 30%;\n  }\n}\n<\/style>\n    <\/div>\n \n\n        <\/div>\n      <\/div>\n\n            \n<style>\n#banner-869490996 {\n  padding-top: 50%;\n}\n#banner-869490996 .banner-bg img {\n  object-position: 48% 100%;\n}\n<\/style>\n  <\/div>\n\n\n\n     <\/div>\n\n     <div class=\"loading-spin dark large centered\"><\/div>\n\n\t<\/div>\n\n\n\n\t<section class=\"section\" id=\"section_1842031640\">\n\t\t<div class=\"section-bg fill\" >\n\t\t\t\t\t\t\t\t\t<div class=\"section-bg-overlay absolute fill\"><\/div>\n\t\t\t\n\n\t\t<\/div>\n\n\t\t\n\n\t\t<div class=\"section-content relative\">\n\t\t\t\n\n<div class=\"row row-large align-middle\"  id=\"row-1524969239\">\n\n\n\t<div id=\"col-1504486409\" class=\"col medium-6 small-12 large-6\"  >\n\t\t\t\t<div class=\"col-inner text-left\"  >\n\t\t\t\n\t\t\t\n\n<h2>Fontaines Musicales \u2013 L\u2019eau, la lumi\u00e8re et le son en parfaite harmonie<\/h2>\n<p>\u00c9merveillez vos visiteurs avec des fontaines musicales spectaculaires, v\u00e9ritables \u0153uvres vivantes o\u00f9 l\u2019eau, la lumi\u00e8re et la musique fusionnent dans un ballet synchronis\u00e9.<br \/>Espace des Eaux con\u00e7oit et installe des fontaines technologiques innovantes, adapt\u00e9es aux espaces publics, centres commerciaux, h\u00f4tels ou projets culturels.<\/p>\n<ul>\n<li>Nos syst\u00e8mes de fontaines musicales int\u00e8grent :<\/li>\n<li>Jets contr\u00f4lables dynamiquement (ajutages classiques et motoris\u00e9s)<\/li>\n<li>Pompes standard ou \u00e0 vitesse variable, pour un contr\u00f4le pr\u00e9cis des effets<\/li>\n<li>\u00c9clairages LED blanc ou RGB multicolores, programmables<\/li>\n<li>Syst\u00e8mes de programmation DMX\/RDM, pour une synchronisation parfaite avec la musique<\/li>\n<\/ul>\n<p>Nous vous accompagnons de la conception sur mesure \u00e0 l\u2019installation, en passant par la programmation des sc\u00e9narios lumineux et sonores, pour cr\u00e9er une exp\u00e9rience immersive inoubliable.<\/p>\n\n\t\t<\/div>\n\t\t\t\t\t<\/div>\n\n\t\n\n\t<div id=\"col-1543716410\" class=\"col medium-6 small-12 large-6\"  >\n\t\t\t\t<div class=\"col-inner\"  >\n\t\t\t\n\t\t\t\n\n\t<div class=\"img has-hover x md-x lg-x y md-y lg-y\" id=\"image_1223238934\">\n\t\t\t\t\t\t\t\t<div class=\"img-inner dark\" >\n\t\t\t<img loading=\"lazy\" decoding=\"async\" width=\"1020\" height=\"765\" src=\"https:\/\/espacedeseaux.com\/wp-content\/uploads\/2025\/05\/EFFET-PORDUIT-1-1066x800.jpg\" class=\"attachment-large size-large\" alt=\"\" srcset=\"https:\/\/espacedeseaux.com\/wp-content\/uploads\/2025\/05\/EFFET-PORDUIT-1-1066x800.jpg 1066w, https:\/\/espacedeseaux.com\/wp-content\/uploads\/2025\/05\/EFFET-PORDUIT-1-510x383.jpg 510w, https:\/\/espacedeseaux.com\/wp-content\/uploads\/2025\/05\/EFFET-PORDUIT-1-533x400.jpg 533w, https:\/\/espacedeseaux.com\/wp-content\/uploads\/2025\/05\/EFFET-PORDUIT-1-768x576.jpg 768w, https:\/\/espacedeseaux.com\/wp-content\/uploads\/2025\/05\/EFFET-PORDUIT-1.jpg 1417w\" sizes=\"auto, (max-width: 1020px) 100vw, 1020px\" \/>\t\t\t\t\t\t\n\t\t\t\t\t<\/div>\n\t\t\t\t\t\t\t\t\n<style>\n#image_1223238934 {\n  width: 100%;\n}\n<\/style>\n\t<\/div>\n\t\n\n<blockquote><p>Offrez \u00e0 votre espace un spectacle sensoriel unique, alliant technologie et \u00e9motion.<\/p><\/blockquote>\n\n\t\t<\/div>\n\t\t\t\t\t<\/div>\n\n\t\n\n<\/div>\n\n\t\t<\/div>\n\n\t\t\n<style>\n#section_1842031640 {\n  padding-top: 60px;\n  padding-bottom: 60px;\n  background-color: rgb(193, 193, 193);\n}\n#section_1842031640 .section-bg-overlay {\n  background-color: rgba(255, 255, 255, 0.85);\n}\n<\/style>\n\t<\/section>\n\t\n\n\t<section class=\"section\" id=\"section_1933836014\">\n\t\t<div class=\"section-bg fill\" >\n\t\t\t\t\t\t\t\t\t\n\t\t\t\n\n\t\t<\/div>\n\n\t\t\n\n\t\t<div class=\"section-content relative\">\n\t\t\t\n\n<div class=\"row\"  id=\"row-732012317\">\n\n\n\t<div id=\"col-549341526\" class=\"col small-12 large-12\"  >\n\t\t\t\t<div class=\"col-inner\"  >\n\t\t\t\n\t\t\t\n\n<div class=\"container section-title-container\" ><h3 class=\"section-title section-title-center\"><b aria-hidden=\"true\"><\/b><span class=\"section-title-main\" >Liste des cat\u00e9gories<\/span><b aria-hidden=\"true\"><\/b><\/h3><\/div>\n\n  <style>\n    #cats-1132787900 .grid-col-1{height: 600px}\n    #cats-1132787900 .grid-col-1-2{height: 300px}\n    #cats-1132787900 .grid-col-1-3{height:200px}\n    #cats-1132787900 .grid-col-2-3{height: 400px}\n    #cats-1132787900 .grid-col-1-4{height: 150px}\n    #cats-1132787900 .grid-col-3-4{height: 450px}\n\n\n        \/* Tablet *\/\n    @media (max-width: 850px){\n      #cats-1132787900 .grid-col-1{height: 400px}\n      #cats-1132787900 .grid-col-1-2{height: 200px}\n      #cats-1132787900 .grid-col-1-3{height:133.33333333333px}\n      #cats-1132787900 .grid-col-2-3{height: 266.66666666667px}\n      #cats-1132787900 .grid-col-1-4{height: 100px}\n      #cats-1132787900 .grid-col-3-4{height: 300px}\n    }\n    \n        \/* Mobile *\/\n    @media (max-width: 550px){\n      #cats-1132787900 .grid-col-1{height: 400px}\n      #cats-1132787900 .grid-col-1-2{height: 200px}\n      #cats-1132787900 .grid-col-1-3{height:133.33333333333px}\n      #cats-1132787900 .grid-col-2-3{height: 266.66666666667px}\n      #cats-1132787900 .grid-col-1-4{height: 100px}\n      #cats-1132787900 .grid-col-3-4{height: 300px}\n    }\n    \n\n  <\/style>\n  \n  \n    <div id=\"cats-1132787900\" class=\"row row-small row-grid\" data-packery-options='{\"itemSelector\": \".col\", \"gutter\": 0, \"presentageWidth\" : true}'>\n\n  <div class=\"product-category col grid-col grid-col-1 large-3 medium-12\" data-animate=\"fadeInLeft\">\n            <div class=\"col-inner\">\n              <a aria-label=\"Acc\u00e9der \u00e0 la cat\u00e9gorie de produits Ajutages\" href=\"https:\/\/www.espacedeseaux.com\/?product_cat=ajutages\">                <div class=\"box box-category has-hover box-overlay dark box-text-middle \">\n                <div class=\"box-image\" >\n                  <div class=\"\" >\n                  <img loading=\"lazy\" decoding=\"async\" src=\"https:\/\/espacedeseaux.com\/wp-content\/uploads\/2025\/05\/PHOTO-INITIAL-PRODUIT-3.jpg\" alt=\"Ajutages\" width=\"300\" height=\"300\" \/>                  <div class=\"overlay\" style=\"background-color: rgba(38, 38, 38, 0.16)\"><\/div>                                    <\/div>\n                <\/div>\n                <div class=\"box-text text-center is-large\" >\n                  <div class=\"box-text-inner\">\n                      <h5 class=\"uppercase header-title\">\n                              Ajutages                      <\/h5>\n                                            <p class=\"is-xsmall uppercase count show-on-hover hover-reveal reveal-small\">\n\t                      19 Produits                      <\/p>\n                                            \n                  <\/div>\n                <\/div>\n                <\/div>\n            <\/a>            <\/div>\n            <\/div><div class=\"product-category col grid-col grid-col-1 large-6 medium-6\" data-animate=\"fadeInLeft\">\n            <div class=\"col-inner\">\n              <a aria-label=\"Acc\u00e9der \u00e0 la cat\u00e9gorie de produits Eclairage\" href=\"https:\/\/www.espacedeseaux.com\/?product_cat=eclairage\">                <div class=\"box box-category has-hover box-overlay dark box-text-middle \">\n                <div class=\"box-image\" >\n                  <div class=\"\" >\n                  <img loading=\"lazy\" decoding=\"async\" src=\"https:\/\/espacedeseaux.com\/wp-content\/uploads\/2025\/05\/EFFET-PORDUIT-WEB-11.jpg\" alt=\"Eclairage\" width=\"300\" height=\"300\" \/>                  <div class=\"overlay\" style=\"background-color: rgba(38, 38, 38, 0.16)\"><\/div>                                    <\/div>\n                <\/div>\n                <div class=\"box-text text-center is-large\" >\n                  <div class=\"box-text-inner\">\n                      <h5 class=\"uppercase header-title\">\n                              Eclairage                      <\/h5>\n                                            <p class=\"is-xsmall uppercase count show-on-hover hover-reveal reveal-small\">\n\t                      7 Produits                      <\/p>\n                                            \n                  <\/div>\n                <\/div>\n                <\/div>\n            <\/a>            <\/div>\n            <\/div><div class=\"product-category col grid-col grid-col-1-2 large-3 medium-6\" data-animate=\"fadeInLeft\">\n            <div class=\"col-inner\">\n              <a aria-label=\"Acc\u00e9der \u00e0 la cat\u00e9gorie de produits Systeme de programmation &amp; controle DMXRDM\" href=\"https:\/\/www.espacedeseaux.com\/?product_cat=systeme-de-programmation-controle-dmxrdm\">                <div class=\"box box-category has-hover box-overlay dark box-text-middle \">\n                <div class=\"box-image\" >\n                  <div class=\"\" >\n                  <img loading=\"lazy\" decoding=\"async\" src=\"https:\/\/espacedeseaux.com\/wp-content\/uploads\/2025\/05\/PHOTO-INITIAL-PRODUIT-WEB-22.jpg\" alt=\"Systeme de programmation &amp; controle DMXRDM\" width=\"300\" height=\"300\" \/>                  <div class=\"overlay\" style=\"background-color: rgba(38, 38, 38, 0.16)\"><\/div>                                    <\/div>\n                <\/div>\n                <div class=\"box-text text-center is-large\" >\n                  <div class=\"box-text-inner\">\n                      <h5 class=\"uppercase header-title\">\n                              Systeme de programmation &amp; controle DMXRDM                      <\/h5>\n                                            <p class=\"is-xsmall uppercase count show-on-hover hover-reveal reveal-small\">\n\t                      7 Produits                      <\/p>\n                                            \n                  <\/div>\n                <\/div>\n                <\/div>\n            <\/a>            <\/div>\n            <\/div><div class=\"product-category col grid-col grid-col-1-2 large-3 medium-6\" data-animate=\"fadeInLeft\">\n            <div class=\"col-inner\">\n              <a aria-label=\"Acc\u00e9der \u00e0 la cat\u00e9gorie de produits Pompes\" href=\"https:\/\/www.espacedeseaux.com\/?product_cat=pompes\">                <div class=\"box box-category has-hover box-overlay dark box-text-middle \">\n                <div class=\"box-image\" >\n                  <div class=\"\" >\n                  <img loading=\"lazy\" decoding=\"async\" src=\"https:\/\/espacedeseaux.com\/wp-content\/uploads\/2025\/05\/PHOTO-INITIAL-PRODUIT-WEB-15.jpg\" alt=\"Pompes\" width=\"300\" height=\"300\" \/>                  <div class=\"overlay\" style=\"background-color: rgba(38, 38, 38, 0.16)\"><\/div>                                    <\/div>\n                <\/div>\n                <div class=\"box-text text-center is-large\" >\n                  <div class=\"box-text-inner\">\n                      <h5 class=\"uppercase header-title\">\n                              Pompes                      <\/h5>\n                                            <p class=\"is-xsmall uppercase count show-on-hover hover-reveal reveal-small\">\n\t                      4 Produits                      <\/p>\n                                            \n                  <\/div>\n                <\/div>\n                <\/div>\n            <\/a>            <\/div>\n            <\/div><\/div>\n\n\n\t\t<\/div>\n\t\t\t\t\t<\/div>\n\n\t\n\n<\/div>\n\n\t\t<\/div>\n\n\t\t\n<style>\n#section_1933836014 {\n  padding-top: 30px;\n  padding-bottom: 30px;\n}\n<\/style>\n\t<\/section>\n\t\n\n","protected":false},"excerpt":{"rendered":"","protected":false},"author":1,"featured_media":781,"parent":297,"menu_order":1,"comment_status":"closed","ping_status":"closed","template":"page-blank.php","meta":{"footnotes":""},"class_list":["post-322","page","type-page","status-publish","has-post-thumbnail","hentry"],"_links":{"self":[{"href":"https:\/\/www.espacedeseaux.com\/index.php?rest_route=\/wp\/v2\/pages\/322","targetHints":{"allow":["GET"]}}],"collection":[{"href":"https:\/\/www.espacedeseaux.com\/index.php?rest_route=\/wp\/v2\/pages"}],"about":[{"href":"https:\/\/www.espacedeseaux.com\/index.php?rest_route=\/wp\/v2\/types\/page"}],"author":[{"embeddable":true,"href":"https:\/\/www.espacedeseaux.com\/index.php?rest_route=\/wp\/v2\/users\/1"}],"replies":[{"embeddable":true,"href":"https:\/\/www.espacedeseaux.com\/index.php?rest_route=%2Fwp%2Fv2%2Fcomments&post=322"}],"version-history":[{"count":13,"href":"https:\/\/www.espacedeseaux.com\/index.php?rest_route=\/wp\/v2\/pages\/322\/revisions"}],"predecessor-version":[{"id":949,"href":"https:\/\/www.espacedeseaux.com\/index.php?rest_route=\/wp\/v2\/pages\/322\/revisions\/949"}],"up":[{"embeddable":true,"href":"https:\/\/www.espacedeseaux.com\/index.php?rest_route=\/wp\/v2\/pages\/297"}],"wp:featuredmedia":[{"embeddable":true,"href":"https:\/\/www.espacedeseaux.com\/index.php?rest_route=\/wp\/v2\/media\/781"}],"wp:attachment":[{"href":"https:\/\/www.espacedeseaux.com\/index.php?rest_route=%2Fwp%2Fv2%2Fmedia&parent=322"}],"curies":[{"name":"wp","href":"https:\/\/api.w.org\/{rel}","templated":true}]}}