{"id":382,"date":"2025-05-14T11:03:18","date_gmt":"2025-05-14T09:03:18","guid":{"rendered":"http:\/\/espacedeseaux.com\/?post_type=product&#038;p=382"},"modified":"2025-05-14T20:29:16","modified_gmt":"2025-05-14T18:29:16","slug":"programmateur-xc-hybrid","status":"publish","type":"product","link":"https:\/\/www.espacedeseaux.com\/?product=programmateur-xc-hybrid","title":{"rendered":"PROGRAMMATEUR   XC-HYBRID"},"content":{"rendered":"<p><img loading=\"lazy\" decoding=\"async\" class=\"alignnone size-medium wp-image-383\" src=\"http:\/\/espacedeseaux.com\/wp-content\/uploads\/2025\/05\/CARACTERISQTIUES-DU-PRODUIT-1-675x400.jpg\" alt=\"\" width=\"675\" height=\"400\" srcset=\"https:\/\/espacedeseaux.com\/wp-content\/uploads\/2025\/05\/CARACTERISQTIUES-DU-PRODUIT-1-675x400.jpg 675w, https:\/\/espacedeseaux.com\/wp-content\/uploads\/2025\/05\/CARACTERISQTIUES-DU-PRODUIT-1-510x302.jpg 510w, https:\/\/espacedeseaux.com\/wp-content\/uploads\/2025\/05\/CARACTERISQTIUES-DU-PRODUIT-1-768x455.jpg 768w, https:\/\/espacedeseaux.com\/wp-content\/uploads\/2025\/05\/CARACTERISQTIUES-DU-PRODUIT-1.jpg 1237w\" sizes=\"auto, (max-width: 675px) 100vw, 675px\" \/><\/p>\n","protected":false},"excerpt":{"rendered":"<p>G\u00e9rez efficacement les paysages o\u00f9 l&rsquo;\u00e9lectricit\u00e9 n&rsquo;est pas disponible avec ce contr\u00f4leur \u00e9conomique aliment\u00e9 par batterie ou par \u00e9nergie solaire.<\/p>\n<hr \/>\n<ul>\n<li><strong>Nombre de stations<\/strong> 6, 12<\/li>\n<li><strong>Type<\/strong> Fonctionnant sur batterie, fixe<\/li>\n<li><strong>Adaptable<\/strong> : aliment\u00e9 par un panneau solaire, une lumi\u00e8re ambiante, des piles ou un adaptateur 24 V en option<\/li>\n<li><strong>Fiable<\/strong> : la m\u00e9moire Easy Retrieve\u2122 sauvegarde l&rsquo;int\u00e9gralit\u00e9 du programme d&rsquo;irrigation<\/li>\n<li><strong>Polyvalent<\/strong> : Mod\u00e8les int\u00e9rieurs en plastique ou ext\u00e9rieurs en plastique et acier inoxydable avec 6 ou 12 stations<\/li>\n<\/ul>\n","protected":false},"featured_media":384,"template":"","meta":[],"product_brand":[],"product_cat":[65,64],"product_tag":[79],"class_list":{"0":"post-382","1":"product","2":"type-product","3":"status-publish","4":"has-post-thumbnail","6":"product_cat-a-pilles","7":"product_cat-programmateurs","8":"product_tag-irrigation-paysagere","10":"first","11":"instock","12":"shipping-taxable","13":"product-type-simple"},"_links":{"self":[{"href":"https:\/\/www.espacedeseaux.com\/index.php?rest_route=\/wp\/v2\/product\/382","targetHints":{"allow":["GET"]}}],"collection":[{"href":"https:\/\/www.espacedeseaux.com\/index.php?rest_route=\/wp\/v2\/product"}],"about":[{"href":"https:\/\/www.espacedeseaux.com\/index.php?rest_route=\/wp\/v2\/types\/product"}],"wp:featuredmedia":[{"embeddable":true,"href":"https:\/\/www.espacedeseaux.com\/index.php?rest_route=\/wp\/v2\/media\/384"}],"wp:attachment":[{"href":"https:\/\/www.espacedeseaux.com\/index.php?rest_route=%2Fwp%2Fv2%2Fmedia&parent=382"}],"wp:term":[{"taxonomy":"product_brand","embeddable":true,"href":"https:\/\/www.espacedeseaux.com\/index.php?rest_route=%2Fwp%2Fv2%2Fproduct_brand&post=382"},{"taxonomy":"product_cat","embeddable":true,"href":"https:\/\/www.espacedeseaux.com\/index.php?rest_route=%2Fwp%2Fv2%2Fproduct_cat&post=382"},{"taxonomy":"product_tag","embeddable":true,"href":"https:\/\/www.espacedeseaux.com\/index.php?rest_route=%2Fwp%2Fv2%2Fproduct_tag&post=382"}],"curies":[{"name":"wp","href":"https:\/\/api.w.org\/{rel}","templated":true}]}}