{"id":387,"date":"2025-05-14T11:10:09","date_gmt":"2025-05-14T09:10:09","guid":{"rendered":"http:\/\/espacedeseaux.com\/?post_type=product&#038;p=387"},"modified":"2025-05-14T20:29:16","modified_gmt":"2025-05-14T18:29:16","slug":"decodeur-pour-acc2","status":"publish","type":"product","link":"https:\/\/www.espacedeseaux.com\/?product=decodeur-pour-acc2","title":{"rendered":"DECODEUR POUR ACC2"},"content":{"rendered":"<p><img loading=\"lazy\" decoding=\"async\" class=\"alignnone size-medium wp-image-388\" src=\"http:\/\/espacedeseaux.com\/wp-content\/uploads\/2025\/05\/CARACTERISTIQUES-PRODUIT-448x400.jpg\" alt=\"\" width=\"448\" height=\"400\" srcset=\"https:\/\/espacedeseaux.com\/wp-content\/uploads\/2025\/05\/CARACTERISTIQUES-PRODUIT-448x400.jpg 448w, https:\/\/espacedeseaux.com\/wp-content\/uploads\/2025\/05\/CARACTERISTIQUES-PRODUIT-510x456.jpg 510w, https:\/\/espacedeseaux.com\/wp-content\/uploads\/2025\/05\/CARACTERISTIQUES-PRODUIT-768x686.jpg 768w, https:\/\/espacedeseaux.com\/wp-content\/uploads\/2025\/05\/CARACTERISTIQUES-PRODUIT.jpg 857w\" sizes=\"auto, (max-width: 448px) 100vw, 448px\" \/> <img loading=\"lazy\" decoding=\"async\" class=\"alignnone size-medium wp-image-389\" src=\"http:\/\/espacedeseaux.com\/wp-content\/uploads\/2025\/05\/SPECS-PRODUIT-395x400.jpg\" alt=\"\" width=\"395\" height=\"400\" srcset=\"https:\/\/espacedeseaux.com\/wp-content\/uploads\/2025\/05\/SPECS-PRODUIT-395x400.jpg 395w, https:\/\/espacedeseaux.com\/wp-content\/uploads\/2025\/05\/SPECS-PRODUIT-100x100.jpg 100w, https:\/\/espacedeseaux.com\/wp-content\/uploads\/2025\/05\/SPECS-PRODUIT-510x516.jpg 510w, https:\/\/espacedeseaux.com\/wp-content\/uploads\/2025\/05\/SPECS-PRODUIT.jpg 766w\" sizes=\"auto, (max-width: 395px) 100vw, 395px\" \/><\/p>\n","protected":false},"excerpt":{"rendered":"<p>Les capacit\u00e9s de surveillance et de gestion multi-flux du contr\u00f4leur de d\u00e9codeur ACC2 en font le meilleur choix pour les projets complexes.<\/p>\n<hr \/>\n<ul>\n<li><strong>Nombre de stations<\/strong>\u00a0 : 75 \u00e0 225<\/li>\n<li>D\u00e9codeur modulaire de type<\/li>\n<li>Puissant.<\/li>\n<li>Intelligent.<\/li>\n<li>Flexible.<\/li>\n<li>Connect\u00e9.<\/li>\n<\/ul>\n","protected":false},"featured_media":390,"template":"","meta":[],"product_brand":[],"product_cat":[66,64],"product_tag":[79],"class_list":{"0":"post-387","1":"product","2":"type-product","3":"status-publish","4":"has-post-thumbnail","6":"product_cat-centralus","7":"product_cat-programmateurs","8":"product_tag-irrigation-paysagere","10":"first","11":"instock","12":"shipping-taxable","13":"product-type-simple"},"_links":{"self":[{"href":"https:\/\/www.espacedeseaux.com\/index.php?rest_route=\/wp\/v2\/product\/387","targetHints":{"allow":["GET"]}}],"collection":[{"href":"https:\/\/www.espacedeseaux.com\/index.php?rest_route=\/wp\/v2\/product"}],"about":[{"href":"https:\/\/www.espacedeseaux.com\/index.php?rest_route=\/wp\/v2\/types\/product"}],"wp:featuredmedia":[{"embeddable":true,"href":"https:\/\/www.espacedeseaux.com\/index.php?rest_route=\/wp\/v2\/media\/390"}],"wp:attachment":[{"href":"https:\/\/www.espacedeseaux.com\/index.php?rest_route=%2Fwp%2Fv2%2Fmedia&parent=387"}],"wp:term":[{"taxonomy":"product_brand","embeddable":true,"href":"https:\/\/www.espacedeseaux.com\/index.php?rest_route=%2Fwp%2Fv2%2Fproduct_brand&post=387"},{"taxonomy":"product_cat","embeddable":true,"href":"https:\/\/www.espacedeseaux.com\/index.php?rest_route=%2Fwp%2Fv2%2Fproduct_cat&post=387"},{"taxonomy":"product_tag","embeddable":true,"href":"https:\/\/www.espacedeseaux.com\/index.php?rest_route=%2Fwp%2Fv2%2Fproduct_tag&post=387"}],"curies":[{"name":"wp","href":"https:\/\/api.w.org\/{rel}","templated":true}]}}