{"id":399,"date":"2025-05-14T11:17:18","date_gmt":"2025-05-14T09:17:18","guid":{"rendered":"http:\/\/espacedeseaux.com\/?post_type=product&#038;p=399"},"modified":"2025-05-14T20:28:53","modified_gmt":"2025-05-14T18:28:53","slug":"programmateur-icc2","status":"publish","type":"product","link":"https:\/\/www.espacedeseaux.com\/?product=programmateur-icc2","title":{"rendered":"PROGRAMMATEUR    ICC2"},"content":{"rendered":"<p><img loading=\"lazy\" decoding=\"async\" class=\"alignnone size-medium wp-image-400\" src=\"http:\/\/espacedeseaux.com\/wp-content\/uploads\/2025\/05\/CARACTERISTIQUES-PRODUIT-2-712x400.jpg\" alt=\"\" width=\"712\" height=\"400\" srcset=\"https:\/\/espacedeseaux.com\/wp-content\/uploads\/2025\/05\/CARACTERISTIQUES-PRODUIT-2-712x400.jpg 712w, https:\/\/espacedeseaux.com\/wp-content\/uploads\/2025\/05\/CARACTERISTIQUES-PRODUIT-2-510x286.jpg 510w, https:\/\/espacedeseaux.com\/wp-content\/uploads\/2025\/05\/CARACTERISTIQUES-PRODUIT-2-768x431.jpg 768w, https:\/\/espacedeseaux.com\/wp-content\/uploads\/2025\/05\/CARACTERISTIQUES-PRODUIT-2.jpg 1325w\" sizes=\"auto, (max-width: 712px) 100vw, 712px\" \/> <img loading=\"lazy\" decoding=\"async\" class=\"alignnone size-medium wp-image-401\" src=\"http:\/\/espacedeseaux.com\/wp-content\/uploads\/2025\/05\/SPECS-PRODUIT-2-800x388.jpg\" alt=\"\" width=\"800\" height=\"388\" srcset=\"https:\/\/espacedeseaux.com\/wp-content\/uploads\/2025\/05\/SPECS-PRODUIT-2-800x388.jpg 800w, https:\/\/espacedeseaux.com\/wp-content\/uploads\/2025\/05\/SPECS-PRODUIT-2-510x247.jpg 510w, https:\/\/espacedeseaux.com\/wp-content\/uploads\/2025\/05\/SPECS-PRODUIT-2-768x372.jpg 768w, https:\/\/espacedeseaux.com\/wp-content\/uploads\/2025\/05\/SPECS-PRODUIT-2.jpg 868w\" sizes=\"auto, (max-width: 800px) 100vw, 800px\" \/><\/p>\n","protected":false},"excerpt":{"rendered":"<p>Ce syst\u00e8me de contr\u00f4le flexible peut ex\u00e9cuter n&rsquo;importe quelle combinaison de sorties de liaison de vanne conventionnelles, EZDS \u00e0 deux fils ou sans fil avec surveillance de d\u00e9bit int\u00e9gr\u00e9e et contr\u00f4le en ligne pratique avec le logiciel Centralus\u2122.<\/p>\n<hr \/>\n<p><strong>Nombre de stations<\/strong> 8 \u00e0 54<\/p>\n<p>Contr\u00f4leur modulaire de type:<\/p>\n<ul>\n<li>4 programmes d&rsquo;irrigation ind\u00e9pendants avec 8 heures de d\u00e9marrage par programme<\/li>\n<li>Deux programmes peuvent fonctionner simultan\u00e9ment, offrant un arrosage plus efficace<\/li>\n<li>2 entr\u00e9es de capteur disponibles : une entr\u00e9e de capteur de d\u00e9bit d\u00e9di\u00e9e et une entr\u00e9e de capteur m\u00e9t\u00e9o d\u00e9di\u00e9e pour les capteurs Hunter Clik ou Solar Sync\u00ae<\/li>\n<li>Surveillance du d\u00e9bit int\u00e9gr\u00e9e pour des \u00e9conomies d&rsquo;eau intelligentes<\/li>\n<li>Compatible avec les syst\u00e8mes EZ Decoder et Wireless Valve Link<\/li>\n<\/ul>\n","protected":false},"featured_media":402,"template":"","meta":[],"product_brand":[],"product_cat":[66,64],"product_tag":[79],"class_list":{"0":"post-399","1":"product","2":"type-product","3":"status-publish","4":"has-post-thumbnail","6":"product_cat-centralus","7":"product_cat-programmateurs","8":"product_tag-irrigation-paysagere","10":"first","11":"instock","12":"shipping-taxable","13":"product-type-simple"},"_links":{"self":[{"href":"https:\/\/www.espacedeseaux.com\/index.php?rest_route=\/wp\/v2\/product\/399","targetHints":{"allow":["GET"]}}],"collection":[{"href":"https:\/\/www.espacedeseaux.com\/index.php?rest_route=\/wp\/v2\/product"}],"about":[{"href":"https:\/\/www.espacedeseaux.com\/index.php?rest_route=\/wp\/v2\/types\/product"}],"wp:featuredmedia":[{"embeddable":true,"href":"https:\/\/www.espacedeseaux.com\/index.php?rest_route=\/wp\/v2\/media\/402"}],"wp:attachment":[{"href":"https:\/\/www.espacedeseaux.com\/index.php?rest_route=%2Fwp%2Fv2%2Fmedia&parent=399"}],"wp:term":[{"taxonomy":"product_brand","embeddable":true,"href":"https:\/\/www.espacedeseaux.com\/index.php?rest_route=%2Fwp%2Fv2%2Fproduct_brand&post=399"},{"taxonomy":"product_cat","embeddable":true,"href":"https:\/\/www.espacedeseaux.com\/index.php?rest_route=%2Fwp%2Fv2%2Fproduct_cat&post=399"},{"taxonomy":"product_tag","embeddable":true,"href":"https:\/\/www.espacedeseaux.com\/index.php?rest_route=%2Fwp%2Fv2%2Fproduct_tag&post=399"}],"curies":[{"name":"wp","href":"https:\/\/api.w.org\/{rel}","templated":true}]}}