{"id":412,"date":"2025-05-14T11:25:40","date_gmt":"2025-05-14T09:25:40","guid":{"rendered":"http:\/\/espacedeseaux.com\/?post_type=product&#038;p=412"},"modified":"2025-05-14T20:28:53","modified_gmt":"2025-05-14T18:28:53","slug":"programmateur-hc","status":"publish","type":"product","link":"https:\/\/www.espacedeseaux.com\/?product=programmateur-hc","title":{"rendered":"PROGRAMMATEUR   HC"},"content":{"rendered":"<p><img loading=\"lazy\" decoding=\"async\" class=\"alignnone size-medium wp-image-413\" src=\"http:\/\/espacedeseaux.com\/wp-content\/uploads\/2025\/05\/CARACTERISQTIUES-DU-PRODUIT-2-606x400.jpg\" alt=\"\" width=\"606\" height=\"400\" srcset=\"https:\/\/espacedeseaux.com\/wp-content\/uploads\/2025\/05\/CARACTERISQTIUES-DU-PRODUIT-2-606x400.jpg 606w, https:\/\/espacedeseaux.com\/wp-content\/uploads\/2025\/05\/CARACTERISQTIUES-DU-PRODUIT-2-510x337.jpg 510w, https:\/\/espacedeseaux.com\/wp-content\/uploads\/2025\/05\/CARACTERISQTIUES-DU-PRODUIT-2-768x507.jpg 768w, https:\/\/espacedeseaux.com\/wp-content\/uploads\/2025\/05\/CARACTERISQTIUES-DU-PRODUIT-2.jpg 1208w\" sizes=\"auto, (max-width: 606px) 100vw, 606px\" \/><\/p>\n","protected":false},"excerpt":{"rendered":"<p>Solution \u00e9conomique pour les projets r\u00e9sidentiels, le contr\u00f4leur HC offre des \u00e9conomies d&rsquo;eau intelligentes et des capacit\u00e9s de gestion de l&rsquo;irrigation \u00e0 distance.<\/p>\n<hr \/>\n<p><strong>Nombre de stations<\/strong> 6, 12<\/p>\n<p><strong>Type fixe<\/strong><\/p>\n<p><strong>Wi-Fi activ\u00e9<\/strong><\/p>\n<ul>\n<li><strong>Gagnez du temps<\/strong> : g\u00e9rez depuis n&rsquo;importe o\u00f9 \u00e0 l&rsquo;aide de votre smartphone, tablette ou ordinateur<\/li>\n<li><strong>\u00c9conomisez de l&rsquo;eau<\/strong> : la technologie Predictive Watering\u2122 ajuste les programmes d&rsquo;irrigation en fonction des donn\u00e9es m\u00e9t\u00e9orologiques locales<\/li>\n<li><strong>Facile \u00e0 utiliser<\/strong> : le tableau de bord et l&rsquo;interface tactile simplifient la <span style=\"color: #555555;\">programmation<\/span><\/li>\n<\/ul>\n","protected":false},"featured_media":414,"template":"","meta":[],"product_brand":[],"product_cat":[67,64],"product_tag":[79],"class_list":{"0":"post-412","1":"product","2":"type-product","3":"status-publish","4":"has-post-thumbnail","6":"product_cat-hydrawise","7":"product_cat-programmateurs","8":"product_tag-irrigation-paysagere","10":"first","11":"instock","12":"shipping-taxable","13":"product-type-simple"},"_links":{"self":[{"href":"https:\/\/www.espacedeseaux.com\/index.php?rest_route=\/wp\/v2\/product\/412","targetHints":{"allow":["GET"]}}],"collection":[{"href":"https:\/\/www.espacedeseaux.com\/index.php?rest_route=\/wp\/v2\/product"}],"about":[{"href":"https:\/\/www.espacedeseaux.com\/index.php?rest_route=\/wp\/v2\/types\/product"}],"wp:featuredmedia":[{"embeddable":true,"href":"https:\/\/www.espacedeseaux.com\/index.php?rest_route=\/wp\/v2\/media\/414"}],"wp:attachment":[{"href":"https:\/\/www.espacedeseaux.com\/index.php?rest_route=%2Fwp%2Fv2%2Fmedia&parent=412"}],"wp:term":[{"taxonomy":"product_brand","embeddable":true,"href":"https:\/\/www.espacedeseaux.com\/index.php?rest_route=%2Fwp%2Fv2%2Fproduct_brand&post=412"},{"taxonomy":"product_cat","embeddable":true,"href":"https:\/\/www.espacedeseaux.com\/index.php?rest_route=%2Fwp%2Fv2%2Fproduct_cat&post=412"},{"taxonomy":"product_tag","embeddable":true,"href":"https:\/\/www.espacedeseaux.com\/index.php?rest_route=%2Fwp%2Fv2%2Fproduct_tag&post=412"}],"curies":[{"name":"wp","href":"https:\/\/api.w.org\/{rel}","templated":true}]}}