{"id":417,"date":"2025-05-14T11:29:37","date_gmt":"2025-05-14T09:29:37","guid":{"rendered":"http:\/\/espacedeseaux.com\/?post_type=product&#038;p=417"},"modified":"2025-05-14T20:28:53","modified_gmt":"2025-05-14T18:28:53","slug":"programmateur-hcc","status":"publish","type":"product","link":"https:\/\/www.espacedeseaux.com\/?product=programmateur-hcc","title":{"rendered":"PROGRAMMATEUR   HCC"},"content":{"rendered":"<p><img loading=\"lazy\" decoding=\"async\" class=\"alignnone size-medium wp-image-418\" src=\"http:\/\/espacedeseaux.com\/wp-content\/uploads\/2025\/05\/CARACTERISQTIUES-DU-PRODUIT-3-471x400.jpg\" alt=\"\" width=\"471\" height=\"400\" srcset=\"https:\/\/espacedeseaux.com\/wp-content\/uploads\/2025\/05\/CARACTERISQTIUES-DU-PRODUIT-3-471x400.jpg 471w, https:\/\/espacedeseaux.com\/wp-content\/uploads\/2025\/05\/CARACTERISQTIUES-DU-PRODUIT-3-510x433.jpg 510w, https:\/\/espacedeseaux.com\/wp-content\/uploads\/2025\/05\/CARACTERISQTIUES-DU-PRODUIT-3-768x652.jpg 768w, https:\/\/espacedeseaux.com\/wp-content\/uploads\/2025\/05\/CARACTERISQTIUES-DU-PRODUIT-3.jpg 938w\" sizes=\"auto, (max-width: 471px) 100vw, 471px\" \/><\/p>\n","protected":false},"excerpt":{"rendered":"<p>Apportez la puissance d&rsquo;Hydrawise\u00ae aux projets r\u00e9sidentiels, commerciaux et du secteur public avec cette centrale \u00e9lectrique abordable.<\/p>\n<hr \/>\n<p><strong>Nombre de stations<\/strong> 8 \u00e0 54<\/p>\n<p>Contr\u00f4leur modulaire de type<\/p>\n<p><strong>Wi-Fi activ\u00e9<\/strong><\/p>\n<ul>\n<li><strong>Compatible Wi-Fi<\/strong> : enti\u00e8rement int\u00e9gr\u00e9 pour une connexion rapide au syst\u00e8me de gestion d&rsquo;irrigation bas\u00e9 sur le cloud Hydrawise<\/li>\n<li><strong>Grande capacit\u00e9<\/strong> : jusqu&rsquo;\u00e0 38 ou 54 stations selon le mod\u00e8le et la configuration<\/li>\n<li>Compatible avec les d\u00e9codeurs EZ et le syst\u00e8me Wireless Valve Link<\/li>\n<\/ul>\n","protected":false},"featured_media":419,"template":"","meta":[],"product_brand":[],"product_cat":[67,64],"product_tag":[79],"class_list":{"0":"post-417","1":"product","2":"type-product","3":"status-publish","4":"has-post-thumbnail","6":"product_cat-hydrawise","7":"product_cat-programmateurs","8":"product_tag-irrigation-paysagere","10":"first","11":"instock","12":"shipping-taxable","13":"product-type-simple"},"_links":{"self":[{"href":"https:\/\/www.espacedeseaux.com\/index.php?rest_route=\/wp\/v2\/product\/417","targetHints":{"allow":["GET"]}}],"collection":[{"href":"https:\/\/www.espacedeseaux.com\/index.php?rest_route=\/wp\/v2\/product"}],"about":[{"href":"https:\/\/www.espacedeseaux.com\/index.php?rest_route=\/wp\/v2\/types\/product"}],"wp:featuredmedia":[{"embeddable":true,"href":"https:\/\/www.espacedeseaux.com\/index.php?rest_route=\/wp\/v2\/media\/419"}],"wp:attachment":[{"href":"https:\/\/www.espacedeseaux.com\/index.php?rest_route=%2Fwp%2Fv2%2Fmedia&parent=417"}],"wp:term":[{"taxonomy":"product_brand","embeddable":true,"href":"https:\/\/www.espacedeseaux.com\/index.php?rest_route=%2Fwp%2Fv2%2Fproduct_brand&post=417"},{"taxonomy":"product_cat","embeddable":true,"href":"https:\/\/www.espacedeseaux.com\/index.php?rest_route=%2Fwp%2Fv2%2Fproduct_cat&post=417"},{"taxonomy":"product_tag","embeddable":true,"href":"https:\/\/www.espacedeseaux.com\/index.php?rest_route=%2Fwp%2Fv2%2Fproduct_tag&post=417"}],"curies":[{"name":"wp","href":"https:\/\/api.w.org\/{rel}","templated":true}]}}