{"id":422,"date":"2025-05-14T11:33:19","date_gmt":"2025-05-14T09:33:19","guid":{"rendered":"http:\/\/espacedeseaux.com\/?post_type=product&#038;p=422"},"modified":"2025-05-14T20:28:53","modified_gmt":"2025-05-14T18:28:53","slug":"programmateur-x2","status":"publish","type":"product","link":"https:\/\/www.espacedeseaux.com\/?product=programmateur-x2","title":{"rendered":"PROGRAMMATEUR   X2"},"content":{"rendered":"<p><img loading=\"lazy\" decoding=\"async\" class=\"alignnone size-medium wp-image-423\" src=\"http:\/\/espacedeseaux.com\/wp-content\/uploads\/2025\/05\/CARACTERISQTIUES-DU-PRODUIT-4-448x400.jpg\" alt=\"\" width=\"448\" height=\"400\" srcset=\"https:\/\/espacedeseaux.com\/wp-content\/uploads\/2025\/05\/CARACTERISQTIUES-DU-PRODUIT-4-448x400.jpg 448w, https:\/\/espacedeseaux.com\/wp-content\/uploads\/2025\/05\/CARACTERISQTIUES-DU-PRODUIT-4-510x455.jpg 510w, https:\/\/espacedeseaux.com\/wp-content\/uploads\/2025\/05\/CARACTERISQTIUES-DU-PRODUIT-4-897x800.jpg 897w, https:\/\/espacedeseaux.com\/wp-content\/uploads\/2025\/05\/CARACTERISQTIUES-DU-PRODUIT-4-768x685.jpg 768w, https:\/\/espacedeseaux.com\/wp-content\/uploads\/2025\/05\/CARACTERISQTIUES-DU-PRODUIT-4.jpg 954w\" sizes=\"auto, (max-width: 448px) 100vw, 448px\" \/><\/p>\n","protected":false},"excerpt":{"rendered":"<p>Ce contr\u00f4leur en ligne offre une programmation rapide et des fonctionnalit\u00e9s avanc\u00e9es d&rsquo;\u00e9conomie d&rsquo;eau.<\/p>\n<hr \/>\n<p><strong>Nombre de stations<\/strong> 4.6.8.14<\/p>\n<p><strong>Type fixe<\/strong><\/p>\n<p><strong>Compatible Wi-Fi<\/strong> avec WAND<\/p>\n<ul>\n<li><strong>Connect\u00e9<\/strong> : l&rsquo;appairage Bluetooth\u00ae rend la connexion au Wi-Fi plus rapide et plus facile<\/li>\n<li><strong>Adaptable<\/strong> : utilisez votre smartphone comme t\u00e9l\u00e9commande manuelle lorsque le Wi-Fi n&rsquo;est pas disponible ou que la manette est<br \/>\ndifficile d&rsquo;acc\u00e8s<\/li>\n<li><strong>Efficace<\/strong> : Copiez et collez la planification du logiciel Hydrawise\u00ae sur n&rsquo;importe quel contr\u00f4leur X2 pour une configuration compl\u00e8te de la planification en quelques secondes gr\u00e2ce \u00e0 la technologie Rapid Programming\u2122<\/li>\n<\/ul>\n","protected":false},"featured_media":426,"template":"","meta":[],"product_brand":[],"product_cat":[67,64],"product_tag":[79],"class_list":{"0":"post-422","1":"product","2":"type-product","3":"status-publish","4":"has-post-thumbnail","6":"product_cat-hydrawise","7":"product_cat-programmateurs","8":"product_tag-irrigation-paysagere","10":"first","11":"instock","12":"shipping-taxable","13":"product-type-simple"},"_links":{"self":[{"href":"https:\/\/www.espacedeseaux.com\/index.php?rest_route=\/wp\/v2\/product\/422","targetHints":{"allow":["GET"]}}],"collection":[{"href":"https:\/\/www.espacedeseaux.com\/index.php?rest_route=\/wp\/v2\/product"}],"about":[{"href":"https:\/\/www.espacedeseaux.com\/index.php?rest_route=\/wp\/v2\/types\/product"}],"wp:featuredmedia":[{"embeddable":true,"href":"https:\/\/www.espacedeseaux.com\/index.php?rest_route=\/wp\/v2\/media\/426"}],"wp:attachment":[{"href":"https:\/\/www.espacedeseaux.com\/index.php?rest_route=%2Fwp%2Fv2%2Fmedia&parent=422"}],"wp:term":[{"taxonomy":"product_brand","embeddable":true,"href":"https:\/\/www.espacedeseaux.com\/index.php?rest_route=%2Fwp%2Fv2%2Fproduct_brand&post=422"},{"taxonomy":"product_cat","embeddable":true,"href":"https:\/\/www.espacedeseaux.com\/index.php?rest_route=%2Fwp%2Fv2%2Fproduct_cat&post=422"},{"taxonomy":"product_tag","embeddable":true,"href":"https:\/\/www.espacedeseaux.com\/index.php?rest_route=%2Fwp%2Fv2%2Fproduct_tag&post=422"}],"curies":[{"name":"wp","href":"https:\/\/api.w.org\/{rel}","templated":true}]}}