{"id":427,"date":"2025-05-14T11:37:19","date_gmt":"2025-05-14T09:37:19","guid":{"rendered":"http:\/\/espacedeseaux.com\/?post_type=product&#038;p=427"},"modified":"2025-05-14T20:28:53","modified_gmt":"2025-05-14T18:28:53","slug":"programmateur-x-core","status":"publish","type":"product","link":"https:\/\/www.espacedeseaux.com\/?product=programmateur-x-core","title":{"rendered":"PROGRAMMATEUR  X-CORE"},"content":{"rendered":"<p><img loading=\"lazy\" decoding=\"async\" class=\"alignnone size-medium wp-image-428\" src=\"http:\/\/espacedeseaux.com\/wp-content\/uploads\/2025\/05\/CARACTERISQTIUES-DU-PRODUIT-5-446x400.jpg\" alt=\"\" width=\"446\" height=\"400\" srcset=\"https:\/\/espacedeseaux.com\/wp-content\/uploads\/2025\/05\/CARACTERISQTIUES-DU-PRODUIT-5-446x400.jpg 446w, https:\/\/espacedeseaux.com\/wp-content\/uploads\/2025\/05\/CARACTERISQTIUES-DU-PRODUIT-5-510x458.jpg 510w, https:\/\/espacedeseaux.com\/wp-content\/uploads\/2025\/05\/CARACTERISQTIUES-DU-PRODUIT-5-768x689.jpg 768w, https:\/\/espacedeseaux.com\/wp-content\/uploads\/2025\/05\/CARACTERISQTIUES-DU-PRODUIT-5.jpg 859w\" sizes=\"auto, (max-width: 446px) 100vw, 446px\" \/><\/p>\n","protected":false},"excerpt":{"rendered":"<p>Ce programmateur d&rsquo;arrosage \u00e9pur\u00e9 est pourvu, en option, d&rsquo;un r\u00e9glage intelligent de l&rsquo;arrosage (ET) et d&rsquo;une t\u00e9l\u00e9commande.<\/p>\n<hr \/>\n<p><strong>Application<\/strong> R\u00e9sidence<\/p>\n<p><strong>Nombre de stations<\/strong> 2, 4, 6, 8<\/p>\n<p><strong>Type<\/strong> Fixe<\/p>\n<ul>\n<li><strong>Intelligent<\/strong> : \u00e9conomisez de l&rsquo;eau et de l&rsquo;argent en installant une sonde m\u00e9t\u00e9o Solar Sync\u00ae.<\/li>\n<li><strong>Polyvalent<\/strong> : jusqu&rsquo;\u00e0 8 stations avec 3 programmes et 4 heures de d\u00e9marrage chacune.<\/li>\n<li><strong>Maintenance<\/strong> : cycle et r\u00e9essuyage, r\u00e9glage saisonnier et autres fonctionnalit\u00e9s d&rsquo;\u00e9conomie d&rsquo;eau.<\/li>\n<\/ul>\n","protected":false},"featured_media":429,"template":"","meta":[],"product_brand":[],"product_cat":[64,68],"product_tag":[79],"class_list":{"0":"post-427","1":"product","2":"type-product","3":"status-publish","4":"has-post-thumbnail","6":"product_cat-programmateurs","7":"product_cat-standards","8":"product_tag-irrigation-paysagere","10":"first","11":"instock","12":"shipping-taxable","13":"product-type-simple"},"_links":{"self":[{"href":"https:\/\/www.espacedeseaux.com\/index.php?rest_route=\/wp\/v2\/product\/427","targetHints":{"allow":["GET"]}}],"collection":[{"href":"https:\/\/www.espacedeseaux.com\/index.php?rest_route=\/wp\/v2\/product"}],"about":[{"href":"https:\/\/www.espacedeseaux.com\/index.php?rest_route=\/wp\/v2\/types\/product"}],"wp:featuredmedia":[{"embeddable":true,"href":"https:\/\/www.espacedeseaux.com\/index.php?rest_route=\/wp\/v2\/media\/429"}],"wp:attachment":[{"href":"https:\/\/www.espacedeseaux.com\/index.php?rest_route=%2Fwp%2Fv2%2Fmedia&parent=427"}],"wp:term":[{"taxonomy":"product_brand","embeddable":true,"href":"https:\/\/www.espacedeseaux.com\/index.php?rest_route=%2Fwp%2Fv2%2Fproduct_brand&post=427"},{"taxonomy":"product_cat","embeddable":true,"href":"https:\/\/www.espacedeseaux.com\/index.php?rest_route=%2Fwp%2Fv2%2Fproduct_cat&post=427"},{"taxonomy":"product_tag","embeddable":true,"href":"https:\/\/www.espacedeseaux.com\/index.php?rest_route=%2Fwp%2Fv2%2Fproduct_tag&post=427"}],"curies":[{"name":"wp","href":"https:\/\/api.w.org\/{rel}","templated":true}]}}