{"id":432,"date":"2025-05-14T11:41:15","date_gmt":"2025-05-14T09:41:15","guid":{"rendered":"http:\/\/espacedeseaux.com\/?post_type=product&#038;p=432"},"modified":"2025-05-14T20:28:52","modified_gmt":"2025-05-14T18:28:52","slug":"programmateur-eco-logic","status":"publish","type":"product","link":"https:\/\/www.espacedeseaux.com\/?product=programmateur-eco-logic","title":{"rendered":"PROGRAMMATEUR ECO LOGIC"},"content":{"rendered":"<p><img loading=\"lazy\" decoding=\"async\" class=\"alignnone size-medium wp-image-433\" src=\"http:\/\/espacedeseaux.com\/wp-content\/uploads\/2025\/05\/CARACTERISQTIUES-DU-PRODUIT-6-663x400.jpg\" alt=\"\" width=\"663\" height=\"400\" srcset=\"https:\/\/espacedeseaux.com\/wp-content\/uploads\/2025\/05\/CARACTERISQTIUES-DU-PRODUIT-6-663x400.jpg 663w, https:\/\/espacedeseaux.com\/wp-content\/uploads\/2025\/05\/CARACTERISQTIUES-DU-PRODUIT-6-510x308.jpg 510w, https:\/\/espacedeseaux.com\/wp-content\/uploads\/2025\/05\/CARACTERISQTIUES-DU-PRODUIT-6-768x463.jpg 768w, https:\/\/espacedeseaux.com\/wp-content\/uploads\/2025\/05\/CARACTERISQTIUES-DU-PRODUIT-6.jpg 1195w\" sizes=\"auto, (max-width: 663px) 100vw, 663px\" \/><\/p>\n","protected":false},"excerpt":{"rendered":"<p>Pour les petits jardins et espaces verts, l&rsquo;Eco Logic permet de contr\u00f4ler ais\u00e9ment les \u00e9conomies d&rsquo;eau.<\/p>\n<hr \/>\n<p><strong>Application<\/strong> R\u00e9sidence<\/p>\n<p><strong>Nombre de stations<\/strong> 4, 6<\/p>\n<p><strong>Type<\/strong> Fonctionnement sur piles, fixe<\/p>\n","protected":false},"featured_media":434,"template":"","meta":[],"product_brand":[],"product_cat":[64,68],"product_tag":[79],"class_list":{"0":"post-432","1":"product","2":"type-product","3":"status-publish","4":"has-post-thumbnail","6":"product_cat-programmateurs","7":"product_cat-standards","8":"product_tag-irrigation-paysagere","10":"first","11":"instock","12":"shipping-taxable","13":"product-type-simple"},"_links":{"self":[{"href":"https:\/\/www.espacedeseaux.com\/index.php?rest_route=\/wp\/v2\/product\/432","targetHints":{"allow":["GET"]}}],"collection":[{"href":"https:\/\/www.espacedeseaux.com\/index.php?rest_route=\/wp\/v2\/product"}],"about":[{"href":"https:\/\/www.espacedeseaux.com\/index.php?rest_route=\/wp\/v2\/types\/product"}],"wp:featuredmedia":[{"embeddable":true,"href":"https:\/\/www.espacedeseaux.com\/index.php?rest_route=\/wp\/v2\/media\/434"}],"wp:attachment":[{"href":"https:\/\/www.espacedeseaux.com\/index.php?rest_route=%2Fwp%2Fv2%2Fmedia&parent=432"}],"wp:term":[{"taxonomy":"product_brand","embeddable":true,"href":"https:\/\/www.espacedeseaux.com\/index.php?rest_route=%2Fwp%2Fv2%2Fproduct_brand&post=432"},{"taxonomy":"product_cat","embeddable":true,"href":"https:\/\/www.espacedeseaux.com\/index.php?rest_route=%2Fwp%2Fv2%2Fproduct_cat&post=432"},{"taxonomy":"product_tag","embeddable":true,"href":"https:\/\/www.espacedeseaux.com\/index.php?rest_route=%2Fwp%2Fv2%2Fproduct_tag&post=432"}],"curies":[{"name":"wp","href":"https:\/\/api.w.org\/{rel}","templated":true}]}}