{"id":451,"date":"2025-05-14T11:57:26","date_gmt":"2025-05-14T09:57:26","guid":{"rendered":"http:\/\/espacedeseaux.com\/?post_type=product&#038;p=451"},"modified":"2025-05-14T20:28:52","modified_gmt":"2025-05-14T18:28:52","slug":"arroseur-i40","status":"publish","type":"product","link":"https:\/\/www.espacedeseaux.com\/?product=arroseur-i40","title":{"rendered":"ARROSEUR I40"},"content":{"rendered":"<p><img loading=\"lazy\" decoding=\"async\" class=\"alignnone size-medium wp-image-452\" src=\"http:\/\/espacedeseaux.com\/wp-content\/uploads\/2025\/05\/CARACTERISQTIUES-DU-PRODUIT-10-800x397.jpg\" alt=\"\" width=\"800\" height=\"397\" srcset=\"https:\/\/espacedeseaux.com\/wp-content\/uploads\/2025\/05\/CARACTERISQTIUES-DU-PRODUIT-10-800x397.jpg 800w, https:\/\/espacedeseaux.com\/wp-content\/uploads\/2025\/05\/CARACTERISQTIUES-DU-PRODUIT-10-510x253.jpg 510w, https:\/\/espacedeseaux.com\/wp-content\/uploads\/2025\/05\/CARACTERISQTIUES-DU-PRODUIT-10-768x381.jpg 768w, https:\/\/espacedeseaux.com\/wp-content\/uploads\/2025\/05\/CARACTERISQTIUES-DU-PRODUIT-10.jpg 1186w\" sizes=\"auto, (max-width: 800px) 100vw, 800px\" \/> <img loading=\"lazy\" decoding=\"async\" class=\"alignnone size-medium wp-image-453\" src=\"http:\/\/espacedeseaux.com\/wp-content\/uploads\/2025\/05\/SPECS-DU-PRODUIT-1.jpg\" alt=\"\" width=\"583\" height=\"360\" srcset=\"https:\/\/espacedeseaux.com\/wp-content\/uploads\/2025\/05\/SPECS-DU-PRODUIT-1.jpg 583w, https:\/\/espacedeseaux.com\/wp-content\/uploads\/2025\/05\/SPECS-DU-PRODUIT-1-510x315.jpg 510w\" sizes=\"auto, (max-width: 583px) 100vw, 583px\" \/><\/p>\n","protected":false},"excerpt":{"rendered":"<p>Le rotor I-40 dispose d&rsquo;une liste compl\u00e8te de fonctionnalit\u00e9s am\u00e9lior\u00e9es qui en font le premier choix pour les projets de gazon exigeants et de grande envergure.<\/p>\n<hr \/>\n<p><strong>Rayon<\/strong> de 13,1 \u00e0 23,2 m<\/p>\n<p><strong>D\u00e9bit<\/strong> de 1,63 \u00e0 6,84 m\u00b0 \/h<\/p>\n<p><strong>D\u00e9bit<\/strong> 27,2 \u00e0 114,1 I\/min<\/p>\n<p><strong>Taille d&rsquo;entr\u00e9e<\/strong> 1&Prime; BSP<\/p>\n<ul>\n<li><strong>Durable<\/strong> : colonne montante en acier inoxydable con\u00e7ue pour r\u00e9sister aux conditions difficiles<\/li>\n<li><strong>Pr\u00e9cis<\/strong> : Le syst\u00e8me \u00e0 triple buse assure une distribution uniforme et r\u00e9sistante au vent<\/li>\n<li><strong>Fiable<\/strong> : le retour automatique de l&rsquo;arc et l&rsquo;entra\u00eenement non d\u00e9nudable garantissent la fiabilit\u00e9<\/li>\n<\/ul>\n","protected":false},"featured_media":454,"template":"","meta":[],"product_brand":[],"product_cat":[63],"product_tag":[79],"class_list":{"0":"post-451","1":"product","2":"type-product","3":"status-publish","4":"has-post-thumbnail","6":"product_cat-arroseurs","7":"product_tag-irrigation-paysagere","9":"first","10":"instock","11":"shipping-taxable","12":"product-type-simple"},"_links":{"self":[{"href":"https:\/\/www.espacedeseaux.com\/index.php?rest_route=\/wp\/v2\/product\/451","targetHints":{"allow":["GET"]}}],"collection":[{"href":"https:\/\/www.espacedeseaux.com\/index.php?rest_route=\/wp\/v2\/product"}],"about":[{"href":"https:\/\/www.espacedeseaux.com\/index.php?rest_route=\/wp\/v2\/types\/product"}],"wp:featuredmedia":[{"embeddable":true,"href":"https:\/\/www.espacedeseaux.com\/index.php?rest_route=\/wp\/v2\/media\/454"}],"wp:attachment":[{"href":"https:\/\/www.espacedeseaux.com\/index.php?rest_route=%2Fwp%2Fv2%2Fmedia&parent=451"}],"wp:term":[{"taxonomy":"product_brand","embeddable":true,"href":"https:\/\/www.espacedeseaux.com\/index.php?rest_route=%2Fwp%2Fv2%2Fproduct_brand&post=451"},{"taxonomy":"product_cat","embeddable":true,"href":"https:\/\/www.espacedeseaux.com\/index.php?rest_route=%2Fwp%2Fv2%2Fproduct_cat&post=451"},{"taxonomy":"product_tag","embeddable":true,"href":"https:\/\/www.espacedeseaux.com\/index.php?rest_route=%2Fwp%2Fv2%2Fproduct_tag&post=451"}],"curies":[{"name":"wp","href":"https:\/\/api.w.org\/{rel}","templated":true}]}}