{"id":457,"date":"2025-05-14T12:00:25","date_gmt":"2025-05-14T10:00:25","guid":{"rendered":"http:\/\/espacedeseaux.com\/?post_type=product&#038;p=457"},"modified":"2025-05-14T20:28:52","modified_gmt":"2025-05-14T18:28:52","slug":"arroseur-i80","status":"publish","type":"product","link":"https:\/\/www.espacedeseaux.com\/?product=arroseur-i80","title":{"rendered":"ARROSEUR I80"},"content":{"rendered":"<p><img loading=\"lazy\" decoding=\"async\" class=\"alignnone size-medium wp-image-458\" src=\"http:\/\/espacedeseaux.com\/wp-content\/uploads\/2025\/05\/CARACTERISQTIUES-DU-PRODUIT-11-593x400.jpg\" alt=\"\" width=\"593\" height=\"400\" srcset=\"https:\/\/espacedeseaux.com\/wp-content\/uploads\/2025\/05\/CARACTERISQTIUES-DU-PRODUIT-11-593x400.jpg 593w, https:\/\/espacedeseaux.com\/wp-content\/uploads\/2025\/05\/CARACTERISQTIUES-DU-PRODUIT-11-510x344.jpg 510w, https:\/\/espacedeseaux.com\/wp-content\/uploads\/2025\/05\/CARACTERISQTIUES-DU-PRODUIT-11-1186x800.jpg 1186w, https:\/\/espacedeseaux.com\/wp-content\/uploads\/2025\/05\/CARACTERISQTIUES-DU-PRODUIT-11-768x518.jpg 768w, https:\/\/espacedeseaux.com\/wp-content\/uploads\/2025\/05\/CARACTERISQTIUES-DU-PRODUIT-11.jpg 1204w\" sizes=\"auto, (max-width: 593px) 100vw, 593px\" \/> <img loading=\"lazy\" decoding=\"async\" class=\"alignnone size-medium wp-image-459\" src=\"http:\/\/espacedeseaux.com\/wp-content\/uploads\/2025\/05\/SPECS-DU-PRODUIT-2-501x400.jpg\" alt=\"\" width=\"501\" height=\"400\" srcset=\"https:\/\/espacedeseaux.com\/wp-content\/uploads\/2025\/05\/SPECS-DU-PRODUIT-2-501x400.jpg 501w, https:\/\/espacedeseaux.com\/wp-content\/uploads\/2025\/05\/SPECS-DU-PRODUIT-2-510x407.jpg 510w, https:\/\/espacedeseaux.com\/wp-content\/uploads\/2025\/05\/SPECS-DU-PRODUIT-2.jpg 607w\" sizes=\"auto, (max-width: 501px) 100vw, 501px\" \/><\/p>\n","protected":false},"excerpt":{"rendered":"<p>Le rotor I-80, tr\u00e8s polyvalent et efficace, est le premier rotor pour gazon sportif commercial dot\u00e9 d&rsquo;une capacit\u00e9 d&rsquo;entretien totale sans creusement.<\/p>\n<hr \/>\n<p><strong>Rayon<\/strong> de 19,2 \u00e0 29,6 m<\/p>\n<p><strong>D\u00e9bit<\/strong> de 4,59 \u00e0 13,5 m3\/h<\/p>\n<p><strong>D\u00e9bit<\/strong> de 76.5 \u00e0 225.6 I\/min<\/p>\n<p><strong>Taille d&rsquo;entr\u00e9e<\/strong> 1\u00bd\u00a0\u00bb BSP<\/p>\n<ul>\n<li>Entra\u00eenement plan\u00e9taire robuste pour une fiabilit\u00e9 durable<\/li>\n<li>Conception de service total de qualit\u00e9 (TTS)<\/li>\n<li>R\u00e9glage complet de l&rsquo;arc Ajustez de 70\u00b0 \u00e0 360\u00b0 sans inversion<\/li>\n<li>Buses \u00e0 double trajectoire \u00e0 code couleur<\/li>\n<\/ul>\n","protected":false},"featured_media":460,"template":"","meta":[],"product_brand":[],"product_cat":[63],"product_tag":[79],"class_list":{"0":"post-457","1":"product","2":"type-product","3":"status-publish","4":"has-post-thumbnail","6":"product_cat-arroseurs","7":"product_tag-irrigation-paysagere","9":"first","10":"instock","11":"shipping-taxable","12":"product-type-simple"},"_links":{"self":[{"href":"https:\/\/www.espacedeseaux.com\/index.php?rest_route=\/wp\/v2\/product\/457","targetHints":{"allow":["GET"]}}],"collection":[{"href":"https:\/\/www.espacedeseaux.com\/index.php?rest_route=\/wp\/v2\/product"}],"about":[{"href":"https:\/\/www.espacedeseaux.com\/index.php?rest_route=\/wp\/v2\/types\/product"}],"wp:featuredmedia":[{"embeddable":true,"href":"https:\/\/www.espacedeseaux.com\/index.php?rest_route=\/wp\/v2\/media\/460"}],"wp:attachment":[{"href":"https:\/\/www.espacedeseaux.com\/index.php?rest_route=%2Fwp%2Fv2%2Fmedia&parent=457"}],"wp:term":[{"taxonomy":"product_brand","embeddable":true,"href":"https:\/\/www.espacedeseaux.com\/index.php?rest_route=%2Fwp%2Fv2%2Fproduct_brand&post=457"},{"taxonomy":"product_cat","embeddable":true,"href":"https:\/\/www.espacedeseaux.com\/index.php?rest_route=%2Fwp%2Fv2%2Fproduct_cat&post=457"},{"taxonomy":"product_tag","embeddable":true,"href":"https:\/\/www.espacedeseaux.com\/index.php?rest_route=%2Fwp%2Fv2%2Fproduct_tag&post=457"}],"curies":[{"name":"wp","href":"https:\/\/api.w.org\/{rel}","templated":true}]}}