{"id":463,"date":"2025-05-14T12:03:08","date_gmt":"2025-05-14T10:03:08","guid":{"rendered":"http:\/\/espacedeseaux.com\/?post_type=product&#038;p=463"},"modified":"2025-05-14T20:28:52","modified_gmt":"2025-05-14T18:28:52","slug":"arroseur-pgj","status":"publish","type":"product","link":"https:\/\/www.espacedeseaux.com\/?product=arroseur-pgj","title":{"rendered":"ARROSEUR PGJ"},"content":{"rendered":"<p><img loading=\"lazy\" decoding=\"async\" class=\"alignnone size-medium wp-image-464\" src=\"http:\/\/espacedeseaux.com\/wp-content\/uploads\/2025\/05\/CARACTERISQTIUES-DU-PRODUIT-12-800x308.jpg\" alt=\"\" width=\"800\" height=\"308\" srcset=\"https:\/\/espacedeseaux.com\/wp-content\/uploads\/2025\/05\/CARACTERISQTIUES-DU-PRODUIT-12-800x308.jpg 800w, https:\/\/espacedeseaux.com\/wp-content\/uploads\/2025\/05\/CARACTERISQTIUES-DU-PRODUIT-12-510x197.jpg 510w, https:\/\/espacedeseaux.com\/wp-content\/uploads\/2025\/05\/CARACTERISQTIUES-DU-PRODUIT-12-768x296.jpg 768w, https:\/\/espacedeseaux.com\/wp-content\/uploads\/2025\/05\/CARACTERISQTIUES-DU-PRODUIT-12.jpg 1212w\" sizes=\"auto, (max-width: 800px) 100vw, 800px\" \/> <img loading=\"lazy\" decoding=\"async\" class=\"alignnone size-medium wp-image-465\" src=\"http:\/\/espacedeseaux.com\/wp-content\/uploads\/2025\/05\/SPECS-DU-PRODUIT-3.jpg\" alt=\"\" width=\"610\" height=\"289\" srcset=\"https:\/\/espacedeseaux.com\/wp-content\/uploads\/2025\/05\/SPECS-DU-PRODUIT-3.jpg 610w, https:\/\/espacedeseaux.com\/wp-content\/uploads\/2025\/05\/SPECS-DU-PRODUIT-3-510x242.jpg 510w\" sizes=\"auto, (max-width: 610px) 100vw, 610px\" \/><\/p>\n","protected":false},"excerpt":{"rendered":"<p>Le PGJ, tr\u00e8s durable, offre tous les avantages d&rsquo;un grand rotor dans un ensemble compact de la taille d&rsquo;un pulv\u00e9risateur, avec des buses \u00e9conomes en eau et un r\u00e9glage facile de l&rsquo;arc.<\/p>\n<hr \/>\n<p><strong>Rayon<\/strong> de 4,3 \u00e0 10,7 m<\/p>\n<p><strong>D\u00e9bit<\/strong> de 0.08 \u00e0 1.00 m3 \/h<\/p>\n<p><strong>D\u00e9bit<\/strong> de 1,4 \u00e0 16,7 I\/min<\/p>\n<p><strong>Taille d&rsquo;entr\u00e9e<\/strong> \u00bd\u00a0\u00bb<\/p>\n<ul>\n<li><strong>Compact<\/strong> : obtenez tous les avantages d&rsquo;un rotor dans un format de pulv\u00e9risation<\/li>\n<li><strong>Rayon court<\/strong> : obtenez une couverture de rotor rapproch\u00e9e avec un rayon minimum de 4,3 m<\/li>\n<li><strong>Fiable<\/strong> : Le PGJ est con\u00e7u pour affronter des conditions difficiles pendant des ann\u00e9es<\/li>\n<\/ul>\n","protected":false},"featured_media":466,"template":"","meta":[],"product_brand":[],"product_cat":[63],"product_tag":[79],"class_list":{"0":"post-463","1":"product","2":"type-product","3":"status-publish","4":"has-post-thumbnail","6":"product_cat-arroseurs","7":"product_tag-irrigation-paysagere","9":"first","10":"instock","11":"shipping-taxable","12":"product-type-simple"},"_links":{"self":[{"href":"https:\/\/www.espacedeseaux.com\/index.php?rest_route=\/wp\/v2\/product\/463","targetHints":{"allow":["GET"]}}],"collection":[{"href":"https:\/\/www.espacedeseaux.com\/index.php?rest_route=\/wp\/v2\/product"}],"about":[{"href":"https:\/\/www.espacedeseaux.com\/index.php?rest_route=\/wp\/v2\/types\/product"}],"wp:featuredmedia":[{"embeddable":true,"href":"https:\/\/www.espacedeseaux.com\/index.php?rest_route=\/wp\/v2\/media\/466"}],"wp:attachment":[{"href":"https:\/\/www.espacedeseaux.com\/index.php?rest_route=%2Fwp%2Fv2%2Fmedia&parent=463"}],"wp:term":[{"taxonomy":"product_brand","embeddable":true,"href":"https:\/\/www.espacedeseaux.com\/index.php?rest_route=%2Fwp%2Fv2%2Fproduct_brand&post=463"},{"taxonomy":"product_cat","embeddable":true,"href":"https:\/\/www.espacedeseaux.com\/index.php?rest_route=%2Fwp%2Fv2%2Fproduct_cat&post=463"},{"taxonomy":"product_tag","embeddable":true,"href":"https:\/\/www.espacedeseaux.com\/index.php?rest_route=%2Fwp%2Fv2%2Fproduct_tag&post=463"}],"curies":[{"name":"wp","href":"https:\/\/api.w.org\/{rel}","templated":true}]}}