{"id":468,"date":"2025-05-14T12:06:14","date_gmt":"2025-05-14T10:06:14","guid":{"rendered":"http:\/\/espacedeseaux.com\/?post_type=product&#038;p=468"},"modified":"2025-05-14T20:28:51","modified_gmt":"2025-05-14T18:28:51","slug":"arroseur-pgp","status":"publish","type":"product","link":"https:\/\/www.espacedeseaux.com\/?product=arroseur-pgp","title":{"rendered":"ARROSEUR PGP"},"content":{"rendered":"<p><img loading=\"lazy\" decoding=\"async\" class=\"alignnone size-medium wp-image-469\" src=\"http:\/\/espacedeseaux.com\/wp-content\/uploads\/2025\/05\/CARACTERISQTIUES-DU-PRODUIT-13-800x334.jpg\" alt=\"\" width=\"800\" height=\"334\" srcset=\"https:\/\/espacedeseaux.com\/wp-content\/uploads\/2025\/05\/CARACTERISQTIUES-DU-PRODUIT-13-800x334.jpg 800w, https:\/\/espacedeseaux.com\/wp-content\/uploads\/2025\/05\/CARACTERISQTIUES-DU-PRODUIT-13-510x213.jpg 510w, https:\/\/espacedeseaux.com\/wp-content\/uploads\/2025\/05\/CARACTERISQTIUES-DU-PRODUIT-13-768x321.jpg 768w, https:\/\/espacedeseaux.com\/wp-content\/uploads\/2025\/05\/CARACTERISQTIUES-DU-PRODUIT-13.jpg 1226w\" sizes=\"auto, (max-width: 800px) 100vw, 800px\" \/> <img loading=\"lazy\" decoding=\"async\" class=\"alignnone size-medium wp-image-470\" src=\"http:\/\/espacedeseaux.com\/wp-content\/uploads\/2025\/05\/SPECS-DU-PRODUIT-4.jpg\" alt=\"\" width=\"688\" height=\"314\" srcset=\"https:\/\/espacedeseaux.com\/wp-content\/uploads\/2025\/05\/SPECS-DU-PRODUIT-4.jpg 688w, https:\/\/espacedeseaux.com\/wp-content\/uploads\/2025\/05\/SPECS-DU-PRODUIT-4-510x233.jpg 510w\" sizes=\"auto, (max-width: 688px) 100vw, 688px\" \/><\/p>\n","protected":false},"excerpt":{"rendered":"<p>En tant que rotor original de Hunter, le PGP\u2122 offre une fiabilit\u00e9, une durabilit\u00e9, une polyvalence et une valeur in\u00e9gal\u00e9es, ce qui en fait le choix des professionnels ann\u00e9e apr\u00e8s ann\u00e9e.<\/p>\n<hr \/>\n<p><strong>Rayon<\/strong> de 6.4 \u00e0 15.8 m<\/p>\n<p><strong>D\u00e9bit<\/strong> de 0,10 \u00e0 3.22 m3 \/h<\/p>\n<p><strong>D\u00e9bit<\/strong> de 1,7 \u00e0 53,7 l\/min<\/p>\n<p><strong>Taille d&rsquo;entr\u00e9e<\/strong> \u00be\u00a0\u00bb BSP<\/p>\n<ul>\n<li>L&rsquo;arroseur escamotable tourne silencieusement puis dispara\u00eet une fois le travail termin\u00e9<\/li>\n<li>Arrosage uniforme et efficace<\/li>\n<li>Permet un contr\u00f4le pr\u00e9cis des motifs sans laisser de r\u00e9sidus inutiles sur les all\u00e9es ou les b\u00e2timents<\/li>\n<li>Le r\u00e9glage par le haut avec symbole utile facilite le r\u00e9glage, qu&rsquo;il soit humide ou sec<\/li>\n<li>Le grand \u00e9cran d&rsquo;eau sale met fin au colmatage des buses<\/li>\n<\/ul>\n","protected":false},"featured_media":471,"template":"","meta":[],"product_brand":[],"product_cat":[63],"product_tag":[79],"class_list":{"0":"post-468","1":"product","2":"type-product","3":"status-publish","4":"has-post-thumbnail","6":"product_cat-arroseurs","7":"product_tag-irrigation-paysagere","9":"first","10":"instock","11":"shipping-taxable","12":"product-type-simple"},"_links":{"self":[{"href":"https:\/\/www.espacedeseaux.com\/index.php?rest_route=\/wp\/v2\/product\/468","targetHints":{"allow":["GET"]}}],"collection":[{"href":"https:\/\/www.espacedeseaux.com\/index.php?rest_route=\/wp\/v2\/product"}],"about":[{"href":"https:\/\/www.espacedeseaux.com\/index.php?rest_route=\/wp\/v2\/types\/product"}],"wp:featuredmedia":[{"embeddable":true,"href":"https:\/\/www.espacedeseaux.com\/index.php?rest_route=\/wp\/v2\/media\/471"}],"wp:attachment":[{"href":"https:\/\/www.espacedeseaux.com\/index.php?rest_route=%2Fwp%2Fv2%2Fmedia&parent=468"}],"wp:term":[{"taxonomy":"product_brand","embeddable":true,"href":"https:\/\/www.espacedeseaux.com\/index.php?rest_route=%2Fwp%2Fv2%2Fproduct_brand&post=468"},{"taxonomy":"product_cat","embeddable":true,"href":"https:\/\/www.espacedeseaux.com\/index.php?rest_route=%2Fwp%2Fv2%2Fproduct_cat&post=468"},{"taxonomy":"product_tag","embeddable":true,"href":"https:\/\/www.espacedeseaux.com\/index.php?rest_route=%2Fwp%2Fv2%2Fproduct_tag&post=468"}],"curies":[{"name":"wp","href":"https:\/\/api.w.org\/{rel}","templated":true}]}}