{"id":473,"date":"2025-05-14T12:09:49","date_gmt":"2025-05-14T10:09:49","guid":{"rendered":"http:\/\/espacedeseaux.com\/?post_type=product&#038;p=473"},"modified":"2025-05-14T20:28:51","modified_gmt":"2025-05-14T18:28:51","slug":"icv","status":"publish","type":"product","link":"https:\/\/www.espacedeseaux.com\/?product=icv","title":{"rendered":"ICV"},"content":{"rendered":"<p><img loading=\"lazy\" decoding=\"async\" class=\"alignnone size-medium wp-image-474\" src=\"http:\/\/espacedeseaux.com\/wp-content\/uploads\/2025\/05\/CARACTERISQTIUES-DU-PRODUIT-14-649x400.jpg\" alt=\"\" width=\"649\" height=\"400\" srcset=\"https:\/\/espacedeseaux.com\/wp-content\/uploads\/2025\/05\/CARACTERISQTIUES-DU-PRODUIT-14-649x400.jpg 649w, https:\/\/espacedeseaux.com\/wp-content\/uploads\/2025\/05\/CARACTERISQTIUES-DU-PRODUIT-14-510x314.jpg 510w, https:\/\/espacedeseaux.com\/wp-content\/uploads\/2025\/05\/CARACTERISQTIUES-DU-PRODUIT-14-768x474.jpg 768w, https:\/\/espacedeseaux.com\/wp-content\/uploads\/2025\/05\/CARACTERISQTIUES-DU-PRODUIT-14.jpg 1213w\" sizes=\"auto, (max-width: 649px) 100vw, 649px\" \/><\/p>\n","protected":false},"excerpt":{"rendered":"<p>Vanne haut de gamme pour syst\u00e8mes commerciaux haute pression, con\u00e7ue pour fonctionner de mani\u00e8re transparente avec les syst\u00e8mes les plus exigeants.<\/p>\n<hr \/>\n<p><strong>Entr\u00e9e \/ Sortie<\/strong> 1&Prime; (25 mm): 1\u00bd\u00a0\u00bb (40 mm): 2&Prime; (50 mm): 3&Prime; (80 mm)<\/p>\n<p><strong>D\u00e9bit<\/strong> de 0,06 \u00e0 68 m3\/h; de 0,4 \u00e0 1 135 l\/min<\/p>\n<ul>\n<li><strong>Fiable<\/strong> : Peut r\u00e9sister en permanence \u00e0 une pression allant jusqu&rsquo;\u00e0 15 bars<\/li>\n<li><strong>Durable<\/strong> : Fabriqu\u00e9 avec du nylon charg\u00e9 de verre, ce qui donne une construction extr\u00eamement robuste<\/li>\n<li><strong>Contr\u00f4le du d\u00e9bit<\/strong> : Permet un r\u00e9glage pr\u00e9cis du d\u00e9bit et de la pression pour chaque zone<\/li>\n<\/ul>\n","protected":false},"featured_media":475,"template":"","meta":[],"product_brand":[],"product_cat":[69],"product_tag":[79],"class_list":{"0":"post-473","1":"product","2":"type-product","3":"status-publish","4":"has-post-thumbnail","6":"product_cat-electrovannes","7":"product_tag-irrigation-paysagere","9":"first","10":"instock","11":"shipping-taxable","12":"product-type-simple"},"_links":{"self":[{"href":"https:\/\/www.espacedeseaux.com\/index.php?rest_route=\/wp\/v2\/product\/473","targetHints":{"allow":["GET"]}}],"collection":[{"href":"https:\/\/www.espacedeseaux.com\/index.php?rest_route=\/wp\/v2\/product"}],"about":[{"href":"https:\/\/www.espacedeseaux.com\/index.php?rest_route=\/wp\/v2\/types\/product"}],"wp:featuredmedia":[{"embeddable":true,"href":"https:\/\/www.espacedeseaux.com\/index.php?rest_route=\/wp\/v2\/media\/475"}],"wp:attachment":[{"href":"https:\/\/www.espacedeseaux.com\/index.php?rest_route=%2Fwp%2Fv2%2Fmedia&parent=473"}],"wp:term":[{"taxonomy":"product_brand","embeddable":true,"href":"https:\/\/www.espacedeseaux.com\/index.php?rest_route=%2Fwp%2Fv2%2Fproduct_brand&post=473"},{"taxonomy":"product_cat","embeddable":true,"href":"https:\/\/www.espacedeseaux.com\/index.php?rest_route=%2Fwp%2Fv2%2Fproduct_cat&post=473"},{"taxonomy":"product_tag","embeddable":true,"href":"https:\/\/www.espacedeseaux.com\/index.php?rest_route=%2Fwp%2Fv2%2Fproduct_tag&post=473"}],"curies":[{"name":"wp","href":"https:\/\/api.w.org\/{rel}","templated":true}]}}