{"id":495,"date":"2025-05-14T12:25:17","date_gmt":"2025-05-14T10:25:17","guid":{"rendered":"http:\/\/espacedeseaux.com\/?post_type=product&#038;p=495"},"modified":"2025-05-14T20:28:28","modified_gmt":"2025-05-14T18:28:28","slug":"filtres-a-tamis-a-disque-irritec","status":"publish","type":"product","link":"https:\/\/www.espacedeseaux.com\/?product=filtres-a-tamis-a-disque-irritec","title":{"rendered":"Filtres a\u0300 tamis &#038; a\u0300 disque Irritec"},"content":{"rendered":"<p><img loading=\"lazy\" decoding=\"async\" class=\"alignnone size-medium wp-image-496\" src=\"http:\/\/espacedeseaux.com\/wp-content\/uploads\/2025\/05\/CARACTERISQTIUES-DU-PRODUIT-19-800x266.jpg\" alt=\"\" width=\"800\" height=\"266\" srcset=\"https:\/\/espacedeseaux.com\/wp-content\/uploads\/2025\/05\/CARACTERISQTIUES-DU-PRODUIT-19-800x266.jpg 800w, https:\/\/espacedeseaux.com\/wp-content\/uploads\/2025\/05\/CARACTERISQTIUES-DU-PRODUIT-19-510x169.jpg 510w, https:\/\/espacedeseaux.com\/wp-content\/uploads\/2025\/05\/CARACTERISQTIUES-DU-PRODUIT-19-768x255.jpg 768w, https:\/\/espacedeseaux.com\/wp-content\/uploads\/2025\/05\/CARACTERISQTIUES-DU-PRODUIT-19.jpg 973w\" sizes=\"auto, (max-width: 800px) 100vw, 800px\" \/><\/p>\n","protected":false},"excerpt":{"rendered":"<p>Les filtres Irritec offrent la meilleure protection pour chaque syst\u00e8me d&rsquo;irrigation. Leur structure simple et s\u00fbre, fruit d&rsquo;une technologie de fabrication soign\u00e9e, r\u00e9duit les besoins d&rsquo;entretien. R\u00e9sistants aux variations de pression et aux contraintes externes, les filtres Irritec se caract\u00e9risent par un \u00e9l\u00e9ment filtrant robuste et flexible.<\/p>\n<p>La capacit\u00e9 hydraulique est garantie m\u00eame \u00e0 haute pression et les \u00e9l\u00e9ments filtrants garantissent une efficacit\u00e9 de filtration maximale. La vari\u00e9t\u00e9 des grades de filtration disponibles permet de r\u00e9pondre \u00e0 tous les besoins de filtration.<\/p>\n","protected":false},"featured_media":497,"template":"","meta":[],"product_brand":[],"product_cat":[75,71],"product_tag":[79],"class_list":{"0":"post-495","1":"product","2":"type-product","3":"status-publish","4":"has-post-thumbnail","6":"product_cat-filtres-reducteurs-de-pression","7":"product_cat-micro-irrigation","8":"product_tag-irrigation-paysagere","10":"first","11":"instock","12":"shipping-taxable","13":"product-type-simple"},"_links":{"self":[{"href":"https:\/\/www.espacedeseaux.com\/index.php?rest_route=\/wp\/v2\/product\/495","targetHints":{"allow":["GET"]}}],"collection":[{"href":"https:\/\/www.espacedeseaux.com\/index.php?rest_route=\/wp\/v2\/product"}],"about":[{"href":"https:\/\/www.espacedeseaux.com\/index.php?rest_route=\/wp\/v2\/types\/product"}],"wp:featuredmedia":[{"embeddable":true,"href":"https:\/\/www.espacedeseaux.com\/index.php?rest_route=\/wp\/v2\/media\/497"}],"wp:attachment":[{"href":"https:\/\/www.espacedeseaux.com\/index.php?rest_route=%2Fwp%2Fv2%2Fmedia&parent=495"}],"wp:term":[{"taxonomy":"product_brand","embeddable":true,"href":"https:\/\/www.espacedeseaux.com\/index.php?rest_route=%2Fwp%2Fv2%2Fproduct_brand&post=495"},{"taxonomy":"product_cat","embeddable":true,"href":"https:\/\/www.espacedeseaux.com\/index.php?rest_route=%2Fwp%2Fv2%2Fproduct_cat&post=495"},{"taxonomy":"product_tag","embeddable":true,"href":"https:\/\/www.espacedeseaux.com\/index.php?rest_route=%2Fwp%2Fv2%2Fproduct_tag&post=495"}],"curies":[{"name":"wp","href":"https:\/\/api.w.org\/{rel}","templated":true}]}}