{"id":507,"date":"2025-05-14T12:35:10","date_gmt":"2025-05-14T10:35:10","guid":{"rendered":"http:\/\/espacedeseaux.com\/?post_type=product&#038;p=507"},"modified":"2025-05-14T20:28:28","modified_gmt":"2025-05-14T18:28:28","slug":"gr-enterre","status":"publish","type":"product","link":"https:\/\/www.espacedeseaux.com\/?product=gr-enterre","title":{"rendered":"GR ENTERRE"},"content":{"rendered":"<p><img loading=\"lazy\" decoding=\"async\" class=\"alignnone size-full wp-image-508\" src=\"http:\/\/espacedeseaux.com\/wp-content\/uploads\/2025\/05\/CARACTERISTIQUES.jpg\" alt=\"\" width=\"630\" height=\"331\" srcset=\"https:\/\/espacedeseaux.com\/wp-content\/uploads\/2025\/05\/CARACTERISTIQUES.jpg 630w, https:\/\/espacedeseaux.com\/wp-content\/uploads\/2025\/05\/CARACTERISTIQUES-510x268.jpg 510w\" sizes=\"auto, (max-width: 630px) 100vw, 630px\" \/><\/p>\n","protected":false},"excerpt":{"rendered":"<p>GR ENTERRE est le tuyau \u00e9metteur le plus pr\u00e9cis du march\u00e9, conforme aux sp\u00e9cifications ISO g261, qui garantit la croissance des cultures sur n&rsquo;importe quel terrain, avec une moindre exigence en termes de ressources et un plus grand respect de l&rsquo;environnement.<\/p>\n<p>Sa technologie auto-compensatrice et anti-aspiration en fait la meilleure solution pour l&rsquo;irrigation goutte \u00e0 goutte enterr\u00e9e, car elle emp\u00eache l&rsquo;aspiration des particules dans la buse \u00e0 la fin de l&rsquo;irrigation.<\/p>\n","protected":false},"featured_media":509,"template":"","meta":[],"product_brand":[],"product_cat":[71,76],"product_tag":[79],"class_list":{"0":"post-507","1":"product","2":"type-product","3":"status-publish","4":"has-post-thumbnail","6":"product_cat-micro-irrigation","7":"product_cat-tuyaux-gr-et-gr-enterre","8":"product_tag-irrigation-paysagere","10":"first","11":"instock","12":"shipping-taxable","13":"product-type-simple"},"_links":{"self":[{"href":"https:\/\/www.espacedeseaux.com\/index.php?rest_route=\/wp\/v2\/product\/507","targetHints":{"allow":["GET"]}}],"collection":[{"href":"https:\/\/www.espacedeseaux.com\/index.php?rest_route=\/wp\/v2\/product"}],"about":[{"href":"https:\/\/www.espacedeseaux.com\/index.php?rest_route=\/wp\/v2\/types\/product"}],"wp:featuredmedia":[{"embeddable":true,"href":"https:\/\/www.espacedeseaux.com\/index.php?rest_route=\/wp\/v2\/media\/509"}],"wp:attachment":[{"href":"https:\/\/www.espacedeseaux.com\/index.php?rest_route=%2Fwp%2Fv2%2Fmedia&parent=507"}],"wp:term":[{"taxonomy":"product_brand","embeddable":true,"href":"https:\/\/www.espacedeseaux.com\/index.php?rest_route=%2Fwp%2Fv2%2Fproduct_brand&post=507"},{"taxonomy":"product_cat","embeddable":true,"href":"https:\/\/www.espacedeseaux.com\/index.php?rest_route=%2Fwp%2Fv2%2Fproduct_cat&post=507"},{"taxonomy":"product_tag","embeddable":true,"href":"https:\/\/www.espacedeseaux.com\/index.php?rest_route=%2Fwp%2Fv2%2Fproduct_tag&post=507"}],"curies":[{"name":"wp","href":"https:\/\/api.w.org\/{rel}","templated":true}]}}