{"id":511,"date":"2025-05-14T12:39:56","date_gmt":"2025-05-14T10:39:56","guid":{"rendered":"http:\/\/espacedeseaux.com\/?post_type=product&#038;p=511"},"modified":"2025-05-14T20:28:28","modified_gmt":"2025-05-14T18:28:28","slug":"gr-marron","status":"publish","type":"product","link":"https:\/\/www.espacedeseaux.com\/?product=gr-marron","title":{"rendered":"GR MARRON"},"content":{"rendered":"","protected":false},"excerpt":{"rendered":"<p>La ligne goutte-\u00e0-goutte classique avec goutteur cylindrique \u00e0 compensation de pression est la solution d&rsquo;irrigation id\u00e9ale pour les cultures multi-saisonni\u00e8res et convient aux terrains en pente et aux topographies irreguberes. La conception particuli\u00e8re du gouteur permet une compensation de pression emcace sur une tr\u00e8s serge. ADAPTE AUX TERRAINS EN PENTE<\/p>\n<p><strong>Caract\u00e9ristiques et avantages<\/strong> :<\/p>\n<ul>\n<li>Le syst\u00e8me de compensation de pression est garanti par une membrane en silicone qui maintient le debit constant lorsque la pression de travail change.<\/li>\n<li>Convient aux terrains en pente et aux topographes irregulieres.<\/li>\n<li>La conception particuli\u00e8re du goutteur permet une compensation de pression efficace sur une tr\u00e8s large plage.<\/li>\n<li>Dosace partait des engrais dans n&rsquo;importe quelle partie de la planto<\/li>\n<li>Lignes de plus de 800 m\u00e8tres.<\/li>\n<li>La version Drop Stop se caract\u00e9rise par la conception particuli\u00e8re du goutteur qui interrompt le d\u00e9bit \u00e0 la fin du cycle d&rsquo;irrigation, ce qui la rend particuli\u00e8rement adapt\u00e9e aux cultures qui n\u00e9cessitent des cycles d&rsquo;irrigation courts.<\/li>\n<li>La version avec syst\u00e8me anti-siphon emp\u00eache l&rsquo;aspiration des impuret\u00e9s<\/li>\n<li>Contorme a la norme s096<\/li>\n<\/ul>\n","protected":false},"featured_media":512,"template":"","meta":[],"product_brand":[],"product_cat":[71,76],"product_tag":[79],"class_list":{"0":"post-511","1":"product","2":"type-product","3":"status-publish","4":"has-post-thumbnail","6":"product_cat-micro-irrigation","7":"product_cat-tuyaux-gr-et-gr-enterre","8":"product_tag-irrigation-paysagere","10":"first","11":"instock","12":"shipping-taxable","13":"product-type-simple"},"_links":{"self":[{"href":"https:\/\/www.espacedeseaux.com\/index.php?rest_route=\/wp\/v2\/product\/511","targetHints":{"allow":["GET"]}}],"collection":[{"href":"https:\/\/www.espacedeseaux.com\/index.php?rest_route=\/wp\/v2\/product"}],"about":[{"href":"https:\/\/www.espacedeseaux.com\/index.php?rest_route=\/wp\/v2\/types\/product"}],"wp:featuredmedia":[{"embeddable":true,"href":"https:\/\/www.espacedeseaux.com\/index.php?rest_route=\/wp\/v2\/media\/512"}],"wp:attachment":[{"href":"https:\/\/www.espacedeseaux.com\/index.php?rest_route=%2Fwp%2Fv2%2Fmedia&parent=511"}],"wp:term":[{"taxonomy":"product_brand","embeddable":true,"href":"https:\/\/www.espacedeseaux.com\/index.php?rest_route=%2Fwp%2Fv2%2Fproduct_brand&post=511"},{"taxonomy":"product_cat","embeddable":true,"href":"https:\/\/www.espacedeseaux.com\/index.php?rest_route=%2Fwp%2Fv2%2Fproduct_cat&post=511"},{"taxonomy":"product_tag","embeddable":true,"href":"https:\/\/www.espacedeseaux.com\/index.php?rest_route=%2Fwp%2Fv2%2Fproduct_tag&post=511"}],"curies":[{"name":"wp","href":"https:\/\/api.w.org\/{rel}","templated":true}]}}