{"id":519,"date":"2025-05-14T18:35:17","date_gmt":"2025-05-14T16:35:17","guid":{"rendered":"http:\/\/espacedeseaux.com\/?post_type=product&#038;p=519"},"modified":"2025-05-14T20:28:27","modified_gmt":"2025-05-14T18:28:27","slug":"sonde-debimetre-hc","status":"publish","type":"product","link":"https:\/\/www.espacedeseaux.com\/?product=sonde-debimetre-hc","title":{"rendered":"SONDE DEBIMETRE HC"},"content":{"rendered":"<p><img loading=\"lazy\" decoding=\"async\" class=\"alignnone size-medium wp-image-520\" src=\"http:\/\/espacedeseaux.com\/wp-content\/uploads\/2025\/05\/CARACTERISQTIUES-DU-PRODUIT-24-752x400.jpg\" alt=\"\" width=\"752\" height=\"400\" srcset=\"https:\/\/espacedeseaux.com\/wp-content\/uploads\/2025\/05\/CARACTERISQTIUES-DU-PRODUIT-24-752x400.jpg 752w, https:\/\/espacedeseaux.com\/wp-content\/uploads\/2025\/05\/CARACTERISQTIUES-DU-PRODUIT-24-510x271.jpg 510w, https:\/\/espacedeseaux.com\/wp-content\/uploads\/2025\/05\/CARACTERISQTIUES-DU-PRODUIT-24-768x409.jpg 768w, https:\/\/espacedeseaux.com\/wp-content\/uploads\/2025\/05\/CARACTERISQTIUES-DU-PRODUIT-24.jpg 1248w\" sizes=\"auto, (max-width: 752px) 100vw, 752px\" \/> <img loading=\"lazy\" decoding=\"async\" class=\"alignnone size-medium wp-image-521\" src=\"http:\/\/espacedeseaux.com\/wp-content\/uploads\/2025\/05\/SPECS-DU-PRODUIT-6-652x400.jpg\" alt=\"\" width=\"652\" height=\"400\" srcset=\"https:\/\/espacedeseaux.com\/wp-content\/uploads\/2025\/05\/SPECS-DU-PRODUIT-6-652x400.jpg 652w, https:\/\/espacedeseaux.com\/wp-content\/uploads\/2025\/05\/SPECS-DU-PRODUIT-6-510x313.jpg 510w, https:\/\/espacedeseaux.com\/wp-content\/uploads\/2025\/05\/SPECS-DU-PRODUIT-6-768x471.jpg 768w, https:\/\/espacedeseaux.com\/wp-content\/uploads\/2025\/05\/SPECS-DU-PRODUIT-6.jpg 782w\" sizes=\"auto, (max-width: 652px) 100vw, 652px\" \/><\/p>\n","protected":false},"excerpt":{"rendered":"<p>D\u00e9tectez, surveillez et rapportez les donn\u00e9es des zones de d\u00e9bit critiques et les d\u00e9bits totaux du syst\u00e8me avec un capteur de d\u00e9bit simple \u00e0 installer.<\/p>\n<p>Ajoutez des capacit\u00e9s de surveillance du d\u00e9bit sans fil aux syst\u00e8mes Hydrawise, un kit de communication abordable.<\/p>\n<hr \/>\n<p><strong>Sonde<\/strong> D\u00e9bit<\/p>\n<ul>\n<li><strong>Polyvalent<\/strong> : kit de communication sans fil pouvant s&rsquo;utiliser avec n&rsquo;importe quel d\u00e9bitm\u00e8tre HC et programmateur HC, HPC, Pro-HC ou HCC compatible avec Hydrawise.<\/li>\n<li><strong>Pratique<\/strong> : envoie les d\u00e9bits et la consommation totale de chaque station de la sonde au programmateur \u00e0 l&rsquo;aide d&rsquo;une connexion sans fil, sans qu&rsquo;il soit n\u00e9cessaire d&rsquo;installer des c\u00e2bles ou de creuser des tranch\u00e9es.<\/li>\n<li><strong>Efficace<\/strong> : offre une port\u00e9e de communication maximale de 152 m sans obstacle entre l&rsquo;\u00e9metteur et le r\u00e9cepteur<\/li>\n<\/ul>\n","protected":false},"featured_media":522,"template":"","meta":[],"product_brand":[],"product_cat":[72],"product_tag":[79],"class_list":{"0":"post-519","1":"product","2":"type-product","3":"status-publish","4":"has-post-thumbnail","6":"product_cat-sondes","7":"product_tag-irrigation-paysagere","9":"first","10":"instock","11":"shipping-taxable","12":"product-type-simple"},"_links":{"self":[{"href":"https:\/\/www.espacedeseaux.com\/index.php?rest_route=\/wp\/v2\/product\/519","targetHints":{"allow":["GET"]}}],"collection":[{"href":"https:\/\/www.espacedeseaux.com\/index.php?rest_route=\/wp\/v2\/product"}],"about":[{"href":"https:\/\/www.espacedeseaux.com\/index.php?rest_route=\/wp\/v2\/types\/product"}],"wp:featuredmedia":[{"embeddable":true,"href":"https:\/\/www.espacedeseaux.com\/index.php?rest_route=\/wp\/v2\/media\/522"}],"wp:attachment":[{"href":"https:\/\/www.espacedeseaux.com\/index.php?rest_route=%2Fwp%2Fv2%2Fmedia&parent=519"}],"wp:term":[{"taxonomy":"product_brand","embeddable":true,"href":"https:\/\/www.espacedeseaux.com\/index.php?rest_route=%2Fwp%2Fv2%2Fproduct_brand&post=519"},{"taxonomy":"product_cat","embeddable":true,"href":"https:\/\/www.espacedeseaux.com\/index.php?rest_route=%2Fwp%2Fv2%2Fproduct_cat&post=519"},{"taxonomy":"product_tag","embeddable":true,"href":"https:\/\/www.espacedeseaux.com\/index.php?rest_route=%2Fwp%2Fv2%2Fproduct_tag&post=519"}],"curies":[{"name":"wp","href":"https:\/\/api.w.org\/{rel}","templated":true}]}}