{"id":536,"date":"2025-05-14T18:45:02","date_gmt":"2025-05-14T16:45:02","guid":{"rendered":"http:\/\/espacedeseaux.com\/?post_type=product&#038;p=536"},"modified":"2025-05-14T20:28:27","modified_gmt":"2025-05-14T18:28:27","slug":"sonde-solar-sync","status":"publish","type":"product","link":"https:\/\/www.espacedeseaux.com\/?product=sonde-solar-sync","title":{"rendered":"SONDE SOLAR SYNC"},"content":{"rendered":"<p><img loading=\"lazy\" decoding=\"async\" class=\"alignnone size-medium wp-image-537\" src=\"http:\/\/espacedeseaux.com\/wp-content\/uploads\/2025\/05\/CARACTERISQTIUES-DU-PRODUIT-27-595x400.jpg\" alt=\"\" width=\"595\" height=\"400\" srcset=\"https:\/\/espacedeseaux.com\/wp-content\/uploads\/2025\/05\/CARACTERISQTIUES-DU-PRODUIT-27-595x400.jpg 595w, https:\/\/espacedeseaux.com\/wp-content\/uploads\/2025\/05\/CARACTERISQTIUES-DU-PRODUIT-27-510x343.jpg 510w, https:\/\/espacedeseaux.com\/wp-content\/uploads\/2025\/05\/CARACTERISQTIUES-DU-PRODUIT-27-1190x800.jpg 1190w, https:\/\/espacedeseaux.com\/wp-content\/uploads\/2025\/05\/CARACTERISQTIUES-DU-PRODUIT-27-768x516.jpg 768w, https:\/\/espacedeseaux.com\/wp-content\/uploads\/2025\/05\/CARACTERISQTIUES-DU-PRODUIT-27.jpg 1266w\" sizes=\"auto, (max-width: 595px) 100vw, 595px\" \/> <img loading=\"lazy\" decoding=\"async\" class=\"alignnone size-medium wp-image-538\" src=\"http:\/\/espacedeseaux.com\/wp-content\/uploads\/2025\/05\/SPECS-DU-PRODUIT-9-719x400.jpg\" alt=\"\" width=\"719\" height=\"400\" srcset=\"https:\/\/espacedeseaux.com\/wp-content\/uploads\/2025\/05\/SPECS-DU-PRODUIT-9-719x400.jpg 719w, https:\/\/espacedeseaux.com\/wp-content\/uploads\/2025\/05\/SPECS-DU-PRODUIT-9-510x284.jpg 510w, https:\/\/espacedeseaux.com\/wp-content\/uploads\/2025\/05\/SPECS-DU-PRODUIT-9-768x427.jpg 768w, https:\/\/espacedeseaux.com\/wp-content\/uploads\/2025\/05\/SPECS-DU-PRODUIT-9.jpg 829w\" sizes=\"auto, (max-width: 719px) 100vw, 719px\" \/><\/p>\n","protected":false},"excerpt":{"rendered":"<p>Cette sonde ajuste automatiquement la dur\u00e9e des programmes d&rsquo;arrosage en fonction des conditions climatiques locales afin de r\u00e9duire la consommation d&rsquo;eau et d&rsquo;am\u00e9liorer la sant\u00e9 de la v\u00e9g\u00e9tation.<\/p>\n<hr \/>\n<p><strong>Sonde<\/strong> ET\/Pluie\/Gel<\/p>\n<ul>\n<li>Ajuste automatiquement la dur\u00e9e d&rsquo;arrosage en fonction des conditions m\u00e9t\u00e9orologiques (rayonnement solaire et temp\u00e9rature de l&rsquo;air sur site)<\/li>\n<li>Quick Response\u2122 : arr\u00eat instantan\u00e9 du syst\u00e8me en cas de pluie ou de gel (\u00e0 3 \u00b0C)<\/li>\n<li>Conception sans entretien avec pile int\u00e9gr\u00e9e pour les mod\u00e8les sans fil<\/li>\n<\/ul>\n","protected":false},"featured_media":539,"template":"","meta":[],"product_brand":[],"product_cat":[72],"product_tag":[79],"class_list":{"0":"post-536","1":"product","2":"type-product","3":"status-publish","4":"has-post-thumbnail","6":"product_cat-sondes","7":"product_tag-irrigation-paysagere","9":"first","10":"instock","11":"shipping-taxable","12":"product-type-simple"},"_links":{"self":[{"href":"https:\/\/www.espacedeseaux.com\/index.php?rest_route=\/wp\/v2\/product\/536","targetHints":{"allow":["GET"]}}],"collection":[{"href":"https:\/\/www.espacedeseaux.com\/index.php?rest_route=\/wp\/v2\/product"}],"about":[{"href":"https:\/\/www.espacedeseaux.com\/index.php?rest_route=\/wp\/v2\/types\/product"}],"wp:featuredmedia":[{"embeddable":true,"href":"https:\/\/www.espacedeseaux.com\/index.php?rest_route=\/wp\/v2\/media\/539"}],"wp:attachment":[{"href":"https:\/\/www.espacedeseaux.com\/index.php?rest_route=%2Fwp%2Fv2%2Fmedia&parent=536"}],"wp:term":[{"taxonomy":"product_brand","embeddable":true,"href":"https:\/\/www.espacedeseaux.com\/index.php?rest_route=%2Fwp%2Fv2%2Fproduct_brand&post=536"},{"taxonomy":"product_cat","embeddable":true,"href":"https:\/\/www.espacedeseaux.com\/index.php?rest_route=%2Fwp%2Fv2%2Fproduct_cat&post=536"},{"taxonomy":"product_tag","embeddable":true,"href":"https:\/\/www.espacedeseaux.com\/index.php?rest_route=%2Fwp%2Fv2%2Fproduct_tag&post=536"}],"curies":[{"name":"wp","href":"https:\/\/api.w.org\/{rel}","templated":true}]}}