{"id":541,"date":"2025-05-14T18:47:47","date_gmt":"2025-05-14T16:47:47","guid":{"rendered":"http:\/\/espacedeseaux.com\/?post_type=product&#038;p=541"},"modified":"2025-05-14T20:28:27","modified_gmt":"2025-05-14T18:28:27","slug":"st-90","status":"publish","type":"product","link":"https:\/\/www.espacedeseaux.com\/?product=st-90","title":{"rendered":"ST 90"},"content":{"rendered":"<p><img loading=\"lazy\" decoding=\"async\" class=\"alignnone size-medium wp-image-542\" src=\"http:\/\/espacedeseaux.com\/wp-content\/uploads\/2025\/05\/CARACTERISQTIUES-DU-PRODUIT-28-800x340.jpg\" alt=\"\" width=\"800\" height=\"340\" srcset=\"https:\/\/espacedeseaux.com\/wp-content\/uploads\/2025\/05\/CARACTERISQTIUES-DU-PRODUIT-28-800x340.jpg 800w, https:\/\/espacedeseaux.com\/wp-content\/uploads\/2025\/05\/CARACTERISQTIUES-DU-PRODUIT-28-510x217.jpg 510w, https:\/\/espacedeseaux.com\/wp-content\/uploads\/2025\/05\/CARACTERISQTIUES-DU-PRODUIT-28-768x327.jpg 768w, https:\/\/espacedeseaux.com\/wp-content\/uploads\/2025\/05\/CARACTERISQTIUES-DU-PRODUIT-28.jpg 1289w\" sizes=\"auto, (max-width: 800px) 100vw, 800px\" \/> <img loading=\"lazy\" decoding=\"async\" class=\"alignnone size-medium wp-image-543\" src=\"http:\/\/espacedeseaux.com\/wp-content\/uploads\/2025\/05\/SPECS-DU-PRODUIT-10.jpg\" alt=\"\" width=\"666\" height=\"274\" srcset=\"https:\/\/espacedeseaux.com\/wp-content\/uploads\/2025\/05\/SPECS-DU-PRODUIT-10.jpg 666w, https:\/\/espacedeseaux.com\/wp-content\/uploads\/2025\/05\/SPECS-DU-PRODUIT-10-510x210.jpg 510w\" sizes=\"auto, (max-width: 666px) 100vw, 666px\" \/><\/p>\n","protected":false},"excerpt":{"rendered":"<p>L&rsquo;arroseur pour pelouse synth\u00e9tique ST-90-B est con\u00e7u pour \u00eatre install\u00e9 sur de la pelouse naturelle, le long de la surface de jeu.<\/p>\n<p>C&rsquo;est la solution id\u00e9ale pour les terrains de petite taille et de taille moyenne.<\/p>\n<hr \/>\n<p><strong>Application<\/strong> Terrains de sport en gazon synth\u00e9tique<\/p>\n<p><strong>Port\u00e9e<\/strong> 31,4 \u00e0 36.6 m<\/p>\n<p><strong>D\u00e9bit<\/strong> 16,9 \u00e0 20,9 m3 \/h<\/p>\n<p><strong>D\u00e9bit<\/strong> 282,0 \u00e0 348 1\/min<\/p>\n<p><strong>Taille de l&rsquo;entr\u00e9e<\/strong> 40 mm BSP<\/p>\n","protected":false},"featured_media":544,"template":"","meta":[],"product_brand":[],"product_cat":[73],"product_tag":[79],"class_list":{"0":"post-541","1":"product","2":"type-product","3":"status-publish","4":"has-post-thumbnail","6":"product_cat-systemes-st","7":"product_tag-irrigation-paysagere","9":"first","10":"instock","11":"shipping-taxable","12":"product-type-simple"},"_links":{"self":[{"href":"https:\/\/www.espacedeseaux.com\/index.php?rest_route=\/wp\/v2\/product\/541","targetHints":{"allow":["GET"]}}],"collection":[{"href":"https:\/\/www.espacedeseaux.com\/index.php?rest_route=\/wp\/v2\/product"}],"about":[{"href":"https:\/\/www.espacedeseaux.com\/index.php?rest_route=\/wp\/v2\/types\/product"}],"wp:featuredmedia":[{"embeddable":true,"href":"https:\/\/www.espacedeseaux.com\/index.php?rest_route=\/wp\/v2\/media\/544"}],"wp:attachment":[{"href":"https:\/\/www.espacedeseaux.com\/index.php?rest_route=%2Fwp%2Fv2%2Fmedia&parent=541"}],"wp:term":[{"taxonomy":"product_brand","embeddable":true,"href":"https:\/\/www.espacedeseaux.com\/index.php?rest_route=%2Fwp%2Fv2%2Fproduct_brand&post=541"},{"taxonomy":"product_cat","embeddable":true,"href":"https:\/\/www.espacedeseaux.com\/index.php?rest_route=%2Fwp%2Fv2%2Fproduct_cat&post=541"},{"taxonomy":"product_tag","embeddable":true,"href":"https:\/\/www.espacedeseaux.com\/index.php?rest_route=%2Fwp%2Fv2%2Fproduct_tag&post=541"}],"curies":[{"name":"wp","href":"https:\/\/api.w.org\/{rel}","templated":true}]}}