{"id":546,"date":"2025-05-14T18:57:17","date_gmt":"2025-05-14T16:57:17","guid":{"rendered":"http:\/\/espacedeseaux.com\/?post_type=product&#038;p=546"},"modified":"2025-05-14T20:28:27","modified_gmt":"2025-05-14T18:28:27","slug":"st-1600","status":"publish","type":"product","link":"https:\/\/www.espacedeseaux.com\/?product=st-1600","title":{"rendered":"ST 1600"},"content":{"rendered":"<p><img loading=\"lazy\" decoding=\"async\" class=\"alignnone size-medium wp-image-547\" src=\"http:\/\/espacedeseaux.com\/wp-content\/uploads\/2025\/05\/CARACTERISQTIUES-DU-PRODUIT-29-741x400.jpg\" alt=\"\" width=\"741\" height=\"400\" srcset=\"https:\/\/espacedeseaux.com\/wp-content\/uploads\/2025\/05\/CARACTERISQTIUES-DU-PRODUIT-29-741x400.jpg 741w, https:\/\/espacedeseaux.com\/wp-content\/uploads\/2025\/05\/CARACTERISQTIUES-DU-PRODUIT-29-510x275.jpg 510w, https:\/\/espacedeseaux.com\/wp-content\/uploads\/2025\/05\/CARACTERISQTIUES-DU-PRODUIT-29-768x414.jpg 768w, https:\/\/espacedeseaux.com\/wp-content\/uploads\/2025\/05\/CARACTERISQTIUES-DU-PRODUIT-29.jpg 1184w\" sizes=\"auto, (max-width: 741px) 100vw, 741px\" \/> <img loading=\"lazy\" decoding=\"async\" class=\"alignnone size-medium wp-image-548\" src=\"http:\/\/espacedeseaux.com\/wp-content\/uploads\/2025\/05\/SPECS-DU-PRODUIT-11-781x400.jpg\" alt=\"\" width=\"781\" height=\"400\" srcset=\"https:\/\/espacedeseaux.com\/wp-content\/uploads\/2025\/05\/SPECS-DU-PRODUIT-11-781x400.jpg 781w, https:\/\/espacedeseaux.com\/wp-content\/uploads\/2025\/05\/SPECS-DU-PRODUIT-11-510x261.jpg 510w, https:\/\/espacedeseaux.com\/wp-content\/uploads\/2025\/05\/SPECS-DU-PRODUIT-11-768x393.jpg 768w, https:\/\/espacedeseaux.com\/wp-content\/uploads\/2025\/05\/SPECS-DU-PRODUIT-11.jpg 791w\" sizes=\"auto, (max-width: 781px) 100vw, 781px\" \/><\/p>\n","protected":false},"excerpt":{"rendered":"<p>B\u00e9n\u00e9ficiant d&rsquo;une longue port\u00e9e allant jusqu&rsquo;\u00e0 50,3 m, l&rsquo;arroseur ST-1600-HS-B constitue le choix id\u00e9al pour nettoyer, rafra\u00eechir et rincer les grands terrains de sport en pelouse synth\u00e9tique afin qu&rsquo;ils soient toujours par\u00e9s pour le jeu.<\/p>\n<hr \/>\n<p><strong>Application<\/strong> Terrains de sport en gazon synth\u00e9tique<\/p>\n<p><strong>Port\u00e9e<\/strong> 32,5 \u00e0 50.3 m<\/p>\n<p><strong>D\u00e9bit<\/strong> 21,8 \u00e0 74,2 m3\/h<\/p>\n<p><strong>D\u00e9bit<\/strong> 364 \u00e0 1.237 I\/min<\/p>\n<p><strong>Taille de l&rsquo;entr\u00e9e<\/strong> 50 mm BSP<\/p>\n","protected":false},"featured_media":549,"template":"","meta":[],"product_brand":[],"product_cat":[73],"product_tag":[79],"class_list":{"0":"post-546","1":"product","2":"type-product","3":"status-publish","4":"has-post-thumbnail","6":"product_cat-systemes-st","7":"product_tag-irrigation-paysagere","9":"first","10":"instock","11":"shipping-taxable","12":"product-type-simple"},"_links":{"self":[{"href":"https:\/\/www.espacedeseaux.com\/index.php?rest_route=\/wp\/v2\/product\/546","targetHints":{"allow":["GET"]}}],"collection":[{"href":"https:\/\/www.espacedeseaux.com\/index.php?rest_route=\/wp\/v2\/product"}],"about":[{"href":"https:\/\/www.espacedeseaux.com\/index.php?rest_route=\/wp\/v2\/types\/product"}],"wp:featuredmedia":[{"embeddable":true,"href":"https:\/\/www.espacedeseaux.com\/index.php?rest_route=\/wp\/v2\/media\/549"}],"wp:attachment":[{"href":"https:\/\/www.espacedeseaux.com\/index.php?rest_route=%2Fwp%2Fv2%2Fmedia&parent=546"}],"wp:term":[{"taxonomy":"product_brand","embeddable":true,"href":"https:\/\/www.espacedeseaux.com\/index.php?rest_route=%2Fwp%2Fv2%2Fproduct_brand&post=546"},{"taxonomy":"product_cat","embeddable":true,"href":"https:\/\/www.espacedeseaux.com\/index.php?rest_route=%2Fwp%2Fv2%2Fproduct_cat&post=546"},{"taxonomy":"product_tag","embeddable":true,"href":"https:\/\/www.espacedeseaux.com\/index.php?rest_route=%2Fwp%2Fv2%2Fproduct_tag&post=546"}],"curies":[{"name":"wp","href":"https:\/\/api.w.org\/{rel}","templated":true}]}}