{"id":566,"date":"2025-05-14T19:11:52","date_gmt":"2025-05-14T17:11:52","guid":{"rendered":"http:\/\/espacedeseaux.com\/?post_type=product&#038;p=566"},"modified":"2025-05-14T20:28:26","modified_gmt":"2025-05-14T18:28:26","slug":"buses-mp-rotator","status":"publish","type":"product","link":"https:\/\/www.espacedeseaux.com\/?product=buses-mp-rotator","title":{"rendered":"BUSES MP ROTATOR"},"content":{"rendered":"<p><img loading=\"lazy\" decoding=\"async\" class=\"alignnone size-medium wp-image-567\" src=\"http:\/\/espacedeseaux.com\/wp-content\/uploads\/2025\/05\/CARACTERISQTIUES-DU-PRODUIT-32-707x400.jpg\" alt=\"\" width=\"707\" height=\"400\" srcset=\"https:\/\/espacedeseaux.com\/wp-content\/uploads\/2025\/05\/CARACTERISQTIUES-DU-PRODUIT-32-707x400.jpg 707w, https:\/\/espacedeseaux.com\/wp-content\/uploads\/2025\/05\/CARACTERISQTIUES-DU-PRODUIT-32-510x289.jpg 510w, https:\/\/espacedeseaux.com\/wp-content\/uploads\/2025\/05\/CARACTERISQTIUES-DU-PRODUIT-32-768x435.jpg 768w, https:\/\/espacedeseaux.com\/wp-content\/uploads\/2025\/05\/CARACTERISQTIUES-DU-PRODUIT-32.jpg 1253w\" sizes=\"auto, (max-width: 707px) 100vw, 707px\" \/> <img loading=\"lazy\" decoding=\"async\" class=\"alignnone size-medium wp-image-568\" src=\"http:\/\/espacedeseaux.com\/wp-content\/uploads\/2025\/05\/SPECS-DU-PRODUIT-13-800x392.jpg\" alt=\"\" width=\"800\" height=\"392\" srcset=\"https:\/\/espacedeseaux.com\/wp-content\/uploads\/2025\/05\/SPECS-DU-PRODUIT-13-800x392.jpg 800w, https:\/\/espacedeseaux.com\/wp-content\/uploads\/2025\/05\/SPECS-DU-PRODUIT-13-510x250.jpg 510w, https:\/\/espacedeseaux.com\/wp-content\/uploads\/2025\/05\/SPECS-DU-PRODUIT-13-768x376.jpg 768w, https:\/\/espacedeseaux.com\/wp-content\/uploads\/2025\/05\/SPECS-DU-PRODUIT-13.jpg 880w\" sizes=\"auto, (max-width: 800px) 100vw, 800px\" \/><\/p>\n","protected":false},"excerpt":{"rendered":"<p>Avec son taux de pr\u00e9cipitation le plus faible du march\u00e9 et sa technologie multi-jet, la buse MP Rotator standard est une buse extr\u00eamement fiable.<\/p>\n<p>Cette buse \u00e0 haut rendement vous permet de profiter d&rsquo;un usage d&rsquo;eau qui peut \u00eatre 30 % plus \u00e9conomique par rapport \u00e0 celui des buses de pulv\u00e9risation conventionnelles.<\/p>\n<hr \/>\n<p><strong>Port\u00e9e<\/strong> 2.5 \u00e0 10.7 m<\/p>\n<p><strong>Pluvio<\/strong>. Approximately10 mm\/hr<\/p>\n<ul>\n<li>Taux de pr\u00e9cipitation le plus faible du march\u00e9 : environ 10 mm\/h<\/li>\n<li>Pluviom\u00e9trie proportionnelle pour une conception \u00e0 la fois plus simple et plus flexible<\/li>\n<li>Fonction \u00ab Double \u00e9mergence \u00bb prot\u00e9geant la buse contre les d\u00e9bris ext\u00e9rieurs<\/li>\n<li>Uniformit\u00e9 de distribution \u00e9lev\u00e9e pour des espaces verts sains et une efficacit\u00e9 d&rsquo;arrosage optimale<\/li>\n<\/ul>\n","protected":false},"featured_media":569,"template":"","meta":[],"product_brand":[],"product_cat":[77,74],"product_tag":[79],"class_list":{"0":"post-566","1":"product","2":"type-product","3":"status-publish","4":"has-post-thumbnail","6":"product_cat-buses","7":"product_cat-tuyeres-buses","8":"product_tag-irrigation-paysagere","10":"first","11":"instock","12":"shipping-taxable","13":"product-type-simple"},"_links":{"self":[{"href":"https:\/\/www.espacedeseaux.com\/index.php?rest_route=\/wp\/v2\/product\/566","targetHints":{"allow":["GET"]}}],"collection":[{"href":"https:\/\/www.espacedeseaux.com\/index.php?rest_route=\/wp\/v2\/product"}],"about":[{"href":"https:\/\/www.espacedeseaux.com\/index.php?rest_route=\/wp\/v2\/types\/product"}],"wp:featuredmedia":[{"embeddable":true,"href":"https:\/\/www.espacedeseaux.com\/index.php?rest_route=\/wp\/v2\/media\/569"}],"wp:attachment":[{"href":"https:\/\/www.espacedeseaux.com\/index.php?rest_route=%2Fwp%2Fv2%2Fmedia&parent=566"}],"wp:term":[{"taxonomy":"product_brand","embeddable":true,"href":"https:\/\/www.espacedeseaux.com\/index.php?rest_route=%2Fwp%2Fv2%2Fproduct_brand&post=566"},{"taxonomy":"product_cat","embeddable":true,"href":"https:\/\/www.espacedeseaux.com\/index.php?rest_route=%2Fwp%2Fv2%2Fproduct_cat&post=566"},{"taxonomy":"product_tag","embeddable":true,"href":"https:\/\/www.espacedeseaux.com\/index.php?rest_route=%2Fwp%2Fv2%2Fproduct_tag&post=566"}],"curies":[{"name":"wp","href":"https:\/\/api.w.org\/{rel}","templated":true}]}}