{"id":573,"date":"2025-05-14T19:15:02","date_gmt":"2025-05-14T17:15:02","guid":{"rendered":"http:\/\/espacedeseaux.com\/?post_type=product&#038;p=573"},"modified":"2025-05-14T20:28:26","modified_gmt":"2025-05-14T18:28:26","slug":"buses-pour-plates-bandes","status":"publish","type":"product","link":"https:\/\/www.espacedeseaux.com\/?product=buses-pour-plates-bandes","title":{"rendered":"BUSES POUR PLATES-BANDES"},"content":{"rendered":"<p><img loading=\"lazy\" decoding=\"async\" class=\"alignnone size-medium wp-image-574\" src=\"http:\/\/espacedeseaux.com\/wp-content\/uploads\/2025\/05\/CARACTERISQTIUES-DU-PRODUIT-33-800x184.jpg\" alt=\"\" width=\"800\" height=\"184\" srcset=\"https:\/\/espacedeseaux.com\/wp-content\/uploads\/2025\/05\/CARACTERISQTIUES-DU-PRODUIT-33-800x184.jpg 800w, https:\/\/espacedeseaux.com\/wp-content\/uploads\/2025\/05\/CARACTERISQTIUES-DU-PRODUIT-33-510x117.jpg 510w, https:\/\/espacedeseaux.com\/wp-content\/uploads\/2025\/05\/CARACTERISQTIUES-DU-PRODUIT-33-768x176.jpg 768w, https:\/\/espacedeseaux.com\/wp-content\/uploads\/2025\/05\/CARACTERISQTIUES-DU-PRODUIT-33.jpg 1310w\" sizes=\"auto, (max-width: 800px) 100vw, 800px\" \/> <img loading=\"lazy\" decoding=\"async\" class=\"alignnone size-medium wp-image-575\" src=\"http:\/\/espacedeseaux.com\/wp-content\/uploads\/2025\/05\/SPECS-DU-PRODUIT-14-800x147.jpg\" alt=\"\" width=\"800\" height=\"147\" srcset=\"https:\/\/espacedeseaux.com\/wp-content\/uploads\/2025\/05\/SPECS-DU-PRODUIT-14-800x147.jpg 800w, https:\/\/espacedeseaux.com\/wp-content\/uploads\/2025\/05\/SPECS-DU-PRODUIT-14-510x94.jpg 510w, https:\/\/espacedeseaux.com\/wp-content\/uploads\/2025\/05\/SPECS-DU-PRODUIT-14-768x141.jpg 768w, https:\/\/espacedeseaux.com\/wp-content\/uploads\/2025\/05\/SPECS-DU-PRODUIT-14.jpg 805w\" sizes=\"auto, (max-width: 800px) 100vw, 800px\" \/><\/p>\n","protected":false},"excerpt":{"rendered":"<p>Arrosez les pelouses \u00e9troites et les jardini\u00e8res avec pr\u00e9cision \u00e0 l&rsquo;aide des buses pour plates-bandes \u00e0 secteur fixe.<\/p>\n<hr \/>\n<p><strong>Port\u00e9e<\/strong> Variable \/ Fixe<\/p>\n<ul>\n<li>Con\u00e7ues pour une couverture pr\u00e9cise des plates-bandes \u00e9troites<\/li>\n<li>Disponibles en plusieurs mod\u00e8les pour les espaces uniques et rectangulaires<\/li>\n<li>Con\u00e7ues pour durer dans des conditions difficiles<\/li>\n<\/ul>\n","protected":false},"featured_media":576,"template":"","meta":[],"product_brand":[],"product_cat":[77,74],"product_tag":[79],"class_list":{"0":"post-573","1":"product","2":"type-product","3":"status-publish","4":"has-post-thumbnail","6":"product_cat-buses","7":"product_cat-tuyeres-buses","8":"product_tag-irrigation-paysagere","10":"first","11":"instock","12":"shipping-taxable","13":"product-type-simple"},"_links":{"self":[{"href":"https:\/\/www.espacedeseaux.com\/index.php?rest_route=\/wp\/v2\/product\/573","targetHints":{"allow":["GET"]}}],"collection":[{"href":"https:\/\/www.espacedeseaux.com\/index.php?rest_route=\/wp\/v2\/product"}],"about":[{"href":"https:\/\/www.espacedeseaux.com\/index.php?rest_route=\/wp\/v2\/types\/product"}],"wp:featuredmedia":[{"embeddable":true,"href":"https:\/\/www.espacedeseaux.com\/index.php?rest_route=\/wp\/v2\/media\/576"}],"wp:attachment":[{"href":"https:\/\/www.espacedeseaux.com\/index.php?rest_route=%2Fwp%2Fv2%2Fmedia&parent=573"}],"wp:term":[{"taxonomy":"product_brand","embeddable":true,"href":"https:\/\/www.espacedeseaux.com\/index.php?rest_route=%2Fwp%2Fv2%2Fproduct_brand&post=573"},{"taxonomy":"product_cat","embeddable":true,"href":"https:\/\/www.espacedeseaux.com\/index.php?rest_route=%2Fwp%2Fv2%2Fproduct_cat&post=573"},{"taxonomy":"product_tag","embeddable":true,"href":"https:\/\/www.espacedeseaux.com\/index.php?rest_route=%2Fwp%2Fv2%2Fproduct_tag&post=573"}],"curies":[{"name":"wp","href":"https:\/\/api.w.org\/{rel}","templated":true}]}}