{"id":581,"date":"2025-05-14T19:18:24","date_gmt":"2025-05-14T17:18:24","guid":{"rendered":"http:\/\/espacedeseaux.com\/?post_type=product&#038;p=581"},"modified":"2025-05-14T20:28:26","modified_gmt":"2025-05-14T18:28:26","slug":"buses-pro-a-haut-rendement","status":"publish","type":"product","link":"https:\/\/www.espacedeseaux.com\/?product=buses-pro-a-haut-rendement","title":{"rendered":"BUSES PRO A HAUT RENDEMENT"},"content":{"rendered":"<p><img loading=\"lazy\" decoding=\"async\" class=\"alignnone size-medium wp-image-582\" src=\"http:\/\/espacedeseaux.com\/wp-content\/uploads\/2025\/05\/CARACTERISQTIUES-DU-PRODUIT-34-715x400.jpg\" alt=\"\" width=\"715\" height=\"400\" srcset=\"https:\/\/espacedeseaux.com\/wp-content\/uploads\/2025\/05\/CARACTERISQTIUES-DU-PRODUIT-34-715x400.jpg 715w, https:\/\/espacedeseaux.com\/wp-content\/uploads\/2025\/05\/CARACTERISQTIUES-DU-PRODUIT-34-510x285.jpg 510w, https:\/\/espacedeseaux.com\/wp-content\/uploads\/2025\/05\/CARACTERISQTIUES-DU-PRODUIT-34-768x429.jpg 768w, https:\/\/espacedeseaux.com\/wp-content\/uploads\/2025\/05\/CARACTERISQTIUES-DU-PRODUIT-34.jpg 1270w\" sizes=\"auto, (max-width: 715px) 100vw, 715px\" \/> <img loading=\"lazy\" decoding=\"async\" class=\"alignnone size-medium wp-image-583\" src=\"http:\/\/espacedeseaux.com\/wp-content\/uploads\/2025\/05\/SPECS-DU-PRODUIT-15.jpg\" alt=\"\" width=\"791\" height=\"218\" srcset=\"https:\/\/espacedeseaux.com\/wp-content\/uploads\/2025\/05\/SPECS-DU-PRODUIT-15.jpg 791w, https:\/\/espacedeseaux.com\/wp-content\/uploads\/2025\/05\/SPECS-DU-PRODUIT-15-510x141.jpg 510w, https:\/\/espacedeseaux.com\/wp-content\/uploads\/2025\/05\/SPECS-DU-PRODUIT-15-768x212.jpg 768w\" sizes=\"auto, (max-width: 791px) 100vw, 791px\" \/><\/p>\n","protected":false},"excerpt":{"rendered":"<p>Gr\u00e2ce aux buses \u00e0 secteur r\u00e9glable qui assurent un haut degr\u00e9 d&rsquo;uniformit\u00e9 et des pluviom\u00e9tries uniformes, l&rsquo;efficacit\u00e9 hydrique est maximis\u00e9e dans les installations d&rsquo;arrosage avec tuy\u00e8res.<\/p>\n<hr \/>\n<p><strong>Port\u00e9e<\/strong> 2.4 m &#8211; 5.2 m<\/p>\n<p><strong>Pluvio<\/strong>. Approximately 40 mm\/hr<\/p>\n<p><strong>Un fonctionnement \u00e0 haut rendement<\/strong> gr\u00e2ce \u00e0 un syst\u00e8me de jets produisant un haut niveau d&rsquo;uniformit\u00e9<\/p>\n<p><strong>Des pluviom\u00e9tries r\u00e9gul\u00e9es<\/strong> \u00e0 40 mm\/h entre 2,40 m et 5,20 m, ceci dans toutes les directions couvertes avec un secteur r\u00e9glable de 0\u00b0 \u00e0 360\u00b0<\/p>\n<p><strong>Un codage par couleurs<\/strong> avec des teintes naturelles qui s&rsquo;int\u00e8grent harmonieusement au paysage et permettent de rep\u00e9rer facilement une installation sur le terrain<\/p>\n","protected":false},"featured_media":584,"template":"","meta":[],"product_brand":[],"product_cat":[77,64,74],"product_tag":[79],"class_list":{"0":"post-581","1":"product","2":"type-product","3":"status-publish","4":"has-post-thumbnail","6":"product_cat-buses","7":"product_cat-programmateurs","8":"product_cat-tuyeres-buses","9":"product_tag-irrigation-paysagere","11":"first","12":"instock","13":"shipping-taxable","14":"product-type-simple"},"_links":{"self":[{"href":"https:\/\/www.espacedeseaux.com\/index.php?rest_route=\/wp\/v2\/product\/581","targetHints":{"allow":["GET"]}}],"collection":[{"href":"https:\/\/www.espacedeseaux.com\/index.php?rest_route=\/wp\/v2\/product"}],"about":[{"href":"https:\/\/www.espacedeseaux.com\/index.php?rest_route=\/wp\/v2\/types\/product"}],"wp:featuredmedia":[{"embeddable":true,"href":"https:\/\/www.espacedeseaux.com\/index.php?rest_route=\/wp\/v2\/media\/584"}],"wp:attachment":[{"href":"https:\/\/www.espacedeseaux.com\/index.php?rest_route=%2Fwp%2Fv2%2Fmedia&parent=581"}],"wp:term":[{"taxonomy":"product_brand","embeddable":true,"href":"https:\/\/www.espacedeseaux.com\/index.php?rest_route=%2Fwp%2Fv2%2Fproduct_brand&post=581"},{"taxonomy":"product_cat","embeddable":true,"href":"https:\/\/www.espacedeseaux.com\/index.php?rest_route=%2Fwp%2Fv2%2Fproduct_cat&post=581"},{"taxonomy":"product_tag","embeddable":true,"href":"https:\/\/www.espacedeseaux.com\/index.php?rest_route=%2Fwp%2Fv2%2Fproduct_tag&post=581"}],"curies":[{"name":"wp","href":"https:\/\/api.w.org\/{rel}","templated":true}]}}