{"id":601,"date":"2025-05-14T19:46:00","date_gmt":"2025-05-14T17:46:00","guid":{"rendered":"http:\/\/espacedeseaux.com\/?post_type=product&#038;p=601"},"modified":"2025-05-14T20:28:25","modified_gmt":"2025-05-14T18:28:25","slug":"tuyere-pro-spray","status":"publish","type":"product","link":"https:\/\/www.espacedeseaux.com\/?product=tuyere-pro-spray","title":{"rendered":"TUYERE PRO-SPRAY"},"content":{"rendered":"<p><img loading=\"lazy\" decoding=\"async\" class=\"alignnone size-medium wp-image-602\" src=\"http:\/\/espacedeseaux.com\/wp-content\/uploads\/2025\/05\/CARACTERISQTIUES-DU-PRODUIT-36-730x400.jpg\" alt=\"\" width=\"730\" height=\"400\" srcset=\"https:\/\/espacedeseaux.com\/wp-content\/uploads\/2025\/05\/CARACTERISQTIUES-DU-PRODUIT-36-730x400.jpg 730w, https:\/\/espacedeseaux.com\/wp-content\/uploads\/2025\/05\/CARACTERISQTIUES-DU-PRODUIT-36-510x279.jpg 510w, https:\/\/espacedeseaux.com\/wp-content\/uploads\/2025\/05\/CARACTERISQTIUES-DU-PRODUIT-36-768x421.jpg 768w, https:\/\/espacedeseaux.com\/wp-content\/uploads\/2025\/05\/CARACTERISQTIUES-DU-PRODUIT-36.jpg 1219w\" sizes=\"auto, (max-width: 730px) 100vw, 730px\" \/> <img loading=\"lazy\" decoding=\"async\" class=\"alignnone size-medium wp-image-603\" src=\"http:\/\/espacedeseaux.com\/wp-content\/uploads\/2025\/05\/SPECS-DU-PRODUIT-17-588x400.jpg\" alt=\"\" width=\"588\" height=\"400\" srcset=\"https:\/\/espacedeseaux.com\/wp-content\/uploads\/2025\/05\/SPECS-DU-PRODUIT-17-588x400.jpg 588w, https:\/\/espacedeseaux.com\/wp-content\/uploads\/2025\/05\/SPECS-DU-PRODUIT-17-510x347.jpg 510w, https:\/\/espacedeseaux.com\/wp-content\/uploads\/2025\/05\/SPECS-DU-PRODUIT-17-768x522.jpg 768w, https:\/\/espacedeseaux.com\/wp-content\/uploads\/2025\/05\/SPECS-DU-PRODUIT-17.jpg 956w\" sizes=\"auto, (max-width: 588px) 100vw, 588px\" \/><\/p>\n","protected":false},"excerpt":{"rendered":"<p>Le PS Ultra est une tuy\u00e8re fine et compacte pouvant \u00eatre \u00e9quip\u00e9e de buses pr\u00e9-install\u00e9es pour une mise en place plus rapide.<\/p>\n<hr \/>\n<p><strong>Application<\/strong> R\u00e9sidence<\/p>\n<p><strong>Mod\u00e8les<\/strong> 5 cm, 10 cm, 15 cm<\/p>\n<ul>\n<li><strong>Compacte<\/strong> : gr\u00e2ce \u00e0 un corps \u00e9l\u00e9gant mais r\u00e9sistant, la tuy\u00e8re PS Ultra convient parfaitement aux espaces r\u00e9duits<\/li>\n<li><strong>Compatible<\/strong> : fonctionne avec toutes les buses pour une modernisation plus simple<\/li>\n<li><strong>Polyvalente<\/strong> : la PS Ultra est disponible en diff\u00e9rentes tailles et options de buses pr\u00e9-install\u00e9es<\/li>\n<\/ul>\n","protected":false},"featured_media":604,"template":"","meta":[],"product_brand":[],"product_cat":[78,74],"product_tag":[79],"class_list":{"0":"post-601","1":"product","2":"type-product","3":"status-publish","4":"has-post-thumbnail","6":"product_cat-tuyeres","7":"product_cat-tuyeres-buses","8":"product_tag-irrigation-paysagere","10":"first","11":"instock","12":"shipping-taxable","13":"product-type-simple"},"_links":{"self":[{"href":"https:\/\/www.espacedeseaux.com\/index.php?rest_route=\/wp\/v2\/product\/601","targetHints":{"allow":["GET"]}}],"collection":[{"href":"https:\/\/www.espacedeseaux.com\/index.php?rest_route=\/wp\/v2\/product"}],"about":[{"href":"https:\/\/www.espacedeseaux.com\/index.php?rest_route=\/wp\/v2\/types\/product"}],"wp:featuredmedia":[{"embeddable":true,"href":"https:\/\/www.espacedeseaux.com\/index.php?rest_route=\/wp\/v2\/media\/604"}],"wp:attachment":[{"href":"https:\/\/www.espacedeseaux.com\/index.php?rest_route=%2Fwp%2Fv2%2Fmedia&parent=601"}],"wp:term":[{"taxonomy":"product_brand","embeddable":true,"href":"https:\/\/www.espacedeseaux.com\/index.php?rest_route=%2Fwp%2Fv2%2Fproduct_brand&post=601"},{"taxonomy":"product_cat","embeddable":true,"href":"https:\/\/www.espacedeseaux.com\/index.php?rest_route=%2Fwp%2Fv2%2Fproduct_cat&post=601"},{"taxonomy":"product_tag","embeddable":true,"href":"https:\/\/www.espacedeseaux.com\/index.php?rest_route=%2Fwp%2Fv2%2Fproduct_tag&post=601"}],"curies":[{"name":"wp","href":"https:\/\/api.w.org\/{rel}","templated":true}]}}