{"id":607,"date":"2025-05-14T19:49:09","date_gmt":"2025-05-14T17:49:09","guid":{"rendered":"http:\/\/espacedeseaux.com\/?post_type=product&#038;p=607"},"modified":"2025-05-14T20:28:02","modified_gmt":"2025-05-14T18:28:02","slug":"tuyere-ps-ultra","status":"publish","type":"product","link":"https:\/\/www.espacedeseaux.com\/?product=tuyere-ps-ultra","title":{"rendered":"TUYERE PS ULTRA"},"content":{"rendered":"<p><img loading=\"lazy\" decoding=\"async\" class=\"alignnone size-medium wp-image-608\" src=\"http:\/\/espacedeseaux.com\/wp-content\/uploads\/2025\/05\/CARACTERISQTIUES-DU-PRODUIT-37-713x400.jpg\" alt=\"\" width=\"713\" height=\"400\" srcset=\"https:\/\/espacedeseaux.com\/wp-content\/uploads\/2025\/05\/CARACTERISQTIUES-DU-PRODUIT-37-713x400.jpg 713w, https:\/\/espacedeseaux.com\/wp-content\/uploads\/2025\/05\/CARACTERISQTIUES-DU-PRODUIT-37-510x286.jpg 510w, https:\/\/espacedeseaux.com\/wp-content\/uploads\/2025\/05\/CARACTERISQTIUES-DU-PRODUIT-37-768x431.jpg 768w, https:\/\/espacedeseaux.com\/wp-content\/uploads\/2025\/05\/CARACTERISQTIUES-DU-PRODUIT-37.jpg 1261w\" sizes=\"auto, (max-width: 713px) 100vw, 713px\" \/> <img loading=\"lazy\" decoding=\"async\" class=\"alignnone size-medium wp-image-609\" src=\"http:\/\/espacedeseaux.com\/wp-content\/uploads\/2025\/05\/SPECS-DU-PRODUIT-18-503x400.jpg\" alt=\"\" width=\"503\" height=\"400\" srcset=\"https:\/\/espacedeseaux.com\/wp-content\/uploads\/2025\/05\/SPECS-DU-PRODUIT-18-503x400.jpg 503w, https:\/\/espacedeseaux.com\/wp-content\/uploads\/2025\/05\/SPECS-DU-PRODUIT-18-510x405.jpg 510w, https:\/\/espacedeseaux.com\/wp-content\/uploads\/2025\/05\/SPECS-DU-PRODUIT-18-768x610.jpg 768w, https:\/\/espacedeseaux.com\/wp-content\/uploads\/2025\/05\/SPECS-DU-PRODUIT-18.jpg 808w\" sizes=\"auto, (max-width: 503px) 100vw, 503px\" \/><\/p>\n","protected":false},"excerpt":{"rendered":"<p>D\u00e9couvrez la tuy\u00e8re la plus robuste et la plus polyvalente du march\u00e9<\/p>\n<hr \/>\n<p><strong>Mod\u00e8les<\/strong> Fixe, 5 cm, 7.5 cm, 10 cm, 15 cm, 30 cm<\/p>\n<ul>\n<li>La tuy\u00e8re la plus robuste du march\u00e9, pour des ann\u00e9es de fiabilit\u00e9<\/li>\n<li>Joint racleur co-moul\u00e9 \u00e0 partir de mat\u00e9riaux r\u00e9sistants aux produits chimiques et au chlore<\/li>\n<li>Conception innovante du joint d&rsquo;\u00e9tanch\u00e9it\u00e9 pour \u00e9viter les fuites entre le couvercle et le corps<\/li>\n<\/ul>\n","protected":false},"featured_media":610,"template":"","meta":[],"product_brand":[],"product_cat":[78,74],"product_tag":[79],"class_list":{"0":"post-607","1":"product","2":"type-product","3":"status-publish","4":"has-post-thumbnail","6":"product_cat-tuyeres","7":"product_cat-tuyeres-buses","8":"product_tag-irrigation-paysagere","10":"first","11":"instock","12":"shipping-taxable","13":"product-type-simple"},"_links":{"self":[{"href":"https:\/\/www.espacedeseaux.com\/index.php?rest_route=\/wp\/v2\/product\/607","targetHints":{"allow":["GET"]}}],"collection":[{"href":"https:\/\/www.espacedeseaux.com\/index.php?rest_route=\/wp\/v2\/product"}],"about":[{"href":"https:\/\/www.espacedeseaux.com\/index.php?rest_route=\/wp\/v2\/types\/product"}],"wp:featuredmedia":[{"embeddable":true,"href":"https:\/\/www.espacedeseaux.com\/index.php?rest_route=\/wp\/v2\/media\/610"}],"wp:attachment":[{"href":"https:\/\/www.espacedeseaux.com\/index.php?rest_route=%2Fwp%2Fv2%2Fmedia&parent=607"}],"wp:term":[{"taxonomy":"product_brand","embeddable":true,"href":"https:\/\/www.espacedeseaux.com\/index.php?rest_route=%2Fwp%2Fv2%2Fproduct_brand&post=607"},{"taxonomy":"product_cat","embeddable":true,"href":"https:\/\/www.espacedeseaux.com\/index.php?rest_route=%2Fwp%2Fv2%2Fproduct_cat&post=607"},{"taxonomy":"product_tag","embeddable":true,"href":"https:\/\/www.espacedeseaux.com\/index.php?rest_route=%2Fwp%2Fv2%2Fproduct_tag&post=607"}],"curies":[{"name":"wp","href":"https:\/\/api.w.org\/{rel}","templated":true}]}}