{"id":616,"date":"2025-05-14T20:32:48","date_gmt":"2025-05-14T18:32:48","guid":{"rendered":"http:\/\/espacedeseaux.com\/?post_type=product&#038;p=616"},"modified":"2025-05-14T21:45:03","modified_gmt":"2025-05-14T19:45:03","slug":"clapet-vanne-bronze","status":"publish","type":"product","link":"https:\/\/www.espacedeseaux.com\/?product=clapet-vanne-bronze","title":{"rendered":"CLAPET VANNE BRONZE"},"content":{"rendered":"<p><img loading=\"lazy\" decoding=\"async\" class=\"alignnone size-medium wp-image-617\" src=\"http:\/\/espacedeseaux.com\/wp-content\/uploads\/2025\/05\/CARACTERISQTIUES-DU-PRODUIT-38-800x357.jpg\" alt=\"\" width=\"800\" height=\"357\" srcset=\"https:\/\/espacedeseaux.com\/wp-content\/uploads\/2025\/05\/CARACTERISQTIUES-DU-PRODUIT-38-800x357.jpg 800w, https:\/\/espacedeseaux.com\/wp-content\/uploads\/2025\/05\/CARACTERISQTIUES-DU-PRODUIT-38-510x227.jpg 510w, https:\/\/espacedeseaux.com\/wp-content\/uploads\/2025\/05\/CARACTERISQTIUES-DU-PRODUIT-38-768x342.jpg 768w, https:\/\/espacedeseaux.com\/wp-content\/uploads\/2025\/05\/CARACTERISQTIUES-DU-PRODUIT-38.jpg 1214w\" sizes=\"auto, (max-width: 800px) 100vw, 800px\" \/><\/p>\n","protected":false},"excerpt":{"rendered":"<p>Les coupleurs rapides HQ de Hunter sont des produits innovants et de grande valeur con\u00e7us sp\u00e9cifiquement pour les projets qui n\u00e9cessitent un acc\u00e8s rapide \u00e0 l&rsquo;eau tout en maintenant une durabilit\u00e9 dans le sol et une r\u00e9sistance au vandalisme.<\/p>\n","protected":false},"featured_media":618,"template":"","meta":[],"product_brand":[],"product_cat":[80,85,86],"product_tag":[],"class_list":{"0":"post-616","1":"product","2":"type-product","3":"status-publish","4":"has-post-thumbnail","6":"product_cat-accessoires-golf","7":"product_cat-arrosage-automatique","8":"product_cat-irrigation-golf","10":"first","11":"instock","12":"shipping-taxable","13":"product-type-simple"},"_links":{"self":[{"href":"https:\/\/www.espacedeseaux.com\/index.php?rest_route=\/wp\/v2\/product\/616","targetHints":{"allow":["GET"]}}],"collection":[{"href":"https:\/\/www.espacedeseaux.com\/index.php?rest_route=\/wp\/v2\/product"}],"about":[{"href":"https:\/\/www.espacedeseaux.com\/index.php?rest_route=\/wp\/v2\/types\/product"}],"wp:featuredmedia":[{"embeddable":true,"href":"https:\/\/www.espacedeseaux.com\/index.php?rest_route=\/wp\/v2\/media\/618"}],"wp:attachment":[{"href":"https:\/\/www.espacedeseaux.com\/index.php?rest_route=%2Fwp%2Fv2%2Fmedia&parent=616"}],"wp:term":[{"taxonomy":"product_brand","embeddable":true,"href":"https:\/\/www.espacedeseaux.com\/index.php?rest_route=%2Fwp%2Fv2%2Fproduct_brand&post=616"},{"taxonomy":"product_cat","embeddable":true,"href":"https:\/\/www.espacedeseaux.com\/index.php?rest_route=%2Fwp%2Fv2%2Fproduct_cat&post=616"},{"taxonomy":"product_tag","embeddable":true,"href":"https:\/\/www.espacedeseaux.com\/index.php?rest_route=%2Fwp%2Fv2%2Fproduct_tag&post=616"}],"curies":[{"name":"wp","href":"https:\/\/api.w.org\/{rel}","templated":true}]}}