{"id":634,"date":"2025-05-14T21:40:38","date_gmt":"2025-05-14T19:40:38","guid":{"rendered":"http:\/\/espacedeseaux.com\/?post_type=product&#038;p=634"},"modified":"2025-05-14T21:42:36","modified_gmt":"2025-05-14T19:42:36","slug":"clapet-vanne-plastique","status":"publish","type":"product","link":"https:\/\/www.espacedeseaux.com\/?product=clapet-vanne-plastique","title":{"rendered":"CLAPET VANNE PLASTIQUE"},"content":{"rendered":"<p><img loading=\"lazy\" decoding=\"async\" class=\"alignnone size-full wp-image-635\" src=\"http:\/\/espacedeseaux.com\/wp-content\/uploads\/2025\/05\/CARACTERISQTIUES-DU-PRODUIT-39.jpg\" alt=\"\" width=\"464\" height=\"348\" \/><\/p>\n","protected":false},"excerpt":{"rendered":"<p>Les coupleurs rapides de Irritec sont des produits innovants et de grande valeur con\u00e7us sp\u00e9cifiquement pour les projets qui n\u00e9cessitent un acc\u00e8s rapide \u00e0 l&rsquo;eau tout en maintenant une durabilit\u00e9 dans le sol.<\/p>\n","protected":false},"featured_media":636,"template":"","meta":[],"product_brand":[],"product_cat":[80,85,86],"product_tag":[],"class_list":{"0":"post-634","1":"product","2":"type-product","3":"status-publish","4":"has-post-thumbnail","6":"product_cat-accessoires-golf","7":"product_cat-arrosage-automatique","8":"product_cat-irrigation-golf","10":"first","11":"instock","12":"shipping-taxable","13":"product-type-simple"},"_links":{"self":[{"href":"https:\/\/www.espacedeseaux.com\/index.php?rest_route=\/wp\/v2\/product\/634","targetHints":{"allow":["GET"]}}],"collection":[{"href":"https:\/\/www.espacedeseaux.com\/index.php?rest_route=\/wp\/v2\/product"}],"about":[{"href":"https:\/\/www.espacedeseaux.com\/index.php?rest_route=\/wp\/v2\/types\/product"}],"wp:featuredmedia":[{"embeddable":true,"href":"https:\/\/www.espacedeseaux.com\/index.php?rest_route=\/wp\/v2\/media\/636"}],"wp:attachment":[{"href":"https:\/\/www.espacedeseaux.com\/index.php?rest_route=%2Fwp%2Fv2%2Fmedia&parent=634"}],"wp:term":[{"taxonomy":"product_brand","embeddable":true,"href":"https:\/\/www.espacedeseaux.com\/index.php?rest_route=%2Fwp%2Fv2%2Fproduct_brand&post=634"},{"taxonomy":"product_cat","embeddable":true,"href":"https:\/\/www.espacedeseaux.com\/index.php?rest_route=%2Fwp%2Fv2%2Fproduct_cat&post=634"},{"taxonomy":"product_tag","embeddable":true,"href":"https:\/\/www.espacedeseaux.com\/index.php?rest_route=%2Fwp%2Fv2%2Fproduct_tag&post=634"}],"curies":[{"name":"wp","href":"https:\/\/api.w.org\/{rel}","templated":true}]}}