{"id":678,"date":"2025-05-14T22:05:19","date_gmt":"2025-05-14T20:05:19","guid":{"rendered":"http:\/\/espacedeseaux.com\/?post_type=product&#038;p=678"},"modified":"2025-05-14T22:07:42","modified_gmt":"2025-05-14T20:07:42","slug":"tts835","status":"publish","type":"product","link":"https:\/\/www.espacedeseaux.com\/?product=tts835","title":{"rendered":"TTS835"},"content":{"rendered":"<p><img loading=\"lazy\" decoding=\"async\" class=\"alignnone size-medium wp-image-679\" src=\"http:\/\/espacedeseaux.com\/wp-content\/uploads\/2025\/05\/CARACTERISQTIUES-DU-PRODUIT-46-756x400.jpg\" alt=\"\" width=\"756\" height=\"400\" srcset=\"https:\/\/espacedeseaux.com\/wp-content\/uploads\/2025\/05\/CARACTERISQTIUES-DU-PRODUIT-46-756x400.jpg 756w, https:\/\/espacedeseaux.com\/wp-content\/uploads\/2025\/05\/CARACTERISQTIUES-DU-PRODUIT-46-510x270.jpg 510w, https:\/\/espacedeseaux.com\/wp-content\/uploads\/2025\/05\/CARACTERISQTIUES-DU-PRODUIT-46-768x407.jpg 768w, https:\/\/espacedeseaux.com\/wp-content\/uploads\/2025\/05\/CARACTERISQTIUES-DU-PRODUIT-46.jpg 1245w\" sizes=\"auto, (max-width: 756px) 100vw, 756px\" \/> <img loading=\"lazy\" decoding=\"async\" class=\"alignnone size-medium wp-image-680\" src=\"http:\/\/espacedeseaux.com\/wp-content\/uploads\/2025\/05\/SPECS-DU-PRODUIT-24-496x400.jpg\" alt=\"\" width=\"496\" height=\"400\" srcset=\"https:\/\/espacedeseaux.com\/wp-content\/uploads\/2025\/05\/SPECS-DU-PRODUIT-24-496x400.jpg 496w, https:\/\/espacedeseaux.com\/wp-content\/uploads\/2025\/05\/SPECS-DU-PRODUIT-24-510x412.jpg 510w, https:\/\/espacedeseaux.com\/wp-content\/uploads\/2025\/05\/SPECS-DU-PRODUIT-24-768x620.jpg 768w, https:\/\/espacedeseaux.com\/wp-content\/uploads\/2025\/05\/SPECS-DU-PRODUIT-24.jpg 902w\" sizes=\"auto, (max-width: 496px) 100vw, 496px\" \/><\/p>\n","protected":false},"excerpt":{"rendered":"<p>Ces rotors sont dot\u00e9s d&rsquo;une facilit\u00e9 d&rsquo;entretien totale, de puissants entra\u00eenements par engrenages de la s\u00e9rie G-800 et du plus grand compartiment \u00e0 bride de l&rsquo;industrie pour accueillir tous les composants du module bidirectionnel.<\/p>\n<hr \/>\n<p><strong>Mod\u00e8le<\/strong> de cercle complet \/ de cercle partiel<br \/>\n<strong>Rayon<\/strong> de 5,5 \u00e0 15,2 m<br \/>\n<strong>D\u00e9bit<\/strong> de 0,43 \u00e0 2,91 m3\/h; 7,2 \u00e0 48,5 I\/min<br \/>\n<strong>Pression<\/strong> de 2.8 \u00e0 4.5 bar : 280 \u00e0 450 kPa<\/p>\n","protected":false},"featured_media":681,"template":"","meta":[],"product_brand":[],"product_cat":[85,81,86],"product_tag":[],"class_list":{"0":"post-678","1":"product","2":"type-product","3":"status-publish","4":"has-post-thumbnail","6":"product_cat-arrosage-automatique","7":"product_cat-arroseurs-golf","8":"product_cat-irrigation-golf","10":"first","11":"instock","12":"shipping-taxable","13":"product-type-simple"},"_links":{"self":[{"href":"https:\/\/www.espacedeseaux.com\/index.php?rest_route=\/wp\/v2\/product\/678","targetHints":{"allow":["GET"]}}],"collection":[{"href":"https:\/\/www.espacedeseaux.com\/index.php?rest_route=\/wp\/v2\/product"}],"about":[{"href":"https:\/\/www.espacedeseaux.com\/index.php?rest_route=\/wp\/v2\/types\/product"}],"wp:featuredmedia":[{"embeddable":true,"href":"https:\/\/www.espacedeseaux.com\/index.php?rest_route=\/wp\/v2\/media\/681"}],"wp:attachment":[{"href":"https:\/\/www.espacedeseaux.com\/index.php?rest_route=%2Fwp%2Fv2%2Fmedia&parent=678"}],"wp:term":[{"taxonomy":"product_brand","embeddable":true,"href":"https:\/\/www.espacedeseaux.com\/index.php?rest_route=%2Fwp%2Fv2%2Fproduct_brand&post=678"},{"taxonomy":"product_cat","embeddable":true,"href":"https:\/\/www.espacedeseaux.com\/index.php?rest_route=%2Fwp%2Fv2%2Fproduct_cat&post=678"},{"taxonomy":"product_tag","embeddable":true,"href":"https:\/\/www.espacedeseaux.com\/index.php?rest_route=%2Fwp%2Fv2%2Fproduct_tag&post=678"}],"curies":[{"name":"wp","href":"https:\/\/api.w.org\/{rel}","templated":true}]}}