{"id":687,"date":"2025-05-14T22:09:02","date_gmt":"2025-05-14T20:09:02","guid":{"rendered":"http:\/\/espacedeseaux.com\/?post_type=product&#038;p=687"},"modified":"2025-05-14T22:11:28","modified_gmt":"2025-05-14T20:11:28","slug":"tts880","status":"publish","type":"product","link":"https:\/\/www.espacedeseaux.com\/?product=tts880","title":{"rendered":"TTS880"},"content":{"rendered":"<p><img loading=\"lazy\" decoding=\"async\" class=\"alignnone size-medium wp-image-688\" src=\"http:\/\/espacedeseaux.com\/wp-content\/uploads\/2025\/05\/CARACTERISQTIUES-DU-PRODUIT-47-746x400.jpg\" alt=\"\" width=\"746\" height=\"400\" srcset=\"https:\/\/espacedeseaux.com\/wp-content\/uploads\/2025\/05\/CARACTERISQTIUES-DU-PRODUIT-47-746x400.jpg 746w, https:\/\/espacedeseaux.com\/wp-content\/uploads\/2025\/05\/CARACTERISQTIUES-DU-PRODUIT-47-510x273.jpg 510w, https:\/\/espacedeseaux.com\/wp-content\/uploads\/2025\/05\/CARACTERISQTIUES-DU-PRODUIT-47-768x412.jpg 768w, https:\/\/espacedeseaux.com\/wp-content\/uploads\/2025\/05\/CARACTERISQTIUES-DU-PRODUIT-47.jpg 1296w\" sizes=\"auto, (max-width: 746px) 100vw, 746px\" \/> <img loading=\"lazy\" decoding=\"async\" class=\"alignnone size-medium wp-image-689\" src=\"http:\/\/espacedeseaux.com\/wp-content\/uploads\/2025\/05\/SPECS-DU-PRODUIT-25-551x400.jpg\" alt=\"\" width=\"551\" height=\"400\" srcset=\"https:\/\/espacedeseaux.com\/wp-content\/uploads\/2025\/05\/SPECS-DU-PRODUIT-25-551x400.jpg 551w, https:\/\/espacedeseaux.com\/wp-content\/uploads\/2025\/05\/SPECS-DU-PRODUIT-25-510x370.jpg 510w, https:\/\/espacedeseaux.com\/wp-content\/uploads\/2025\/05\/SPECS-DU-PRODUIT-25-768x557.jpg 768w, https:\/\/espacedeseaux.com\/wp-content\/uploads\/2025\/05\/SPECS-DU-PRODUIT-25.jpg 991w\" sizes=\"auto, (max-width: 551px) 100vw, 551px\" \/><\/p>\n","protected":false},"excerpt":{"rendered":"<p>Ces rotors sont dot\u00e9s d&rsquo;une facilit\u00e9 d&rsquo;entretien totale, de puissants entra\u00eenements par engrenages de la s\u00e9rie G-800 et du plus grand compartiment \u00e0 bride de l&rsquo;industrie pour accueillir tous les composants du module bidirectionnel.<\/p>\n<hr \/>\n<p><strong>Mod\u00e8le<\/strong> de cercle complet \/ de cercle partiel<br \/>\n<strong>Rayon<\/strong> de 11,3 \u00e0 28,7 m<br \/>\n<strong>D\u00e9bit<\/strong> 2,02 \u00e0 13,54 m3\/h; 33,7 \u00e0 225,6 I\/min<br \/>\n<strong>Pression<\/strong> de 3.4 \u00e0 6.9 bar : 340 \u00e0 690 kPa<\/p>\n","protected":false},"featured_media":690,"template":"","meta":[],"product_brand":[],"product_cat":[85,81,86],"product_tag":[],"class_list":{"0":"post-687","1":"product","2":"type-product","3":"status-publish","4":"has-post-thumbnail","6":"product_cat-arrosage-automatique","7":"product_cat-arroseurs-golf","8":"product_cat-irrigation-golf","10":"first","11":"instock","12":"shipping-taxable","13":"product-type-simple"},"_links":{"self":[{"href":"https:\/\/www.espacedeseaux.com\/index.php?rest_route=\/wp\/v2\/product\/687","targetHints":{"allow":["GET"]}}],"collection":[{"href":"https:\/\/www.espacedeseaux.com\/index.php?rest_route=\/wp\/v2\/product"}],"about":[{"href":"https:\/\/www.espacedeseaux.com\/index.php?rest_route=\/wp\/v2\/types\/product"}],"wp:featuredmedia":[{"embeddable":true,"href":"https:\/\/www.espacedeseaux.com\/index.php?rest_route=\/wp\/v2\/media\/690"}],"wp:attachment":[{"href":"https:\/\/www.espacedeseaux.com\/index.php?rest_route=%2Fwp%2Fv2%2Fmedia&parent=687"}],"wp:term":[{"taxonomy":"product_brand","embeddable":true,"href":"https:\/\/www.espacedeseaux.com\/index.php?rest_route=%2Fwp%2Fv2%2Fproduct_brand&post=687"},{"taxonomy":"product_cat","embeddable":true,"href":"https:\/\/www.espacedeseaux.com\/index.php?rest_route=%2Fwp%2Fv2%2Fproduct_cat&post=687"},{"taxonomy":"product_tag","embeddable":true,"href":"https:\/\/www.espacedeseaux.com\/index.php?rest_route=%2Fwp%2Fv2%2Fproduct_tag&post=687"}],"curies":[{"name":"wp","href":"https:\/\/api.w.org\/{rel}","templated":true}]}}