{"id":706,"date":"2025-05-14T22:19:02","date_gmt":"2025-05-14T20:19:02","guid":{"rendered":"http:\/\/espacedeseaux.com\/?post_type=product&#038;p=706"},"modified":"2025-05-14T22:20:49","modified_gmt":"2025-05-14T20:20:49","slug":"logiciels-de-pilotage-centralus","status":"publish","type":"product","link":"https:\/\/www.espacedeseaux.com\/?product=logiciels-de-pilotage-centralus","title":{"rendered":"LOGICIELS DE PILOTAGE (CENTRALUS)"},"content":{"rendered":"<p><img loading=\"lazy\" decoding=\"async\" class=\"alignnone size-medium wp-image-707\" src=\"http:\/\/espacedeseaux.com\/wp-content\/uploads\/2025\/05\/CARACTERISQTIUES-DU-PRODUIT-49-800x352.jpg\" alt=\"\" width=\"800\" height=\"352\" srcset=\"https:\/\/espacedeseaux.com\/wp-content\/uploads\/2025\/05\/CARACTERISQTIUES-DU-PRODUIT-49-800x352.jpg 800w, https:\/\/espacedeseaux.com\/wp-content\/uploads\/2025\/05\/CARACTERISQTIUES-DU-PRODUIT-49-510x225.jpg 510w, https:\/\/espacedeseaux.com\/wp-content\/uploads\/2025\/05\/CARACTERISQTIUES-DU-PRODUIT-49-768x338.jpg 768w, https:\/\/espacedeseaux.com\/wp-content\/uploads\/2025\/05\/CARACTERISQTIUES-DU-PRODUIT-49.jpg 811w\" sizes=\"auto, (max-width: 800px) 100vw, 800px\" \/> <img loading=\"lazy\" decoding=\"async\" class=\"alignnone size-medium wp-image-708\" src=\"http:\/\/espacedeseaux.com\/wp-content\/uploads\/2025\/05\/SPECS-DU-PRODUIT-27-347x400.jpg\" alt=\"\" width=\"347\" height=\"400\" srcset=\"https:\/\/espacedeseaux.com\/wp-content\/uploads\/2025\/05\/SPECS-DU-PRODUIT-27-347x400.jpg 347w, https:\/\/espacedeseaux.com\/wp-content\/uploads\/2025\/05\/SPECS-DU-PRODUIT-27-510x588.jpg 510w, https:\/\/espacedeseaux.com\/wp-content\/uploads\/2025\/05\/SPECS-DU-PRODUIT-27-694x800.jpg 694w, https:\/\/espacedeseaux.com\/wp-content\/uploads\/2025\/05\/SPECS-DU-PRODUIT-27.jpg 740w\" sizes=\"auto, (max-width: 347px) 100vw, 347px\" \/><\/p>\n","protected":false},"excerpt":{"rendered":"<p>Contr\u00f4le avanc\u00e9 simplifi\u00e9 par l&rsquo;innovation<\/p>\n<hr \/>\n<p><strong>Application<\/strong> Irrigation des terrains de golf<br \/>\n<strong>Nombre de stations<\/strong> Jusqu&rsquo;\u00e0 un million<br \/>\n<strong>Type<\/strong> Logiciel informatique<\/p>\n","protected":false},"featured_media":709,"template":"","meta":[],"product_brand":[],"product_cat":[85,82,86],"product_tag":[],"class_list":{"0":"post-706","1":"product","2":"type-product","3":"status-publish","4":"has-post-thumbnail","6":"product_cat-arrosage-automatique","7":"product_cat-central-de-commande-golf","8":"product_cat-irrigation-golf","10":"first","11":"instock","12":"shipping-taxable","13":"product-type-simple"},"_links":{"self":[{"href":"https:\/\/www.espacedeseaux.com\/index.php?rest_route=\/wp\/v2\/product\/706","targetHints":{"allow":["GET"]}}],"collection":[{"href":"https:\/\/www.espacedeseaux.com\/index.php?rest_route=\/wp\/v2\/product"}],"about":[{"href":"https:\/\/www.espacedeseaux.com\/index.php?rest_route=\/wp\/v2\/types\/product"}],"wp:featuredmedia":[{"embeddable":true,"href":"https:\/\/www.espacedeseaux.com\/index.php?rest_route=\/wp\/v2\/media\/709"}],"wp:attachment":[{"href":"https:\/\/www.espacedeseaux.com\/index.php?rest_route=%2Fwp%2Fv2%2Fmedia&parent=706"}],"wp:term":[{"taxonomy":"product_brand","embeddable":true,"href":"https:\/\/www.espacedeseaux.com\/index.php?rest_route=%2Fwp%2Fv2%2Fproduct_brand&post=706"},{"taxonomy":"product_cat","embeddable":true,"href":"https:\/\/www.espacedeseaux.com\/index.php?rest_route=%2Fwp%2Fv2%2Fproduct_cat&post=706"},{"taxonomy":"product_tag","embeddable":true,"href":"https:\/\/www.espacedeseaux.com\/index.php?rest_route=%2Fwp%2Fv2%2Fproduct_tag&post=706"}],"curies":[{"name":"wp","href":"https:\/\/api.w.org\/{rel}","templated":true}]}}