{"id":713,"date":"2025-05-14T22:21:31","date_gmt":"2025-05-14T20:21:31","guid":{"rendered":"http:\/\/espacedeseaux.com\/?post_type=product&#038;p=713"},"modified":"2025-05-14T22:26:56","modified_gmt":"2025-05-14T20:26:56","slug":"decodeur-pour-acc2-2","status":"publish","type":"product","link":"https:\/\/www.espacedeseaux.com\/?product=decodeur-pour-acc2-2","title":{"rendered":"DECODEUR POUR ACC2"},"content":{"rendered":"<p><img loading=\"lazy\" decoding=\"async\" class=\"alignnone size-medium wp-image-715\" src=\"http:\/\/espacedeseaux.com\/wp-content\/uploads\/2025\/05\/CARACTERISTIQUES-PRODUIT-4-448x400.jpg\" alt=\"\" width=\"448\" height=\"400\" srcset=\"https:\/\/espacedeseaux.com\/wp-content\/uploads\/2025\/05\/CARACTERISTIQUES-PRODUIT-4-448x400.jpg 448w, https:\/\/espacedeseaux.com\/wp-content\/uploads\/2025\/05\/CARACTERISTIQUES-PRODUIT-4-510x456.jpg 510w, https:\/\/espacedeseaux.com\/wp-content\/uploads\/2025\/05\/CARACTERISTIQUES-PRODUIT-4-768x686.jpg 768w, https:\/\/espacedeseaux.com\/wp-content\/uploads\/2025\/05\/CARACTERISTIQUES-PRODUIT-4.jpg 857w\" sizes=\"auto, (max-width: 448px) 100vw, 448px\" \/> <img loading=\"lazy\" decoding=\"async\" class=\"alignnone size-medium wp-image-716\" src=\"http:\/\/espacedeseaux.com\/wp-content\/uploads\/2025\/05\/SPECS-PRODUIT-4-395x400.jpg\" alt=\"\" width=\"395\" height=\"400\" srcset=\"https:\/\/espacedeseaux.com\/wp-content\/uploads\/2025\/05\/SPECS-PRODUIT-4-395x400.jpg 395w, https:\/\/espacedeseaux.com\/wp-content\/uploads\/2025\/05\/SPECS-PRODUIT-4-100x100.jpg 100w, https:\/\/espacedeseaux.com\/wp-content\/uploads\/2025\/05\/SPECS-PRODUIT-4-510x516.jpg 510w, https:\/\/espacedeseaux.com\/wp-content\/uploads\/2025\/05\/SPECS-PRODUIT-4.jpg 766w\" sizes=\"auto, (max-width: 395px) 100vw, 395px\" \/><\/p>\n","protected":false},"excerpt":{"rendered":"<p>Les capacit\u00e9s de surveillance et de gestion multi-flux du contr\u00f4leur de d\u00e9codeur ACC2 en font le meilleur choix pour les projets complexes.<\/p>\n<hr \/>\n<p><strong>Nombre de stations<\/strong> 75 \u00e0 225<br \/>\nD\u00e9codeur modulaire <strong>de type<\/strong><br \/>\n<strong>Puissant<\/strong>.<br \/>\n<strong>Intelligent<\/strong>.<br \/>\n<strong>Flexible<\/strong>.<br \/>\nConnect\u00e9.<\/p>\n","protected":false},"featured_media":717,"template":"","meta":[],"product_brand":[],"product_cat":[85,82,86,88],"product_tag":[],"class_list":{"0":"post-713","1":"product","2":"type-product","3":"status-publish","4":"has-post-thumbnail","6":"product_cat-arrosage-automatique","7":"product_cat-central-de-commande-golf","8":"product_cat-irrigation-golf","9":"product_cat-programmateurs-central-de-commande-golf","11":"first","12":"instock","13":"shipping-taxable","14":"product-type-simple"},"_links":{"self":[{"href":"https:\/\/www.espacedeseaux.com\/index.php?rest_route=\/wp\/v2\/product\/713","targetHints":{"allow":["GET"]}}],"collection":[{"href":"https:\/\/www.espacedeseaux.com\/index.php?rest_route=\/wp\/v2\/product"}],"about":[{"href":"https:\/\/www.espacedeseaux.com\/index.php?rest_route=\/wp\/v2\/types\/product"}],"wp:featuredmedia":[{"embeddable":true,"href":"https:\/\/www.espacedeseaux.com\/index.php?rest_route=\/wp\/v2\/media\/717"}],"wp:attachment":[{"href":"https:\/\/www.espacedeseaux.com\/index.php?rest_route=%2Fwp%2Fv2%2Fmedia&parent=713"}],"wp:term":[{"taxonomy":"product_brand","embeddable":true,"href":"https:\/\/www.espacedeseaux.com\/index.php?rest_route=%2Fwp%2Fv2%2Fproduct_brand&post=713"},{"taxonomy":"product_cat","embeddable":true,"href":"https:\/\/www.espacedeseaux.com\/index.php?rest_route=%2Fwp%2Fv2%2Fproduct_cat&post=713"},{"taxonomy":"product_tag","embeddable":true,"href":"https:\/\/www.espacedeseaux.com\/index.php?rest_route=%2Fwp%2Fv2%2Fproduct_tag&post=713"}],"curies":[{"name":"wp","href":"https:\/\/api.w.org\/{rel}","templated":true}]}}