{"id":744,"date":"2025-05-16T16:24:58","date_gmt":"2025-05-16T14:24:58","guid":{"rendered":"http:\/\/espacedeseaux.com\/?post_type=product&#038;p=744"},"modified":"2025-05-16T16:29:28","modified_gmt":"2025-05-16T14:29:28","slug":"ajutage-cascade","status":"publish","type":"product","link":"https:\/\/www.espacedeseaux.com\/?product=ajutage-cascade","title":{"rendered":"AJUTAGE CASCADE"},"content":{"rendered":"<ul>\n<li>Jeu d&rsquo;eau vivant<\/li>\n<li>Effet de mousse et d&rsquo;\u00e9cume<\/li>\n<li>Apport d&rsquo;oxyg\u00e8ne<\/li>\n<li>Bride d&rsquo;ajustage pour l&rsquo;alignement<\/li>\n<li>La figure d&rsquo;eau d\u00e9pend du niveau de l&rsquo;eau<\/li>\n<\/ul>\n","protected":false},"excerpt":{"rendered":"<p>Gr\u00e2ce \u00e0 l&rsquo;effet d&rsquo;injection, l&rsquo;eau et l&rsquo;air sont aspir\u00e9s, m\u00e9lang\u00e9s intens\u00e9ment et acc\u00e9l\u00e9r\u00e9s par le jet d&rsquo;injection, formant une impressionnante fontaine fluide et fluide. Ce processus g\u00e9n\u00e8re une fontaine volumineuse formant un point avec des d\u00e9bits de pompage relativement faibles.<\/p>\n<p>Les buses \u00e0 effet mousse fonctionnent en fonction du niveau d&rsquo;eau; elles g\u00e9n\u00e8rent un jet d&rsquo;eau fin et haut si le niveau normal n&rsquo;est pas atteint. Au-del\u00e0, le jet d&rsquo;eau est plus dense et bas. Cet effet est particuli\u00e8rement int\u00e9ressant en cas de fortes vagues; les fontaines se mettent alors \u00e0 danser.<\/p>\n","protected":false},"featured_media":745,"template":"","meta":[],"product_brand":[],"product_cat":[91,95,90,89],"product_tag":[],"class_list":{"0":"post-744","1":"product","2":"type-product","3":"status-publish","4":"has-post-thumbnail","6":"product_cat-ajutages","7":"product_cat-classiques","8":"product_cat-fontaine-musicale","9":"product_cat-fontaines","11":"first","12":"instock","13":"shipping-taxable","14":"product-type-simple"},"_links":{"self":[{"href":"https:\/\/www.espacedeseaux.com\/index.php?rest_route=\/wp\/v2\/product\/744","targetHints":{"allow":["GET"]}}],"collection":[{"href":"https:\/\/www.espacedeseaux.com\/index.php?rest_route=\/wp\/v2\/product"}],"about":[{"href":"https:\/\/www.espacedeseaux.com\/index.php?rest_route=\/wp\/v2\/types\/product"}],"wp:featuredmedia":[{"embeddable":true,"href":"https:\/\/www.espacedeseaux.com\/index.php?rest_route=\/wp\/v2\/media\/745"}],"wp:attachment":[{"href":"https:\/\/www.espacedeseaux.com\/index.php?rest_route=%2Fwp%2Fv2%2Fmedia&parent=744"}],"wp:term":[{"taxonomy":"product_brand","embeddable":true,"href":"https:\/\/www.espacedeseaux.com\/index.php?rest_route=%2Fwp%2Fv2%2Fproduct_brand&post=744"},{"taxonomy":"product_cat","embeddable":true,"href":"https:\/\/www.espacedeseaux.com\/index.php?rest_route=%2Fwp%2Fv2%2Fproduct_cat&post=744"},{"taxonomy":"product_tag","embeddable":true,"href":"https:\/\/www.espacedeseaux.com\/index.php?rest_route=%2Fwp%2Fv2%2Fproduct_tag&post=744"}],"curies":[{"name":"wp","href":"https:\/\/api.w.org\/{rel}","templated":true}]}}