{"id":748,"date":"2025-05-16T16:34:13","date_gmt":"2025-05-16T14:34:13","guid":{"rendered":"http:\/\/espacedeseaux.com\/?post_type=product&#038;p=748"},"modified":"2025-05-16T16:43:27","modified_gmt":"2025-05-16T14:43:27","slug":"ajutage-cluster-eco","status":"publish","type":"product","link":"https:\/\/www.espacedeseaux.com\/?product=ajutage-cluster-eco","title":{"rendered":"AJUTAGE CLUSTER ECO"},"content":{"rendered":"<ul>\n<li>Ajutage plein jet basse consommation d&rsquo;eau<\/li>\n<li>Montage au dessus de la surface de l&rsquo;eau<\/li>\n<li>21 jets s\u00e9par\u00e9s forment ensemble un jet de 38 mm de diam\u00e8tre, dont la hauteur peut atteindre 10 m<\/li>\n<li>Stabilisateur int\u00e9gr\u00e9 compos\u00e9 de 6 chicanes qui apaisent le mouvement de l&rsquo;eau (technologie de flux OASE)<\/li>\n<li>Ind\u00e9pendant du niveau de l&rsquo;eau<\/li>\n<li>Ajutage Cluster Eco pour eau de mer sur demande<\/li>\n<\/ul>\n","protected":false},"excerpt":{"rendered":"<p>La buse Cluster Eco g\u00e9n\u00e8re un jet d&rsquo;eau puissant de 38 mm de diam\u00e8tre.<\/p>\n<p>Cette buse en acier inoxydable \u00e0 faible consommation d&rsquo;\u00e9nergie produit un jet d&rsquo;eau volumineux avec une faible quantit\u00e9 d&rsquo;eau.<\/p>\n<p>Elle est con\u00e7ue pour une utilisation en eau douce et en eau de piscine. Gr\u00e2ce \u00e0 son ouverture de 3,5 mm et son niveau d&rsquo;eau ind\u00e9pendant, elle convient parfaitement \u00e0 une installation sur des terrasses s\u00e8ches.<\/p>\n","protected":false},"featured_media":751,"template":"","meta":[],"product_brand":[],"product_cat":[91,95,90,89],"product_tag":[],"class_list":{"0":"post-748","1":"product","2":"type-product","3":"status-publish","4":"has-post-thumbnail","6":"product_cat-ajutages","7":"product_cat-classiques","8":"product_cat-fontaine-musicale","9":"product_cat-fontaines","11":"first","12":"instock","13":"shipping-taxable","14":"product-type-simple"},"_links":{"self":[{"href":"https:\/\/www.espacedeseaux.com\/index.php?rest_route=\/wp\/v2\/product\/748","targetHints":{"allow":["GET"]}}],"collection":[{"href":"https:\/\/www.espacedeseaux.com\/index.php?rest_route=\/wp\/v2\/product"}],"about":[{"href":"https:\/\/www.espacedeseaux.com\/index.php?rest_route=\/wp\/v2\/types\/product"}],"wp:featuredmedia":[{"embeddable":true,"href":"https:\/\/www.espacedeseaux.com\/index.php?rest_route=\/wp\/v2\/media\/751"}],"wp:attachment":[{"href":"https:\/\/www.espacedeseaux.com\/index.php?rest_route=%2Fwp%2Fv2%2Fmedia&parent=748"}],"wp:term":[{"taxonomy":"product_brand","embeddable":true,"href":"https:\/\/www.espacedeseaux.com\/index.php?rest_route=%2Fwp%2Fv2%2Fproduct_brand&post=748"},{"taxonomy":"product_cat","embeddable":true,"href":"https:\/\/www.espacedeseaux.com\/index.php?rest_route=%2Fwp%2Fv2%2Fproduct_cat&post=748"},{"taxonomy":"product_tag","embeddable":true,"href":"https:\/\/www.espacedeseaux.com\/index.php?rest_route=%2Fwp%2Fv2%2Fproduct_tag&post=748"}],"curies":[{"name":"wp","href":"https:\/\/api.w.org\/{rel}","templated":true}]}}