{"id":762,"date":"2025-05-16T17:10:25","date_gmt":"2025-05-16T15:10:25","guid":{"rendered":"http:\/\/espacedeseaux.com\/?post_type=product&#038;p=762"},"modified":"2025-05-16T17:22:36","modified_gmt":"2025-05-16T15:22:36","slug":"ajutage-lava","status":"publish","type":"product","link":"https:\/\/www.espacedeseaux.com\/?product=ajutage-lava","title":{"rendered":"AJUTAGE LAVA"},"content":{"rendered":"<ul>\n<li>Pour les op\u00e9rations ind\u00e9pendantes de la temp\u00e9rature<\/li>\n<li>Optique en acier inoxydable moderne et de haute qualit\u00e9<\/li>\n<li>Cloches en verre avec diam\u00e8tre r\u00e9glable<\/li>\n<li>Diam\u00e8tre de la fontaine, mod\u00e8le adaptable de 200 \u00e0 1300 mm<\/li>\n<li>En option avec \u00e9clairage sous-marin<\/li>\n<li>Eclairage int\u00e9rieur \u00e0 LED &#8211; parfait pour les applications int\u00e9rieures et les espaces ext\u00e9rieurs prot\u00e9g\u00e9s du vent.<\/li>\n<\/ul>\n","protected":false},"excerpt":{"rendered":"<p>Les cloches \u00e0 eau sont l&rsquo;effet fontaine le plus silencieux. Le son relaxant des \u00e9claboussures d&rsquo;eau est particuli\u00e8rement efficace dans<br \/>\nles jardins aquatiques, les salles de r\u00e9ception ou les piscines ext\u00e9rieures prot\u00e9g\u00e9es du vent.<\/p>\n<p>La cloche de lave forme un voile d&rsquo;eau ferm\u00e9 qui peut \u00eatre mis en sc\u00e8ne de mani\u00e8re attrayante avec un \u00e9clairage sous-marin.<\/p>\n","protected":false},"featured_media":763,"template":"","meta":[],"product_brand":[],"product_cat":[91,95,90,89],"product_tag":[],"class_list":{"0":"post-762","1":"product","2":"type-product","3":"status-publish","4":"has-post-thumbnail","6":"product_cat-ajutages","7":"product_cat-classiques","8":"product_cat-fontaine-musicale","9":"product_cat-fontaines","11":"first","12":"instock","13":"shipping-taxable","14":"product-type-simple"},"_links":{"self":[{"href":"https:\/\/www.espacedeseaux.com\/index.php?rest_route=\/wp\/v2\/product\/762","targetHints":{"allow":["GET"]}}],"collection":[{"href":"https:\/\/www.espacedeseaux.com\/index.php?rest_route=\/wp\/v2\/product"}],"about":[{"href":"https:\/\/www.espacedeseaux.com\/index.php?rest_route=\/wp\/v2\/types\/product"}],"wp:featuredmedia":[{"embeddable":true,"href":"https:\/\/www.espacedeseaux.com\/index.php?rest_route=\/wp\/v2\/media\/763"}],"wp:attachment":[{"href":"https:\/\/www.espacedeseaux.com\/index.php?rest_route=%2Fwp%2Fv2%2Fmedia&parent=762"}],"wp:term":[{"taxonomy":"product_brand","embeddable":true,"href":"https:\/\/www.espacedeseaux.com\/index.php?rest_route=%2Fwp%2Fv2%2Fproduct_brand&post=762"},{"taxonomy":"product_cat","embeddable":true,"href":"https:\/\/www.espacedeseaux.com\/index.php?rest_route=%2Fwp%2Fv2%2Fproduct_cat&post=762"},{"taxonomy":"product_tag","embeddable":true,"href":"https:\/\/www.espacedeseaux.com\/index.php?rest_route=%2Fwp%2Fv2%2Fproduct_tag&post=762"}],"curies":[{"name":"wp","href":"https:\/\/api.w.org\/{rel}","templated":true}]}}