{"id":766,"date":"2025-05-16T17:25:48","date_gmt":"2025-05-16T15:25:48","guid":{"rendered":"http:\/\/espacedeseaux.com\/?post_type=product&#038;p=766"},"modified":"2025-05-16T17:27:39","modified_gmt":"2025-05-16T15:27:39","slug":"ajutage-moussant","status":"publish","type":"product","link":"https:\/\/www.espacedeseaux.com\/?product=ajutage-moussant","title":{"rendered":"AJUTAGE MOUSSANT"},"content":{"rendered":"<ul>\n<li>Ajutage \u00e0 effet de mousse ind\u00e9pendant du niveau d&rsquo;eau<\/li>\n<li>Montage au dessus de la surface de l&rsquo;eau<\/li>\n<\/ul>\n","protected":false},"excerpt":{"rendered":"<p>La buse \u00e0 mousse d&rsquo;eau et d&rsquo;air de 1&Prime; en acier inoxydable peut \u00eatre utilis\u00e9e ind\u00e9pendamment du niveau d&rsquo;eau et convient aux pompes pour jeux d&rsquo;eau OASE Aquarius Fountain Set 4000 &#8211; 12000. La hauteur des jeux d&rsquo;eau varie en fonction de la puissance de la pompe (par ex. Aquarius Fountain Set 4000 hauteur 60 cm).<\/p>\n","protected":false},"featured_media":767,"template":"","meta":[],"product_brand":[],"product_cat":[91,95,90,89],"product_tag":[],"class_list":{"0":"post-766","1":"product","2":"type-product","3":"status-publish","4":"has-post-thumbnail","6":"product_cat-ajutages","7":"product_cat-classiques","8":"product_cat-fontaine-musicale","9":"product_cat-fontaines","11":"first","12":"instock","13":"shipping-taxable","14":"product-type-simple"},"_links":{"self":[{"href":"https:\/\/www.espacedeseaux.com\/index.php?rest_route=\/wp\/v2\/product\/766","targetHints":{"allow":["GET"]}}],"collection":[{"href":"https:\/\/www.espacedeseaux.com\/index.php?rest_route=\/wp\/v2\/product"}],"about":[{"href":"https:\/\/www.espacedeseaux.com\/index.php?rest_route=\/wp\/v2\/types\/product"}],"wp:featuredmedia":[{"embeddable":true,"href":"https:\/\/www.espacedeseaux.com\/index.php?rest_route=\/wp\/v2\/media\/767"}],"wp:attachment":[{"href":"https:\/\/www.espacedeseaux.com\/index.php?rest_route=%2Fwp%2Fv2%2Fmedia&parent=766"}],"wp:term":[{"taxonomy":"product_brand","embeddable":true,"href":"https:\/\/www.espacedeseaux.com\/index.php?rest_route=%2Fwp%2Fv2%2Fproduct_brand&post=766"},{"taxonomy":"product_cat","embeddable":true,"href":"https:\/\/www.espacedeseaux.com\/index.php?rest_route=%2Fwp%2Fv2%2Fproduct_cat&post=766"},{"taxonomy":"product_tag","embeddable":true,"href":"https:\/\/www.espacedeseaux.com\/index.php?rest_route=%2Fwp%2Fv2%2Fproduct_tag&post=766"}],"curies":[{"name":"wp","href":"https:\/\/api.w.org\/{rel}","templated":true}]}}