{"id":772,"date":"2025-05-16T17:33:57","date_gmt":"2025-05-16T15:33:57","guid":{"rendered":"http:\/\/espacedeseaux.com\/?post_type=product&#038;p=772"},"modified":"2025-05-16T17:39:30","modified_gmt":"2025-05-16T15:39:30","slug":"systeme-fil-de-mylar","status":"publish","type":"product","link":"https:\/\/www.espacedeseaux.com\/?product=systeme-fil-de-mylar","title":{"rendered":"SYSTEME FIL DE MYLAR"},"content":{"rendered":"<ul>\n<li>Concept au design s\u00e9duisant<\/li>\n<li>S\u00e9paration singuli\u00e8re de l&rsquo;espace<\/li>\n<li>Humidificateur de l&rsquo;air efficace<\/li>\n<\/ul>\n","protected":false},"excerpt":{"rendered":"<p>Les syst\u00e8mes de fontaines OASE en dentelle mylar constituent un \u00e9l\u00e9ment de design int\u00e9ressant dans la technologie des fontaines. L&rsquo;eau s&rsquo;\u00e9coulant silencieusement et pratiquement sans \u00e9claboussures le long des dentelles mylar sp\u00e9ciales, de nombreuses applications sont possibles.<\/p>\n<p>En int\u00e9rieur, la fontaine en dentelle Mvlar peut diviser une pi\u00e8ce ou former un rideau scintillant, v\u00e9ritable \u00e9l\u00e9ment architectural. Les fontaines OASE en Mylar se composent d&rsquo;un r\u00e9servoir d&rsquo;eau inf\u00e9rieur et d&rsquo;un syst\u00e8me de distribution d&rsquo;eau sup\u00e9rieur dot\u00e9 de multiples buses en Mylar et d&rsquo;un nombre correspondant de dentelles Mylar transparentes r\u00e9glables.<\/p>\n<p>Le r\u00e9servoir d&rsquo;eau comprend toute la technologie : Dompe, bonde de trop-plein, remplissage d&rsquo;eau douce, alimentation \u00e9lectrique, plaque conductrice en dentelle Mylar et \u00e9clairage immerg\u00e9. La gamme d&rsquo;accessoires OASE propose \u00e9galement d&rsquo;autres composants, comme le traitement de l&rsquo;eau avec l&rsquo;installation d&rsquo;un adoucisseur, d&rsquo;une filtration et d&rsquo;une installation de dosage.<\/p>\n","protected":false},"featured_media":773,"template":"","meta":[],"product_brand":[],"product_cat":[91,95,90,89],"product_tag":[],"class_list":{"0":"post-772","1":"product","2":"type-product","3":"status-publish","4":"has-post-thumbnail","6":"product_cat-ajutages","7":"product_cat-classiques","8":"product_cat-fontaine-musicale","9":"product_cat-fontaines","11":"first","12":"instock","13":"shipping-taxable","14":"product-type-simple"},"_links":{"self":[{"href":"https:\/\/www.espacedeseaux.com\/index.php?rest_route=\/wp\/v2\/product\/772","targetHints":{"allow":["GET"]}}],"collection":[{"href":"https:\/\/www.espacedeseaux.com\/index.php?rest_route=\/wp\/v2\/product"}],"about":[{"href":"https:\/\/www.espacedeseaux.com\/index.php?rest_route=\/wp\/v2\/types\/product"}],"wp:featuredmedia":[{"embeddable":true,"href":"https:\/\/www.espacedeseaux.com\/index.php?rest_route=\/wp\/v2\/media\/773"}],"wp:attachment":[{"href":"https:\/\/www.espacedeseaux.com\/index.php?rest_route=%2Fwp%2Fv2%2Fmedia&parent=772"}],"wp:term":[{"taxonomy":"product_brand","embeddable":true,"href":"https:\/\/www.espacedeseaux.com\/index.php?rest_route=%2Fwp%2Fv2%2Fproduct_brand&post=772"},{"taxonomy":"product_cat","embeddable":true,"href":"https:\/\/www.espacedeseaux.com\/index.php?rest_route=%2Fwp%2Fv2%2Fproduct_cat&post=772"},{"taxonomy":"product_tag","embeddable":true,"href":"https:\/\/www.espacedeseaux.com\/index.php?rest_route=%2Fwp%2Fv2%2Fproduct_tag&post=772"}],"curies":[{"name":"wp","href":"https:\/\/api.w.org\/{rel}","templated":true}]}}