{"id":782,"date":"2025-05-19T11:16:06","date_gmt":"2025-05-19T09:16:06","guid":{"rendered":"http:\/\/espacedeseaux.com\/?post_type=product&#038;p=782"},"modified":"2025-05-19T11:30:40","modified_gmt":"2025-05-19T09:30:40","slug":"ajutage-fanjet","status":"publish","type":"product","link":"https:\/\/www.espacedeseaux.com\/?product=ajutage-fanjet","title":{"rendered":"AJUTAGE FANJET"},"content":{"rendered":"","protected":false},"excerpt":{"rendered":"<p>Le voile d&rsquo;eau g\u00e9n\u00e9r\u00e9 par ces buses n&rsquo;a pas seulement une beaut\u00e9 \u00e9trange, il est \u00e9galement extr\u00eamement pratique : il est<br \/>\nparticuli\u00e8rement bien adapt\u00e9 pour dissimuler la technologie expos\u00e9e.<\/p>\n<p>Selon l&rsquo;installation, les buses en \u00e9ventail g\u00e9n\u00e8rent un jet d&rsquo;eau vertical ascendant ou diagonal de 6 ou 8 mm d&rsquo;\u00e9paisseur. Gr\u00e2ce \u00e0 leur grande surface, ce jet d&rsquo;eau attrayant peut dissimuler une fondation, une tuyauterie ou un \u00e9quipement de pompage expos\u00e9. Les buses fonctionnent ind\u00e9pendamment du niveau d&rsquo;eau et n\u00e9cessitent une vanne d&rsquo;\u00e9tranglement pour r\u00e9guler le jet d&rsquo;eau.<\/p>\n","protected":false},"featured_media":784,"template":"","meta":[],"product_brand":[],"product_cat":[91,96,90,89],"product_tag":[],"class_list":{"0":"post-782","1":"product","2":"type-product","3":"status-publish","4":"has-post-thumbnail","6":"product_cat-ajutages","7":"product_cat-controlable","8":"product_cat-fontaine-musicale","9":"product_cat-fontaines","11":"first","12":"instock","13":"shipping-taxable","14":"product-type-simple"},"_links":{"self":[{"href":"https:\/\/www.espacedeseaux.com\/index.php?rest_route=\/wp\/v2\/product\/782","targetHints":{"allow":["GET"]}}],"collection":[{"href":"https:\/\/www.espacedeseaux.com\/index.php?rest_route=\/wp\/v2\/product"}],"about":[{"href":"https:\/\/www.espacedeseaux.com\/index.php?rest_route=\/wp\/v2\/types\/product"}],"wp:featuredmedia":[{"embeddable":true,"href":"https:\/\/www.espacedeseaux.com\/index.php?rest_route=\/wp\/v2\/media\/784"}],"wp:attachment":[{"href":"https:\/\/www.espacedeseaux.com\/index.php?rest_route=%2Fwp%2Fv2%2Fmedia&parent=782"}],"wp:term":[{"taxonomy":"product_brand","embeddable":true,"href":"https:\/\/www.espacedeseaux.com\/index.php?rest_route=%2Fwp%2Fv2%2Fproduct_brand&post=782"},{"taxonomy":"product_cat","embeddable":true,"href":"https:\/\/www.espacedeseaux.com\/index.php?rest_route=%2Fwp%2Fv2%2Fproduct_cat&post=782"},{"taxonomy":"product_tag","embeddable":true,"href":"https:\/\/www.espacedeseaux.com\/index.php?rest_route=%2Fwp%2Fv2%2Fproduct_tag&post=782"}],"curies":[{"name":"wp","href":"https:\/\/api.w.org\/{rel}","templated":true}]}}