{"id":792,"date":"2025-05-19T11:40:53","date_gmt":"2025-05-19T09:40:53","guid":{"rendered":"http:\/\/espacedeseaux.com\/?post_type=product&#038;p=792"},"modified":"2025-05-19T11:45:36","modified_gmt":"2025-05-19T09:45:36","slug":"ajutage-rotatif","status":"publish","type":"product","link":"https:\/\/www.espacedeseaux.com\/?product=ajutage-rotatif","title":{"rendered":"AJUTAGE ROTATIF"},"content":{"rendered":"<ul>\n<li>Figure d&rsquo;eau tournant en spirale<\/li>\n<li>Puissants jets pr\u00e9cis<\/li>\n<\/ul>\n","protected":false},"excerpt":{"rendered":"<p>Les fontaines gracieusement dansantes animent de mani\u00e8re optimale tout paysage aquatique et atteignent des hauteurs allant<br \/>\njusqu&rsquo;\u00e0 10 m\u00e8tres.<\/p>\n<p>De doux jets d&rsquo;eau rotatifs sont g\u00e9n\u00e9r\u00e9s par le recul des buses dispos\u00e9es en diagonale. Cette buse rotative comprend cinq buses Comet orientables dans toutes les directions, qui tournent en cercle et cr\u00e9ent une grande vari\u00e9t\u00e9 de jets d&rsquo;eau stables face au vent.<\/p>\n<p>Le m\u00e9canisme de rotation \u00e0 roulement \u00e0 billes assure un fonctionnement continu et sans probl\u00e8me.<\/p>\n","protected":false},"featured_media":793,"template":"","meta":[],"product_brand":[],"product_cat":[91,96,90,89],"product_tag":[],"class_list":{"0":"post-792","1":"product","2":"type-product","3":"status-publish","4":"has-post-thumbnail","6":"product_cat-ajutages","7":"product_cat-controlable","8":"product_cat-fontaine-musicale","9":"product_cat-fontaines","11":"first","12":"instock","13":"shipping-taxable","14":"product-type-simple"},"_links":{"self":[{"href":"https:\/\/www.espacedeseaux.com\/index.php?rest_route=\/wp\/v2\/product\/792","targetHints":{"allow":["GET"]}}],"collection":[{"href":"https:\/\/www.espacedeseaux.com\/index.php?rest_route=\/wp\/v2\/product"}],"about":[{"href":"https:\/\/www.espacedeseaux.com\/index.php?rest_route=\/wp\/v2\/types\/product"}],"wp:featuredmedia":[{"embeddable":true,"href":"https:\/\/www.espacedeseaux.com\/index.php?rest_route=\/wp\/v2\/media\/793"}],"wp:attachment":[{"href":"https:\/\/www.espacedeseaux.com\/index.php?rest_route=%2Fwp%2Fv2%2Fmedia&parent=792"}],"wp:term":[{"taxonomy":"product_brand","embeddable":true,"href":"https:\/\/www.espacedeseaux.com\/index.php?rest_route=%2Fwp%2Fv2%2Fproduct_brand&post=792"},{"taxonomy":"product_cat","embeddable":true,"href":"https:\/\/www.espacedeseaux.com\/index.php?rest_route=%2Fwp%2Fv2%2Fproduct_cat&post=792"},{"taxonomy":"product_tag","embeddable":true,"href":"https:\/\/www.espacedeseaux.com\/index.php?rest_route=%2Fwp%2Fv2%2Fproduct_tag&post=792"}],"curies":[{"name":"wp","href":"https:\/\/api.w.org\/{rel}","templated":true}]}}