{"id":803,"date":"2025-05-19T11:58:05","date_gmt":"2025-05-19T09:58:05","guid":{"rendered":"http:\/\/espacedeseaux.com\/?post_type=product&#038;p=803"},"modified":"2025-05-19T12:03:39","modified_gmt":"2025-05-19T10:03:39","slug":"ajutage-waterscreen","status":"publish","type":"product","link":"https:\/\/www.espacedeseaux.com\/?product=ajutage-waterscreen","title":{"rendered":"AJUTAGE WATERSCREEN"},"content":{"rendered":"","protected":false},"excerpt":{"rendered":"<p>La buse Water Screen Nozzle g\u00e9n\u00e8re un \u00e9cran de projection d&rsquo;eau. Elle peut \u00eatre utilis\u00e9e avec divers supports, notamment la vid\u00e9o<br \/>\net les lasers, pour des \u00e9v\u00e9nements sp\u00e9ciaux.<\/p>\n<p>L&rsquo;\u00e9cran est un demi-cercle complet de 180\u00b0, dont la hauteur varie en fonction du d\u00e9bit et de la pression d\u00e9livr\u00e9s par le syst\u00e8me de<br \/>\npompage.<\/p>\n","protected":false},"featured_media":806,"template":"","meta":[],"product_brand":[],"product_cat":[91,96,90,89],"product_tag":[],"class_list":{"0":"post-803","1":"product","2":"type-product","3":"status-publish","4":"has-post-thumbnail","6":"product_cat-ajutages","7":"product_cat-controlable","8":"product_cat-fontaine-musicale","9":"product_cat-fontaines","11":"first","12":"instock","13":"shipping-taxable","14":"product-type-simple"},"_links":{"self":[{"href":"https:\/\/www.espacedeseaux.com\/index.php?rest_route=\/wp\/v2\/product\/803","targetHints":{"allow":["GET"]}}],"collection":[{"href":"https:\/\/www.espacedeseaux.com\/index.php?rest_route=\/wp\/v2\/product"}],"about":[{"href":"https:\/\/www.espacedeseaux.com\/index.php?rest_route=\/wp\/v2\/types\/product"}],"wp:featuredmedia":[{"embeddable":true,"href":"https:\/\/www.espacedeseaux.com\/index.php?rest_route=\/wp\/v2\/media\/806"}],"wp:attachment":[{"href":"https:\/\/www.espacedeseaux.com\/index.php?rest_route=%2Fwp%2Fv2%2Fmedia&parent=803"}],"wp:term":[{"taxonomy":"product_brand","embeddable":true,"href":"https:\/\/www.espacedeseaux.com\/index.php?rest_route=%2Fwp%2Fv2%2Fproduct_brand&post=803"},{"taxonomy":"product_cat","embeddable":true,"href":"https:\/\/www.espacedeseaux.com\/index.php?rest_route=%2Fwp%2Fv2%2Fproduct_cat&post=803"},{"taxonomy":"product_tag","embeddable":true,"href":"https:\/\/www.espacedeseaux.com\/index.php?rest_route=%2Fwp%2Fv2%2Fproduct_tag&post=803"}],"curies":[{"name":"wp","href":"https:\/\/api.w.org\/{rel}","templated":true}]}}