{"id":808,"date":"2025-05-19T17:02:46","date_gmt":"2025-05-19T15:02:46","guid":{"rendered":"http:\/\/espacedeseaux.com\/?post_type=product&#038;p=808"},"modified":"2025-05-19T17:05:16","modified_gmt":"2025-05-19T15:05:16","slug":"airlo","status":"publish","type":"product","link":"https:\/\/www.espacedeseaux.com\/?product=airlo","title":{"rendered":"AIRLO"},"content":{"rendered":"<ul>\n<li>FERMETURE \u00c0 BA\u00cfONNETTE: Pour une installation et une maintenance faciles<\/li>\n<li>SILENCIEUX ET STABLE: Le flotteur en mousse r\u00e9duit le bruit de l&rsquo;eau qui s&rsquo;\u00e9coule et stabilise la fontaine<\/li>\n<li>BELLE DE NUIT: Les kits d&rsquo;\u00e9clairage disponibles en option en blanc ou en couleur complimentent nos fontaines lorsque la nuit descend<\/li>\n<li>ROBUSTE: Panier de pompe en acier inoxydable r\u00e9sistant \u00e0 la corrosion<\/li>\n<li>LE PLEIN D&rsquo;AIR: Apport maximal en oxyg\u00e8ne pour l&rsquo;eau<\/li>\n<li>OXYG\u00c8NE EN PLUS: A\u00e9rateur flottant pour plus d&rsquo;oxyg\u00e8ne gr\u00e2ce \u00e0 des am\u00e9nagements aquatiques performants pour des surfaces aquatiques jusqu&rsquo;\u00e0 15 000 m2<\/li>\n<\/ul>\n","protected":false},"excerpt":{"rendered":"<p>L&rsquo;AirFlo est un a\u00e9rateur flottant pour l&rsquo;oxyg\u00e9nation par des images aquatiques puissantes pour des plans d&rsquo;eau jusqu&rsquo;\u00e0 15000 m?<\/p>\n<p>Il assure un apport maximal d&rsquo;oxyg\u00e8ne pour les plans d&rsquo;eau et est facile \u00e0 installer et \u00e0 entretenir gr\u00e2ce \u00e0 la technique de la ba\u00efonnette.<\/p>\n<p>Le flotteur est exceptionnellement stable, r\u00e9duit le bruit et dispose d&rsquo;un panier de pompe en acier inoxydable r\u00e9sistant \u00e0 la corrosion. Il est livr\u00e9 avec un kit de fixation et 3 embouts de type \u00ab\u00a0Trumpjet\u00a0\u00bb.<\/p>\n","protected":false},"featured_media":809,"template":"","meta":[],"product_brand":[],"product_cat":[91,90,89,97],"product_tag":[],"class_list":{"0":"post-808","1":"product","2":"type-product","3":"status-publish","4":"has-post-thumbnail","6":"product_cat-ajutages","7":"product_cat-fontaine-musicale","8":"product_cat-fontaines","9":"product_cat-kit-flottant","11":"first","12":"instock","13":"shipping-taxable","14":"product-type-simple"},"_links":{"self":[{"href":"https:\/\/www.espacedeseaux.com\/index.php?rest_route=\/wp\/v2\/product\/808","targetHints":{"allow":["GET"]}}],"collection":[{"href":"https:\/\/www.espacedeseaux.com\/index.php?rest_route=\/wp\/v2\/product"}],"about":[{"href":"https:\/\/www.espacedeseaux.com\/index.php?rest_route=\/wp\/v2\/types\/product"}],"wp:featuredmedia":[{"embeddable":true,"href":"https:\/\/www.espacedeseaux.com\/index.php?rest_route=\/wp\/v2\/media\/809"}],"wp:attachment":[{"href":"https:\/\/www.espacedeseaux.com\/index.php?rest_route=%2Fwp%2Fv2%2Fmedia&parent=808"}],"wp:term":[{"taxonomy":"product_brand","embeddable":true,"href":"https:\/\/www.espacedeseaux.com\/index.php?rest_route=%2Fwp%2Fv2%2Fproduct_brand&post=808"},{"taxonomy":"product_cat","embeddable":true,"href":"https:\/\/www.espacedeseaux.com\/index.php?rest_route=%2Fwp%2Fv2%2Fproduct_cat&post=808"},{"taxonomy":"product_tag","embeddable":true,"href":"https:\/\/www.espacedeseaux.com\/index.php?rest_route=%2Fwp%2Fv2%2Fproduct_tag&post=808"}],"curies":[{"name":"wp","href":"https:\/\/api.w.org\/{rel}","templated":true}]}}