{"id":814,"date":"2025-05-19T17:07:48","date_gmt":"2025-05-19T15:07:48","guid":{"rendered":"http:\/\/espacedeseaux.com\/?post_type=product&#038;p=814"},"modified":"2025-05-19T17:09:37","modified_gmt":"2025-05-19T15:09:37","slug":"midi-ii","status":"publish","type":"product","link":"https:\/\/www.espacedeseaux.com\/?product=midi-ii","title":{"rendered":"MIDI II"},"content":{"rendered":"<ul>\n<li>Quatre ajutages pour figures d&rsquo;eau diff\u00e9rentes en option avec filetage standard 3&Prime; (75 mm)<\/li>\n<li>Flotteur en mousse pour une stabilit\u00e9 remarquable et la r\u00e9duction du bruit<\/li>\n<li>Panier de pompe en acier inox<\/li>\n<li>Kit de fixation \u00e0 la berge compris<\/li>\n<li>Kits d&rsquo;\u00e9clairage disponibles en option<\/li>\n<li>Fontaine flottante pour eau claire<\/li>\n<li>Groupe complet pr\u00eat \u00e0 brancher<\/li>\n<\/ul>\n","protected":false},"excerpt":{"rendered":"<p>Facile \u00e0 installer, n\u00e9cessitant peu d&rsquo;entretien et avec un design attrayant : la fontaine flottante MIDI\/MAXI offre des effets d&rsquo;eau<br \/>\nint\u00e9ressants de jour comme de nuit.<\/p>\n<p>Trois puissances de moteur diff\u00e9rentes, \u00e9quip\u00e9es de prises de terre conformes aux normes (230 V) et d&rsquo;un disjoncteur moteur ou d&rsquo;une prise CEE (400 V), offrent des solutions adapt\u00e9es \u00e0 diff\u00e9rents plans d&rsquo;eau et conditions. La pression d&rsquo;eau optimis\u00e9e permet d&rsquo;obtenir des hauteurs impressionnantes pour les quatre types de buses disponibles, avec filetage standard de 3&Prime; pour un changement rapide. Le kit d&rsquo;\u00e9clairage LunAqua10 LED\/01, facile \u00e0 installer, assure un \u00e9clairage impressionnant des jeux d&rsquo;eau jusqu&rsquo;\u00e0 16.5 m de hauteur.<\/p>\n","protected":false},"featured_media":815,"template":"","meta":[],"product_brand":[],"product_cat":[91,90,89,97],"product_tag":[],"class_list":{"0":"post-814","1":"product","2":"type-product","3":"status-publish","4":"has-post-thumbnail","6":"product_cat-ajutages","7":"product_cat-fontaine-musicale","8":"product_cat-fontaines","9":"product_cat-kit-flottant","11":"first","12":"instock","13":"shipping-taxable","14":"product-type-simple"},"_links":{"self":[{"href":"https:\/\/www.espacedeseaux.com\/index.php?rest_route=\/wp\/v2\/product\/814","targetHints":{"allow":["GET"]}}],"collection":[{"href":"https:\/\/www.espacedeseaux.com\/index.php?rest_route=\/wp\/v2\/product"}],"about":[{"href":"https:\/\/www.espacedeseaux.com\/index.php?rest_route=\/wp\/v2\/types\/product"}],"wp:featuredmedia":[{"embeddable":true,"href":"https:\/\/www.espacedeseaux.com\/index.php?rest_route=\/wp\/v2\/media\/815"}],"wp:attachment":[{"href":"https:\/\/www.espacedeseaux.com\/index.php?rest_route=%2Fwp%2Fv2%2Fmedia&parent=814"}],"wp:term":[{"taxonomy":"product_brand","embeddable":true,"href":"https:\/\/www.espacedeseaux.com\/index.php?rest_route=%2Fwp%2Fv2%2Fproduct_brand&post=814"},{"taxonomy":"product_cat","embeddable":true,"href":"https:\/\/www.espacedeseaux.com\/index.php?rest_route=%2Fwp%2Fv2%2Fproduct_cat&post=814"},{"taxonomy":"product_tag","embeddable":true,"href":"https:\/\/www.espacedeseaux.com\/index.php?rest_route=%2Fwp%2Fv2%2Fproduct_tag&post=814"}],"curies":[{"name":"wp","href":"https:\/\/api.w.org\/{rel}","templated":true}]}}