{"id":817,"date":"2025-05-19T19:26:00","date_gmt":"2025-05-19T17:26:00","guid":{"rendered":"http:\/\/espacedeseaux.com\/?post_type=product&#038;p=817"},"modified":"2025-05-19T19:39:07","modified_gmt":"2025-05-19T17:39:07","slug":"projecteur-lunaqua-power-led","status":"publish","type":"product","link":"https:\/\/www.espacedeseaux.com\/?product=projecteur-lunaqua-power-led","title":{"rendered":"PROJECTEUR LUNAQUA POWER LED"},"content":{"rendered":"<ul>\n<li>ET LA LUMI\u00c8RE FUT ! : Lumi\u00e8re \u00e9clatante \u00e0 faible consommation d&rsquo;\u00e9nergie : l&rsquo;un des projecteurs \u00e0 LED les plus lumineux de la gamme d&rsquo;\u00e9clairage pour bassin OASE<\/li>\n<li>SECURISE: Les projecteurs, les pilotes et les c\u00e2bles peuvent \u00eatre utilis\u00e9s en toute s\u00e9curit\u00e9 dans des bassins de baignade jusqu&rsquo;\u00e0 4m de profondeur (aucune utilisation en immersion du pilote n&rsquo;est possible dans les bassins de baignade, en raison des normes en vigueur)<\/li>\n<li>EFFICACE: Aussi lumineux qu&rsquo;une ampoule \u00e0 incandescence de 50 W, avec une consommation d&rsquo;\u00e9nergie de<br \/>\nseulement 5,8 W<\/li>\n<li>S\u00c9CURIS\u00c9: Gr\u00e2ce \u00e0 sa technologie basse tension (24 V c.c.), convient \u00e9galement \u00e0 une utilisation dans les bassins de baignade<\/li>\n<li>COMPACT: Joli petit projecteur avec connectique immergeable robuste<\/li>\n<li>DURABLE: L&rsquo;excellente gestion thermique et la qualit\u00e9 \u00e9lev\u00e9e des LED permettent une dur\u00e9e de vie sup\u00e9rieure \u00e0 36 000 heures d&rsquo;\u00e9clairage<\/li>\n<\/ul>\n","protected":false},"excerpt":{"rendered":"<p>Beaucoup de lumi\u00e8re tout en \u00e9conomisant de l&rsquo;\u00e9nergie : petit projecteur compact avec une connectique robuste IP68. Avec une consommation \u00e9conomique de 5,8 watts, il est aussi lumineux qu&rsquo;une lampe \u00e0 incandescence de 50 watts. Flexible dans ses possibilit\u00e9s d&rsquo;utilisation : comme \u00e9clairage de fontaine, encastr\u00e9 dans le sol gr\u00e2ce \u00e0 un piquet, au mur ou en permanence sous l&rsquo;eau. Disponible en set 1 ou set 3 et extensible jusqu&rsquo;\u00e0 4 luminaires par pilote. Gr\u00e2ce \u00e0 InScenio FM-Master, il est possible de l&rsquo;allumer facilement via un smartphone.<\/p>\n","protected":false},"featured_media":818,"template":"","meta":[],"product_brand":[],"product_cat":[92,90,89,98],"product_tag":[],"class_list":{"0":"post-817","1":"product","2":"type-product","3":"status-publish","4":"has-post-thumbnail","6":"product_cat-eclairage","7":"product_cat-fontaine-musicale","8":"product_cat-fontaines","9":"product_cat-led-blanc","11":"first","12":"instock","13":"shipping-taxable","14":"product-type-simple"},"_links":{"self":[{"href":"https:\/\/www.espacedeseaux.com\/index.php?rest_route=\/wp\/v2\/product\/817","targetHints":{"allow":["GET"]}}],"collection":[{"href":"https:\/\/www.espacedeseaux.com\/index.php?rest_route=\/wp\/v2\/product"}],"about":[{"href":"https:\/\/www.espacedeseaux.com\/index.php?rest_route=\/wp\/v2\/types\/product"}],"wp:featuredmedia":[{"embeddable":true,"href":"https:\/\/www.espacedeseaux.com\/index.php?rest_route=\/wp\/v2\/media\/818"}],"wp:attachment":[{"href":"https:\/\/www.espacedeseaux.com\/index.php?rest_route=%2Fwp%2Fv2%2Fmedia&parent=817"}],"wp:term":[{"taxonomy":"product_brand","embeddable":true,"href":"https:\/\/www.espacedeseaux.com\/index.php?rest_route=%2Fwp%2Fv2%2Fproduct_brand&post=817"},{"taxonomy":"product_cat","embeddable":true,"href":"https:\/\/www.espacedeseaux.com\/index.php?rest_route=%2Fwp%2Fv2%2Fproduct_cat&post=817"},{"taxonomy":"product_tag","embeddable":true,"href":"https:\/\/www.espacedeseaux.com\/index.php?rest_route=%2Fwp%2Fv2%2Fproduct_tag&post=817"}],"curies":[{"name":"wp","href":"https:\/\/api.w.org\/{rel}","templated":true}]}}