{"id":820,"date":"2025-05-19T19:39:27","date_gmt":"2025-05-19T17:39:27","guid":{"rendered":"http:\/\/espacedeseaux.com\/?post_type=product&#038;p=820"},"modified":"2025-05-19T19:42:42","modified_gmt":"2025-05-19T17:42:42","slug":"projecteur-lunaqua-power-led-xl","status":"publish","type":"product","link":"https:\/\/www.espacedeseaux.com\/?product=projecteur-lunaqua-power-led-xl","title":{"rendered":"PROJECTEUR LUNAQUA POWER LED XL"},"content":{"rendered":"<ul>\n<li>CHOIX DE COULEURS: Avec une temp\u00e9rature de 3 000 kelvins, les rouges sont bien mis en valeur tandis que les luminaires \u00e0 4 000 kelvins sont particuli\u00e8rement adapt\u00e9s pour sublimer les tons verts (bambou, haies, etc.)<\/li>\n<li>DURABLE: L&rsquo;excellente gestion thermique et la qualit\u00e9 \u00e9lev\u00e9e des LED permettent une dur\u00e9e de vie sup\u00e9rieure \u00e0 50 000 heures d&rsquo;\u00e9clairage<br \/>\nINCLUS: 1 projecteur avec c\u00e2ble de 5 m et 1 piquet<\/li>\n<li>AVEZ-VOUS PENS\u00c9 \u00c0 TOUT ?: Accessoires n\u00e9cessaires \u00e0 l&rsquo;installation : pilote pour LunAqua Power LED avec connecteur pour jusqu&rsquo;\u00e0 4 projecteurs (2 x LunAqua Power LED XL oU 1 x LunAqua Power LED XL et 2 x LunAqua Power LED oU 4 x LunAqua Power LED)<\/li>\n<\/ul>\n","protected":false},"excerpt":{"rendered":"<p>Une lumi\u00e8re naturelle provenant d&rsquo;une source puissante : le projecteur LunAqua Power LED XL 3000 Narrow Spot fait briller votre jardin d&rsquo;un nouvel \u00e9clat. Une puissance claire de 1250 lumens et 3 000 kelvins pour des couleurs de lumi\u00e8re chaudes y veillent.<\/p>\n<p>C\u00e9l\u00e9brez votre libert\u00e9 d&rsquo;am\u00e9nagement : avec 15 W et des LED de haute qualit\u00e9, vous mettez durablement en sc\u00e8ne ce qui m\u00e9rite d&rsquo;\u00eatre vu, avec une grande efficacit\u00e9 \u00e9nerg\u00e9tique. Gr\u00e2ce \u00e0 l&rsquo;angle de rayonnement de 10\u00b0, vos id\u00e9es sont r\u00e9alis\u00e9es avec pr\u00e9cision &#8211; m\u00eame jusqu&rsquo;\u00e0 4m de profondeur gr\u00e2ce \u00e0 la technique de connexion robuste sous l&rsquo;eau.<\/p>\n<p>Beaucoup de choses sont ainsi possibles : vous d\u00e9cidez de l&rsquo;utilisation individuelle.<br \/>\nVotre syst\u00e8me s&rsquo;adapte.<\/p>\n","protected":false},"featured_media":821,"template":"","meta":[],"product_brand":[],"product_cat":[92,90,89,98],"product_tag":[],"class_list":{"0":"post-820","1":"product","2":"type-product","3":"status-publish","4":"has-post-thumbnail","6":"product_cat-eclairage","7":"product_cat-fontaine-musicale","8":"product_cat-fontaines","9":"product_cat-led-blanc","11":"first","12":"instock","13":"shipping-taxable","14":"product-type-simple"},"_links":{"self":[{"href":"https:\/\/www.espacedeseaux.com\/index.php?rest_route=\/wp\/v2\/product\/820","targetHints":{"allow":["GET"]}}],"collection":[{"href":"https:\/\/www.espacedeseaux.com\/index.php?rest_route=\/wp\/v2\/product"}],"about":[{"href":"https:\/\/www.espacedeseaux.com\/index.php?rest_route=\/wp\/v2\/types\/product"}],"wp:featuredmedia":[{"embeddable":true,"href":"https:\/\/www.espacedeseaux.com\/index.php?rest_route=\/wp\/v2\/media\/821"}],"wp:attachment":[{"href":"https:\/\/www.espacedeseaux.com\/index.php?rest_route=%2Fwp%2Fv2%2Fmedia&parent=820"}],"wp:term":[{"taxonomy":"product_brand","embeddable":true,"href":"https:\/\/www.espacedeseaux.com\/index.php?rest_route=%2Fwp%2Fv2%2Fproduct_brand&post=820"},{"taxonomy":"product_cat","embeddable":true,"href":"https:\/\/www.espacedeseaux.com\/index.php?rest_route=%2Fwp%2Fv2%2Fproduct_cat&post=820"},{"taxonomy":"product_tag","embeddable":true,"href":"https:\/\/www.espacedeseaux.com\/index.php?rest_route=%2Fwp%2Fv2%2Fproduct_tag&post=820"}],"curies":[{"name":"wp","href":"https:\/\/api.w.org\/{rel}","templated":true}]}}