{"id":823,"date":"2025-05-19T19:42:56","date_gmt":"2025-05-19T17:42:56","guid":{"rendered":"http:\/\/espacedeseaux.com\/?post_type=product&#038;p=823"},"modified":"2025-05-19T19:45:30","modified_gmt":"2025-05-19T17:45:30","slug":"projecteur-profilux-led-blanc","status":"publish","type":"product","link":"https:\/\/www.espacedeseaux.com\/?product=projecteur-profilux-led-blanc","title":{"rendered":"PROJECTEUR PROFILUX LED BLANC"},"content":{"rendered":"<ul>\n<li>Performance \u00e9nerg\u00e9tique des LED blanc neutre. Le projecteur est fourni avec un support pour montage au sol ou sur le tube d&rsquo;ajutage [dimensionn\u00e9 pour manchon 10 (51018)]<\/li>\n<li>Temp\u00e9rature couleur 4000 K<\/li>\n<li>Destin\u00e9 \u00e0 un fonctionnement en eau fra\u00eeche, eau de piscine et eau de mer<\/li>\n<li>Prot\u00e9g\u00e9e contre l&rsquo;inversion de polarit\u00e9<\/li>\n<li>Commande par DMX \/ RDM avec Underwater Switch 24 V c.c. (on \/ off)<\/li>\n<li>Dur\u00e9e de vie : 100.000 h\u00b0<\/li>\n<\/ul>\n","protected":false},"excerpt":{"rendered":"<p>Le Profilux LED est un puissant projecteur blanc neutre dot\u00e9 d&rsquo;un support de fixation robuste pour installation au sol<br \/>\nou sur tube de buse. <strong>Con\u00e7u dans son mod\u00e8le S, L et XL<\/strong><\/p>\n<p>Ce projecteur blanc neutre est dot\u00e9 d&rsquo;un bo\u00eetier robuste en acier inoxydable de haute qualit\u00e9, adapt\u00e9 \u00e0 l&rsquo;eau douce, de piscine et de mer.<\/p>\n<p>Sa surface plane emp\u00eache les d\u00e9p\u00f4ts de salet\u00e9. Ces projecteurs LED sont dot\u00e9s d&rsquo;un syst\u00e8me de r\u00e9gulation de temp\u00e9rature permettant une installation \u00e0 sec ou humide. La LED haut de gamme \u00e0 temp\u00e9rature contr\u00f4l\u00e9e a une dur\u00e9e de vie allant jusqu&rsquo;\u00e0 100 000 heures*. La temp\u00e9rature de couleur est de 4 000 K. Ce projecteur blanc est \u00e9quip\u00e9 d&rsquo;un connecteur 24 V\/CC \u00e9tanche et d&rsquo;une protection contre les inversions de polarit\u00e9.<\/p>\n","protected":false},"featured_media":824,"template":"","meta":[],"product_brand":[],"product_cat":[92,90,89,98],"product_tag":[],"class_list":{"0":"post-823","1":"product","2":"type-product","3":"status-publish","4":"has-post-thumbnail","6":"product_cat-eclairage","7":"product_cat-fontaine-musicale","8":"product_cat-fontaines","9":"product_cat-led-blanc","11":"first","12":"instock","13":"shipping-taxable","14":"product-type-simple"},"_links":{"self":[{"href":"https:\/\/www.espacedeseaux.com\/index.php?rest_route=\/wp\/v2\/product\/823","targetHints":{"allow":["GET"]}}],"collection":[{"href":"https:\/\/www.espacedeseaux.com\/index.php?rest_route=\/wp\/v2\/product"}],"about":[{"href":"https:\/\/www.espacedeseaux.com\/index.php?rest_route=\/wp\/v2\/types\/product"}],"wp:featuredmedia":[{"embeddable":true,"href":"https:\/\/www.espacedeseaux.com\/index.php?rest_route=\/wp\/v2\/media\/824"}],"wp:attachment":[{"href":"https:\/\/www.espacedeseaux.com\/index.php?rest_route=%2Fwp%2Fv2%2Fmedia&parent=823"}],"wp:term":[{"taxonomy":"product_brand","embeddable":true,"href":"https:\/\/www.espacedeseaux.com\/index.php?rest_route=%2Fwp%2Fv2%2Fproduct_brand&post=823"},{"taxonomy":"product_cat","embeddable":true,"href":"https:\/\/www.espacedeseaux.com\/index.php?rest_route=%2Fwp%2Fv2%2Fproduct_cat&post=823"},{"taxonomy":"product_tag","embeddable":true,"href":"https:\/\/www.espacedeseaux.com\/index.php?rest_route=%2Fwp%2Fv2%2Fproduct_tag&post=823"}],"curies":[{"name":"wp","href":"https:\/\/api.w.org\/{rel}","templated":true}]}}