{"id":831,"date":"2025-05-19T20:04:22","date_gmt":"2025-05-19T18:04:22","guid":{"rendered":"http:\/\/espacedeseaux.com\/?post_type=product&#038;p=831"},"modified":"2025-05-19T20:11:18","modified_gmt":"2025-05-19T18:11:18","slug":"projecteur-profiplane-led-rgb-rgbw","status":"publish","type":"product","link":"https:\/\/www.espacedeseaux.com\/?product=projecteur-profiplane-led-rgb-rgbw","title":{"rendered":"PROJECTEUR PROFIPLANE LED RGB &#8211; RGBW"},"content":{"rendered":"<ul>\n<li>Destin\u00e9 \u00e0 un fonctionnement en eau fra\u00eeche, eau de piscine et eau de mer<\/li>\n<li>Electronique externe dans bo\u00eetier s\u00e9par\u00e9 de commande et de branchement, connexion \u00e9tanche \u00e0 l&rsquo;eau, facile \u00e0 brancher<\/li>\n<li>S\u00e9paration galvanique entre DMX et 24 V c.c.<\/li>\n<li>Dur\u00e9e de vie : 100.000 h\u00b0<\/li>\n<\/ul>\n","protected":false},"excerpt":{"rendered":"<p>Ce projecteur LED color\u00e9 est dot\u00e9 d&rsquo;un bo\u00eetier robuste en acier inoxydable de haute qualit\u00e9, adapt\u00e9 \u00e0 l&rsquo;eau douce, \u00e0 l&rsquo;eau de piscine et \u00e0 l&rsquo;eau de mer. Sa surface plane emp\u00eache l&rsquo;encrassement. Ces projecteurs LED sont dot\u00e9s d&rsquo;un syst\u00e8me de r\u00e9gulation de temp\u00e9rature permettant une installation \u00e0 sec ou humide. La LED haut de gamme \u00e0 temp\u00e9rature contr\u00f4l\u00e9e a une dur\u00e9e de vie allant jusqu&rsquo;\u00e0 100 000 heures*. La luminosit\u00e9 des couleurs de base des projecteurs LED RGB est mesur\u00e9e individuellement. Le driver LED sous-marin Compact \/DMX\/02 assure une luminosit\u00e9 uniforme pour tous les projecteurs du syst\u00e8me, cr\u00e9ant ainsi une combinaison de couleurs homog\u00e8ne<\/p>\n","protected":false},"featured_media":832,"template":"","meta":[],"product_brand":[],"product_cat":[92,90,89,99],"product_tag":[],"class_list":{"0":"post-831","1":"product","2":"type-product","3":"status-publish","4":"has-post-thumbnail","6":"product_cat-eclairage","7":"product_cat-fontaine-musicale","8":"product_cat-fontaines","9":"product_cat-led-rgb","11":"first","12":"instock","13":"shipping-taxable","14":"product-type-simple"},"_links":{"self":[{"href":"https:\/\/www.espacedeseaux.com\/index.php?rest_route=\/wp\/v2\/product\/831","targetHints":{"allow":["GET"]}}],"collection":[{"href":"https:\/\/www.espacedeseaux.com\/index.php?rest_route=\/wp\/v2\/product"}],"about":[{"href":"https:\/\/www.espacedeseaux.com\/index.php?rest_route=\/wp\/v2\/types\/product"}],"wp:featuredmedia":[{"embeddable":true,"href":"https:\/\/www.espacedeseaux.com\/index.php?rest_route=\/wp\/v2\/media\/832"}],"wp:attachment":[{"href":"https:\/\/www.espacedeseaux.com\/index.php?rest_route=%2Fwp%2Fv2%2Fmedia&parent=831"}],"wp:term":[{"taxonomy":"product_brand","embeddable":true,"href":"https:\/\/www.espacedeseaux.com\/index.php?rest_route=%2Fwp%2Fv2%2Fproduct_brand&post=831"},{"taxonomy":"product_cat","embeddable":true,"href":"https:\/\/www.espacedeseaux.com\/index.php?rest_route=%2Fwp%2Fv2%2Fproduct_cat&post=831"},{"taxonomy":"product_tag","embeddable":true,"href":"https:\/\/www.espacedeseaux.com\/index.php?rest_route=%2Fwp%2Fv2%2Fproduct_tag&post=831"}],"curies":[{"name":"wp","href":"https:\/\/api.w.org\/{rel}","templated":true}]}}